{"id":776,"date":"2023-12-06T15:20:35","date_gmt":"2023-12-06T15:20:35","guid":{"rendered":"https:\/\/lavaberg.mda.pl\/guarantee\/"},"modified":"2024-01-09T12:55:23","modified_gmt":"2024-01-09T12:55:23","slug":"gwarancja","status":"publish","type":"page","link":"https:\/\/lavaberg.mda.pl\/pl\/gwarancja\/","title":{"rendered":"Gwarancja"},"content":{"rendered":"\n<ul class=\"has-large-font-size\">\n<li class=\"custom-list has-large-font-size\">1 Postanowienia og\u00f3lne<\/li>\n<\/ul>\n\n\n\n<ol>\n<li>Zatura S.L.U. z siedzib\u0105 w Castellon (Hiszpania), przy Pol\u00edgono Industrial Belcaire, Calle C, Parcela 1201, La Vall D&#8217;Uix\u00f3, 12600 zarejestrowana pod hiszpa\u0144skim numerem fiskalnym (N.I.F.) B-87582201, kt\u00f3ra jest producentem umywalek, brodzik\u00f3w i wanien pod mark\u0105 LAVABERG (zwanych dalej &#8220;Produktami&#8221; lub pojedynczo &#8220;Produktem&#8221;), b\u0119dzie Gwarantem.<\/li>\n\n\n\n<li>Udzielona gwarancja potwierdza, \u017ce Produkt nie ma \u017cadnych wad fizycznych powsta\u0142ych podczas procesu wytwarzania Produkt\u00f3w lub wynikaj\u0105cych z u\u017cycia niew\u0142a\u015bciwych materia\u0142\u00f3w do wytworzenia Produkt\u00f3w, co spowodowa\u0142oby, \u017ce Produkt nie nadawa\u0142by si\u0119 do u\u017cytku zgodnie z przeznaczeniem. W szczeg\u00f3lno\u015bci Gwarant nie ponosi odpowiedzialno\u015bci za wady Produktu powsta\u0142e w wyniku: (i) mechanicznego uszkodzenia Produktu powsta\u0142ego po wydaniu go Klientowi oraz (ii) naturalnego zu\u017cycia Produkt\u00f3w, w tym zadrapa\u0144 powierzchni powsta\u0142ych podczas u\u017cytkowania Produktu.<\/li>\n\n\n\n<li>Zakres odpowiedzialno\u015bci Gwaranta okre\u015blono w \u00a7 1 pkt 3 niniejszej umowy. W ramach niniejszej Gwarancji Gwarant nie ponosi odpowiedzialno\u015bci za szkody wynikaj\u0105ce z wadliwo\u015bci Produktu (tj. szkody materialne Klienta spowodowane przez wadliwy Produkt).<\/li>\n\n\n\n<li>Gwarancja jest wa\u017cna, pod warunkiem \u017ce:<br>a. Produkt zostanie zmontowany zgodnie z zaleceniami Gwaranta zawartymi w instrukcji oraz zgodnie z ustalonymi regu\u0142ami sztuki budowlanej, a tak\u017ce wed\u0142ug odpowiednich norm zharmonizowanych,<br>b. Produkt b\u0119dzie u\u017cywany zgodnie z jego przeznaczeniem;<br>c. Produkt b\u0119dzie u\u017cywany zgodnie z zaleceniami Gwaranta podanymi w instrukcji dodanej do produktu oraz dost\u0119pnej na stronie internetowej www.lavaberg.com<\/li>\n<\/ol>\n\n\n\n<ul>\n<li class=\"custom-list has-large-font-size\">2. Okres i terytorium obowi\u0105zywania Gwarancji<\/li>\n<\/ul>\n\n\n\n<ol>\n<li>Okres obowi\u0105zywania Gwarancji zale\u017cy od grupy produkt\u00f3w dystrybuowanych przez Gwaranta i wynosi:<br>a. 5 lat od dnia wydania Produktu Klientowi &#8211; w przypadku wanien<br>b. 10 lat licz\u0105c od dnia wydania Produktu Klientowi &#8211; dla umywalek i brodzik\u00f3w.<\/li>\n\n\n\n<li>Gwarancja jest wa\u017cna na terytorium kraj\u00f3w Wsp\u00f3lnoty Europejskiej (WE).<\/li>\n<\/ol>\n\n\n\n<ul>\n<li class=\"custom-list has-large-font-size\">3. Usuwanie wad Produkt\u00f3w<\/li>\n<\/ul>\n\n\n\n<ol>\n<li>Szczeg\u00f3\u0142owa procedura rozpatrywania reklamacji jest dost\u0119pna w punkcie zakupu produktu<\/li>\n\n\n\n<li>W ci\u0105gu 14 dni roboczych od dnia prawid\u0142owego z\u0142o\u017cenia reklamacji przez Klienta, Gwarant rozpatrzy reklamacj\u0119 i poinformuje Klienta, czy reklamacja Klienta zosta\u0142a przyj\u0119ta czy odrzucona.<\/li>\n\n\n\n<li>W przypadku uznania reklamacji przez Gwaranta, Gwarant lub podmiot wskazany przez Gwaranta usunie wady uznane przez Gwaranta w terminie 14 dni od dnia powiadomienia Klienta o uznaniu reklamacji lub od dnia up\u0142ywu terminu do poinformowania Klienta o rozpatrzeniu reklamacji. W przypadku sporu, je\u017celi opinia rzeczoznawcy potwierdzi stanowisko Klienta, Gwarant lub podmiot wskazany przez Gwaranta usunie wady reklamowanego Produktu w terminie 14 dni od dnia otrzymania przez Gwaranta opinii rzeczoznawcy.<\/li>\n\n\n\n<li>Wady Produktu mog\u0105 zosta\u0107 usuni\u0119te przez:\u2028<br>a. dostarczenia nowego Produktu przez Gwaranta na koszt Gwaranta; lub<br>b. naprawy reklamowanego Produktu przez Gwaranta na koszt Gwaranta; lub<br>c. zwrot ceny, za kt\u00f3r\u0105 Produkt zosta\u0142 zakupiony przez Klienta od Gwaranta.<\/li>\n\n\n\n<li>Wyb\u00f3r sposobu usuni\u0119cia wady Produktu pozostaje w wy\u0142\u0105cznej gestii Gwaranta<\/li>\n\n\n\n<li>Gwarant nie ponosi koszt\u00f3w odbioru, dostawy i utylizacji reklamowanego Produktu, chyba \u017ce reklamowany Produkt zosta\u0142 wys\u0142any do Gwaranta na jego \u017c\u0105danie w trakcie post\u0119powania reklamacyjnego, a reklamacja zosta\u0142a uznana przez Gwaranta.<\/li>\n<\/ol>\n\n\n\n<ul>\n<li class=\"custom-list has-large-font-size\">4. Postanowienia ko\u0144cowe<\/li>\n<\/ul>\n\n\n\n<ol>\n<li>W sprawach nieuregulowanych w niniejszym Regulaminie zastosowanie maj\u0105 odpowiednie przepisy Kodeksu Cywilnego.<\/li>\n\n\n\n<li>Wszelkie spory powsta\u0142e pomi\u0119dzy Gwarantem a Klientem b\u0119d\u0105 rozstrzygane przez polski s\u0105d powszechny w\u0142a\u015bciwy dla siedziby Gwaranta.<\/li>\n<\/ol>\n\n\n\n<div style=\"height:104px\" aria-hidden=\"true\" class=\"wp-block-spacer\"><\/div>\n","protected":false},"excerpt":{"rendered":"","protected":false},"author":1,"featured_media":0,"parent":0,"menu_order":0,"comment_status":"closed","ping_status":"closed","template":"page-templates\/policy.php","meta":{"footnotes":""},"acf":[],"yoast_head":"<!-- This site is optimized with the Yoast SEO plugin v21.6 - https:\/\/yoast.com\/wordpress\/plugins\/seo\/ -->\n<title>Gwarancja - Lavaberg<\/title>\n<meta name=\"robots\" content=\"noindex, follow, max-snippet:-1, max-image-preview:large, max-video-preview:-1\" \/>\n<meta property=\"og:locale\" content=\"pl_PL\" \/>\n<meta property=\"og:type\" content=\"article\" \/>\n<meta property=\"og:title\" content=\"Gwarancja - Lavaberg\" \/>\n<meta property=\"og:url\" content=\"https:\/\/lavaberg.mda.pl\/pl\/gwarancja\/\" \/>\n<meta property=\"og:site_name\" content=\"Lavaberg\" \/>\n<meta property=\"article:modified_time\" content=\"2024-01-09T12:55:23+00:00\" \/>\n<meta name=\"twitter:card\" content=\"summary_large_image\" \/>\n<meta name=\"twitter:label1\" content=\"Est. reading time\" \/>\n\t<meta name=\"twitter:data1\" content=\"3 minutes\" \/>\n<script type=\"application\/ld+json\" class=\"yoast-schema-graph\">{\"@context\":\"https:\/\/schema.org\",\"@graph\":[{\"@type\":\"WebPage\",\"@id\":\"https:\/\/lavaberg.mda.pl\/pl\/gwarancja\/\",\"url\":\"https:\/\/lavaberg.mda.pl\/pl\/gwarancja\/\",\"name\":\"Gwarancja - Lavaberg\",\"isPartOf\":{\"@id\":\"https:\/\/lavaberg.mda.pl\/pl\/#website\"},\"datePublished\":\"2023-12-06T15:20:35+00:00\",\"dateModified\":\"2024-01-09T12:55:23+00:00\",\"breadcrumb\":{\"@id\":\"https:\/\/lavaberg.mda.pl\/pl\/gwarancja\/#breadcrumb\"},\"inLanguage\":\"pl-PL\",\"potentialAction\":[{\"@type\":\"ReadAction\",\"target\":[\"https:\/\/lavaberg.mda.pl\/pl\/gwarancja\/\"]}]},{\"@type\":\"BreadcrumbList\",\"@id\":\"https:\/\/lavaberg.mda.pl\/pl\/gwarancja\/#breadcrumb\",\"itemListElement\":[{\"@type\":\"ListItem\",\"position\":1,\"name\":\"Home\",\"item\":\"https:\/\/lavaberg.mda.pl\/pl\/\"},{\"@type\":\"ListItem\",\"position\":2,\"name\":\"Gwarancja\"}]},{\"@type\":\"WebSite\",\"@id\":\"https:\/\/lavaberg.mda.pl\/pl\/#website\",\"url\":\"https:\/\/lavaberg.mda.pl\/pl\/\",\"name\":\"Lavaberg\",\"description\":\"\",\"potentialAction\":[{\"@type\":\"SearchAction\",\"target\":{\"@type\":\"EntryPoint\",\"urlTemplate\":\"https:\/\/lavaberg.mda.pl\/pl\/?s={search_term_string}\"},\"query-input\":\"required name=search_term_string\"}],\"inLanguage\":\"pl-PL\"}]}<\/script>\n<!-- \/ Yoast SEO plugin. -->","yoast_head_json":{"title":"Gwarancja - Lavaberg","robots":{"index":"noindex","follow":"follow","max-snippet":"max-snippet:-1","max-image-preview":"max-image-preview:large","max-video-preview":"max-video-preview:-1"},"og_locale":"pl_PL","og_type":"article","og_title":"Gwarancja - Lavaberg","og_url":"https:\/\/lavaberg.mda.pl\/pl\/gwarancja\/","og_site_name":"Lavaberg","article_modified_time":"2024-01-09T12:55:23+00:00","twitter_card":"summary_large_image","twitter_misc":{"Est. reading time":"3 minutes"},"schema":{"@context":"https:\/\/schema.org","@graph":[{"@type":"WebPage","@id":"https:\/\/lavaberg.mda.pl\/pl\/gwarancja\/","url":"https:\/\/lavaberg.mda.pl\/pl\/gwarancja\/","name":"Gwarancja - Lavaberg","isPartOf":{"@id":"https:\/\/lavaberg.mda.pl\/pl\/#website"},"datePublished":"2023-12-06T15:20:35+00:00","dateModified":"2024-01-09T12:55:23+00:00","breadcrumb":{"@id":"https:\/\/lavaberg.mda.pl\/pl\/gwarancja\/#breadcrumb"},"inLanguage":"pl-PL","potentialAction":[{"@type":"ReadAction","target":["https:\/\/lavaberg.mda.pl\/pl\/gwarancja\/"]}]},{"@type":"BreadcrumbList","@id":"https:\/\/lavaberg.mda.pl\/pl\/gwarancja\/#breadcrumb","itemListElement":[{"@type":"ListItem","position":1,"name":"Home","item":"https:\/\/lavaberg.mda.pl\/pl\/"},{"@type":"ListItem","position":2,"name":"Gwarancja"}]},{"@type":"WebSite","@id":"https:\/\/lavaberg.mda.pl\/pl\/#website","url":"https:\/\/lavaberg.mda.pl\/pl\/","name":"Lavaberg","description":"","potentialAction":[{"@type":"SearchAction","target":{"@type":"EntryPoint","urlTemplate":"https:\/\/lavaberg.mda.pl\/pl\/?s={search_term_string}"},"query-input":"required name=search_term_string"}],"inLanguage":"pl-PL"}]}},"_links":{"self":[{"href":"https:\/\/lavaberg.mda.pl\/pl\/wp-json\/wp\/v2\/pages\/776"}],"collection":[{"href":"https:\/\/lavaberg.mda.pl\/pl\/wp-json\/wp\/v2\/pages"}],"about":[{"href":"https:\/\/lavaberg.mda.pl\/pl\/wp-json\/wp\/v2\/types\/page"}],"author":[{"embeddable":true,"href":"https:\/\/lavaberg.mda.pl\/pl\/wp-json\/wp\/v2\/users\/1"}],"replies":[{"embeddable":true,"href":"https:\/\/lavaberg.mda.pl\/pl\/wp-json\/wp\/v2\/comments?post=776"}],"version-history":[{"count":3,"href":"https:\/\/lavaberg.mda.pl\/pl\/wp-json\/wp\/v2\/pages\/776\/revisions"}],"predecessor-version":[{"id":3411,"href":"https:\/\/lavaberg.mda.pl\/pl\/wp-json\/wp\/v2\/pages\/776\/revisions\/3411"}],"wp:attachment":[{"href":"https:\/\/lavaberg.mda.pl\/pl\/wp-json\/wp\/v2\/media?parent=776"}],"curies":[{"name":"wp","href":"https:\/\/api.w.org\/{rel}","templated":true}]}}