{"id":774,"date":"2023-12-06T15:20:53","date_gmt":"2023-12-06T15:20:53","guid":{"rendered":"https:\/\/lavaberg.mda.pl\/cookie-policy\/"},"modified":"2024-01-09T12:27:35","modified_gmt":"2024-01-09T12:27:35","slug":"polityka-cookies","status":"publish","type":"page","link":"https:\/\/lavaberg.mda.pl\/pl\/polityka-cookies\/","title":{"rendered":"Polityka Cookies"},"content":{"rendered":"\n<p>Jako cz\u0119\u015b\u0107 naszych dzia\u0142a\u0144 u\u017cywamy plik\u00f3w cookie w celu prawid\u0142owego renderowania naszej witryny oraz monitorowania i analizowania ruchu na naszej stronie internetowej. U\u017cycie plik\u00f3w cookie regulowane jest przez Dyrektyw\u0119 ePrivacy w po\u0142\u0105czeniu z RODO (RODO). Szczeg\u00f3\u0142owe informacje dotycz\u0105ce zasad przechowywania i dost\u0119pu do informacji na Twoich urz\u0105dzeniach za pomoc\u0105 plik\u00f3w cookie znajdziesz poni\u017cej. Przez &#8220;urz\u0105dzenia&#8221; rozumiemy urz\u0105dzenia elektroniczne, za pomoc\u0105 kt\u00f3rych korzystasz z naszej witryny.<\/p>\n\n\n\n<p>Je\u015bli wyrazisz zgod\u0119 na korzystanie z plik\u00f3w cookie, umo\u017cliwi nam to analiz\u0119 korzystania z naszej witryny. Ponadto mo\u017cemy przeprowadza\u0107 r\u00f3\u017cne dzia\u0142ania marketingowe w oparciu o Twoje interakcje z witryn\u0105, innymi kana\u0142ami marketingowymi i innymi podmiotami trzecimi, takimi jak sieci spo\u0142eczno\u015bciowe.<\/p>\n\n\n\n<ul class=\"has-large-font-size\">\n<li class=\"custom-list has-large-font-size\">1&nbsp;Czym s\u0105 pliki cookie i dlaczego s\u0105 potrzebne<\/li>\n<\/ul>\n\n\n\n<p>Plik cookie sk\u0142ada si\u0119 z klucza i warto\u015bci, jest zarz\u0105dzany przez przegl\u0105dark\u0119 u\u017cytkownika, cz\u0119sto przechowywany w bazie danych. Pliki cookie pomagaj\u0105 rozpoznawa\u0107 u\u017cytkownik\u00f3w podczas sesji, zapewniaj\u0105c na przyk\u0142ad funkcjonalno\u015b\u0107 sklepu. Mog\u0105 r\u00f3wnie\u017c zwi\u0119ksza\u0107 bezpiecze\u0144stwo strony internetowej. Pliki cookie mog\u0105 r\u00f3wnie\u017c pe\u0142ni\u0107 funkcje analityczne.<\/p>\n\n\n\n<p>Niekt\u00f3re pliki cookie s\u0105 zatem niezb\u0119dne dla witryny, podczas gdy inne s\u0105 nieistotne (funkcjonalne, statystyczne, marketingowe). Pliki cookie niezb\u0119dne nie wymagaj\u0105 wcze\u015bniejszej zgody osoby, kt\u00f3rej dane dotycz\u0105, podczas gdy pliki cookie nieistotne mog\u0105 by\u0107 u\u017cywane tylko za zgod\u0105 osoby, kt\u00f3rej dane dotycz\u0105, zgodnie z RODO i dyrektyw\u0105 ePrivacy.<\/p>\n\n\n\n<p>Strona internetowa mo\u017ce by\u0107 prawid\u0142owo wy\u015bwietlana bez plik\u00f3w cookie niezb\u0119dnych, ale poszczeg\u00f3lne obszary mog\u0105 nie funkcjonowa\u0107 poprawnie. Pliki cookie niezb\u0119dne umo\u017cliwiaj\u0105 podstawowe funkcje naszej witryny i zapewniaj\u0105 jej bezpiecze\u0144stwo. Pliki cookie niezb\u0119dne mo\u017cna jedynie zablokowa\u0107 za pomoc\u0105 odpowiednich ustawie\u0144 w przegl\u0105darce. Pliki cookie sesji s\u0105 u\u017cywane tylko podczas Twojej sesji. S\u0105 przechowywane na Twoim urz\u0105dzeniu do momentu zako\u0144czenia sesji przegl\u0105darki. Po zako\u0144czeniu sesji s\u0105 trwale usuwane z pami\u0119ci Twojego urz\u0105dzenia.<\/p>\n\n\n\n<p>Pliki cookie nieistotne, kt\u00f3re u\u017cywamy, s\u0142u\u017c\u0105 celom analitycznym i funkcjonalnym, przechowywane s\u0105 na Twoim urz\u0105dzeniu przez okre\u015blony okres przechowywania. Pozostaj\u0105 na Twoim urz\u0105dzeniu do momentu zako\u0144czenia okresu przechowywania. Te pliki cookie nie s\u0105 usuwane z Twojego urz\u0105dzenia po zako\u0144czeniu sesji przegl\u0105darki ani po wy\u0142\u0105czeniu urz\u0105dzenia. Mo\u017cesz r\u0119cznie usun\u0105\u0107 te pliki cookie za pomoc\u0105 ustawie\u0144 prywatno\u015bci danych w swojej przegl\u0105darce.<\/p>\n\n\n\n<p>Pliki cookie mo\u017cna r\u00f3wnie\u017c rozr\u00f3\u017cni\u0107 przez to, czy s\u0105 kontrolowane przez administratora witryny (tzw. pliki cookie pierwszej strony) czy przez stron\u0119 trzeci\u0105 (tzw. pliki cookie stron trzecich). Pliki cookie pierwszej strony s\u0105 zarz\u0105dzane przez witryn\u0119, do kt\u00f3rej aktualnie uzyskujemy dost\u0119p, i mog\u0105 by\u0107 odczytywane tylko przez t\u0119 witryn\u0119. Pliki cookie stron trzecich s\u0105 natomiast zarz\u0105dzane przez strony trzecie. Stron\u0105 trzeci\u0105 jest dostawca narz\u0119dzia. Gdy takie narz\u0119dzie stron trzecich jest \u0142adowane, przegl\u0105darka dodaje wszystkie pliki cookie, kt\u00f3re ma przechowywane w tym samym domenie co narz\u0119dzie, do pobierania. Plik cookie stron trzecich mo\u017ce by\u0107 generowany tylko na serwerze, z kt\u00f3rego pobierany jest plik.<\/p>\n\n\n\n<ul>\n<li class=\"custom-list has-large-font-size\">2 Do czego u\u017cywamy plik\u00f3w cookie<\/li>\n<\/ul>\n\n\n\n<p>Domy\u015blnie u\u017cywamy tylko plik\u00f3w cookie niezb\u0119dnych. W szczeg\u00f3lno\u015bci stosujemy pliki cookie w celu:<\/p>\n\n\n\n<ul>\n<li>Dostosowywania tre\u015bci naszej witryny do preferencji u\u017cytkownik\u00f3w,<\/li>\n\n\n\n<li>Zapewniania maksymalnej funkcjonalno\u015bci naszej witryny i, co za tym idzie, optymalizacji jej u\u017cytkowania,<\/li>\n\n\n\n<li>Zapami\u0119tywania historii odwiedzonych stron na naszej witrynie, aby\u015bmy mogli zaleca\u0107 odpowiednie tre\u015bci,<\/li>\n\n\n\n<li>Zapami\u0119tywania wybranych ustawie\u0144 i personalizowania interfejsu (np. wybrany j\u0119zyk lub region),<\/li>\n\n\n\n<li>Rozpoznawania podstawowych parametr\u00f3w Twojego urz\u0105dzenia w celu prawid\u0142owego wy\u015bwietlania naszej witryny,<\/li>\n\n\n\n<li>Weryfikowania \u017ar\u00f3de\u0142 przekierowa\u0144 u\u017cytkownik\u00f3w do naszej witryny,<\/li>\n\n\n\n<li>Dostarczania informacji zwi\u0105zanych z Twoim po\u0142o\u017ceniem,<\/li>\n\n\n\n<li>Tworzenia statystyk (anonimowych) w celu poprawy naszej witryny,<\/li>\n\n\n\n<li>Zapewniania bezpiecze\u0144stwa i niezawodno\u015bci naszej witryny,<\/li>\n\n\n\n<li>Realizacji cel\u00f3w marketingowych.<\/li>\n<\/ul>\n\n\n\n<p><\/p>\n\n\n\n<ul>\n<li class=\"custom-list has-large-font-size\">3 Pliki cookie, kt\u00f3rych u\u017cywamy na naszej stronie internetowej<\/li>\n<\/ul>\n\n\n\n<p>Poni\u017csza tabela zawiera informacje o plikach cookie, kt\u00f3rych obecnie u\u017cywamy na naszej stronie internetowej:<\/p>\n\n\n\n<figure class=\"wp-block-table\"><table><tbody><tr><td><strong>Nazwa pliku cookie<\/strong><\/td><td><strong>Rodzaj<\/strong><\/td><td><strong>Cel<\/strong><\/td><td><strong>Wyga\u015bni\u0119cie<\/strong><\/td><td><strong>Domena<\/strong><\/td><\/tr><tr><td>_ga<\/td><td>Nieistotny<\/td><td>Do obliczania danych dotycz\u0105cych odwiedzaj\u0105cych, sesji i kampanii oraz \u015bledzenia u\u017cytkowania witryny w celu tworzenia raportu analityki witryny. Plik cookie przechowuje informacje anonimowo i przypisuje losowo generowany numer w celu rozpoznania unikalnych odwiedzaj\u0105cych.<\/td><td>13 mies.<\/td><td><br>.lavaberg.com<\/td><\/tr><tr><td>_gat_gtag_UA_*<\/td><td>Nieistotny<\/td><td>Do rozpoznawania u\u017cytkownik\u00f3w.<\/td><td>1 min.<\/td><td><br>.lavaberg.com<\/td><\/tr><tr><td>_gid<\/td><td>Nieistotny<\/td><td>Do przechowywania informacji o tym, w jaki spos\u00f3b odwiedzaj\u0105cy korzystaj\u0105 z witryny i tworzenia raportu analityki dotycz\u0105cego wydajno\u015bci witryny. Dane zbierane obejmuj\u0105 liczb\u0119 odwiedzaj\u0105cych, ich \u017ar\u00f3d\u0142o i odwiedzane anonimowo strony.<\/td><td>1 dz.<\/td><td><br>.lavaberg.com<\/td><\/tr><tr><td>cookie_notice_accepted<\/td><td>Istotny<\/td><td>Do zapisywania zgody osoby, kt\u00f3rej dane dotycz\u0105.<\/td><td>1 min.<\/td><td><br>.lavaberg.com<\/td><\/tr><tr><td>PHPSESSID<\/td><td>Istotny<\/td><td>Do przechowywania unikalnego identyfikatora sesji u\u017cytkownika w celu identyfikacji, aby zarz\u0105dza\u0107 sesj\u0105 u\u017cytkownika..<\/td><td>2 godz<\/td><td><br>.lavaberg.com<\/td><\/tr><tr><td>wp-wpml_current_lang<\/td><td>Istotny<\/td><td>Plik cookie do zapami\u0119tywania ustawienia j\u0119zyka.<\/td><td>sesja<\/td><td><br>.lavaberg.com<\/td><\/tr><\/tbody><\/table><\/figure>\n\n\n\n<ul>\n<li class=\"custom-list has-large-font-size\">4 Bezpiecze\u0144stwo Twoich urz\u0105dze\u0144<\/li>\n<\/ul>\n\n\n\n<p>Pliki cookie, kt\u00f3rych u\u017cywamy, s\u0105 bezpieczne dla Twoich urz\u0105dze\u0144. Niemo\u017cliwe jest dostarczenie wirus\u00f3w lub innych niechcianych lub z\u0142o\u015bliwych oprogramowa\u0144 na Twoje urz\u0105dzenia za po\u015brednictwem plik\u00f3w cookie.<\/p>\n\n\n\n<ul>\n<li class=\"custom-list has-large-font-size\">5 Ustawienia\/Usuwanie plik\u00f3w cookie w przegl\u0105darce<\/li>\n<\/ul>\n\n\n\n<p>Mo\u017cesz dostosowa\u0107 ustawienia w swojej przegl\u0105darce tak, aby informowa\u0142a Ci\u0119, gdy plik cookie jest wysy\u0142any, lub aby blokowa\u0142a pliki cookie.<br>Szczeg\u00f3\u0142owe informacje dotycz\u0105ce wy\u0142\u0105czania plik\u00f3w cookie znajdziesz w ustawieniach oprogramowania (przegl\u0105darki internetowej). Mo\u017cesz wprowadza\u0107 zmiany w plikach cookie w dowolnym momencie. Mo\u017cesz r\u00f3wnie\u017c usuwa\u0107 pliki cookie z urz\u0105dzenia w dowolnym momencie.<br>Poni\u017cej znajdziesz linki wskazuj\u0105ce, jak wy\u0142\u0105czy\u0107 pliki cookie w najpopularniejszych przegl\u0105darkach internetowych:<\/p>\n\n\n\n<ul>\n<li>Google Chrome &#8211;  <a href=\"https:\/\/support.google.com\/accounts\/answer\/61416?hl=en&amp;co=GENIE.Platform%3DDesktop\">wy\u0142\u0105czanie plik\u00f3w cookie w Chrome<\/a><\/li>\n\n\n\n<li>Mozilla Firefox \u2013  <a href=\"http:\/\/support.google.com\/chrome\/bin\/answer.py?hl=pl&amp;&amp;answer=95647\">wy\u0142\u0105czanie plik\u00f3w cookie w Firefoxie<\/a><\/li>\n\n\n\n<li>Internet Explorer \u2013  <a href=\"http:\/\/windows.microsoft.com\/pl-pl\/windows7\/block-enable-or-allow-cookies\">wy\u0142\u0105czanie plik\u00f3w cookie w IE<\/a><\/li>\n<\/ul>\n\n\n\n<p>Ograniczenie stosowania plik\u00f3w cookies mo\u017ce jednak wp\u0142yn\u0105\u0107 na niekt\u00f3re funkcjonalno\u015bci dost\u0119pne na naszej stronie internetowej.<\/p>\n\n\n\n<ul>\n<li class=\"custom-list has-large-font-size\">6 Zarz\u0105dzanie zgod\u0105<\/li>\n<\/ul>\n\n\n\n<p>Mo\u017cesz zarz\u0105dza\u0107 preferencjami dotycz\u0105cymi plik\u00f3w cookie na naszej stronie internetowej, w tym odwo\u0142ywa\u0107 udzielon\u0105 nam ju\u017c zgod\u0119, za po\u015brednictwem naszego bannera zgodno\u015bci z plikami cookie.<\/p>\n\n\n\n<div style=\"height:104px\" aria-hidden=\"true\" class=\"wp-block-spacer\"><\/div>\n","protected":false},"excerpt":{"rendered":"<p>Jako cz\u0119\u015b\u0107 naszych dzia\u0142a\u0144 u\u017cywamy plik\u00f3w cookie w celu prawid\u0142owego renderowania naszej witryny oraz monitorowania i analizowania ruchu na naszej stronie internetowej. U\u017cycie plik\u00f3w cookie regulowane jest przez Dyrektyw\u0119 ePrivacy w po\u0142\u0105czeniu z RODO (RODO). Szczeg\u00f3\u0142owe informacje dotycz\u0105ce zasad przechowywania i dost\u0119pu do informacji na Twoich urz\u0105dzeniach za pomoc\u0105 plik\u00f3w cookie znajdziesz poni\u017cej. Przez &#8220;urz\u0105dzenia&#8221; [&hellip;]<\/p>\n","protected":false},"author":1,"featured_media":0,"parent":0,"menu_order":0,"comment_status":"closed","ping_status":"closed","template":"page-templates\/policy.php","meta":{"footnotes":""},"acf":[],"yoast_head":"<!-- This site is optimized with the Yoast SEO plugin v21.6 - https:\/\/yoast.com\/wordpress\/plugins\/seo\/ -->\n<title>Polityka Cookies - Lavaberg<\/title>\n<meta name=\"robots\" content=\"noindex, follow, max-snippet:-1, max-image-preview:large, max-video-preview:-1\" \/>\n<meta property=\"og:locale\" content=\"pl_PL\" \/>\n<meta property=\"og:type\" content=\"article\" \/>\n<meta property=\"og:title\" content=\"Polityka Cookies - Lavaberg\" \/>\n<meta property=\"og:description\" content=\"Jako cz\u0119\u015b\u0107 naszych dzia\u0142a\u0144 u\u017cywamy plik\u00f3w cookie w celu prawid\u0142owego renderowania naszej witryny oraz monitorowania i analizowania ruchu na naszej stronie internetowej. U\u017cycie plik\u00f3w cookie regulowane jest przez Dyrektyw\u0119 ePrivacy w po\u0142\u0105czeniu z RODO (RODO). Szczeg\u00f3\u0142owe informacje dotycz\u0105ce zasad przechowywania i dost\u0119pu do informacji na Twoich urz\u0105dzeniach za pomoc\u0105 plik\u00f3w cookie znajdziesz poni\u017cej. Przez &#8220;urz\u0105dzenia&#8221; [&hellip;]\" \/>\n<meta property=\"og:url\" content=\"https:\/\/lavaberg.mda.pl\/pl\/polityka-cookies\/\" \/>\n<meta property=\"og:site_name\" content=\"Lavaberg\" \/>\n<meta property=\"article:modified_time\" content=\"2024-01-09T12:27:35+00:00\" \/>\n<meta name=\"twitter:card\" content=\"summary_large_image\" \/>\n<meta name=\"twitter:label1\" content=\"Est. reading time\" \/>\n\t<meta name=\"twitter:data1\" content=\"4 minutes\" \/>\n<script type=\"application\/ld+json\" class=\"yoast-schema-graph\">{\"@context\":\"https:\/\/schema.org\",\"@graph\":[{\"@type\":\"WebPage\",\"@id\":\"https:\/\/lavaberg.mda.pl\/pl\/polityka-cookies\/\",\"url\":\"https:\/\/lavaberg.mda.pl\/pl\/polityka-cookies\/\",\"name\":\"Polityka Cookies - Lavaberg\",\"isPartOf\":{\"@id\":\"https:\/\/lavaberg.mda.pl\/pl\/#website\"},\"datePublished\":\"2023-12-06T15:20:53+00:00\",\"dateModified\":\"2024-01-09T12:27:35+00:00\",\"breadcrumb\":{\"@id\":\"https:\/\/lavaberg.mda.pl\/pl\/polityka-cookies\/#breadcrumb\"},\"inLanguage\":\"pl-PL\",\"potentialAction\":[{\"@type\":\"ReadAction\",\"target\":[\"https:\/\/lavaberg.mda.pl\/pl\/polityka-cookies\/\"]}]},{\"@type\":\"BreadcrumbList\",\"@id\":\"https:\/\/lavaberg.mda.pl\/pl\/polityka-cookies\/#breadcrumb\",\"itemListElement\":[{\"@type\":\"ListItem\",\"position\":1,\"name\":\"Home\",\"item\":\"https:\/\/lavaberg.mda.pl\/pl\/\"},{\"@type\":\"ListItem\",\"position\":2,\"name\":\"Polityka Cookies\"}]},{\"@type\":\"WebSite\",\"@id\":\"https:\/\/lavaberg.mda.pl\/pl\/#website\",\"url\":\"https:\/\/lavaberg.mda.pl\/pl\/\",\"name\":\"Lavaberg\",\"description\":\"\",\"potentialAction\":[{\"@type\":\"SearchAction\",\"target\":{\"@type\":\"EntryPoint\",\"urlTemplate\":\"https:\/\/lavaberg.mda.pl\/pl\/?s={search_term_string}\"},\"query-input\":\"required name=search_term_string\"}],\"inLanguage\":\"pl-PL\"}]}<\/script>\n<!-- \/ Yoast SEO plugin. -->","yoast_head_json":{"title":"Polityka Cookies - Lavaberg","robots":{"index":"noindex","follow":"follow","max-snippet":"max-snippet:-1","max-image-preview":"max-image-preview:large","max-video-preview":"max-video-preview:-1"},"og_locale":"pl_PL","og_type":"article","og_title":"Polityka Cookies - Lavaberg","og_description":"Jako cz\u0119\u015b\u0107 naszych dzia\u0142a\u0144 u\u017cywamy plik\u00f3w cookie w celu prawid\u0142owego renderowania naszej witryny oraz monitorowania i analizowania ruchu na naszej stronie internetowej. U\u017cycie plik\u00f3w cookie regulowane jest przez Dyrektyw\u0119 ePrivacy w po\u0142\u0105czeniu z RODO (RODO). Szczeg\u00f3\u0142owe informacje dotycz\u0105ce zasad przechowywania i dost\u0119pu do informacji na Twoich urz\u0105dzeniach za pomoc\u0105 plik\u00f3w cookie znajdziesz poni\u017cej. Przez &#8220;urz\u0105dzenia&#8221; [&hellip;]","og_url":"https:\/\/lavaberg.mda.pl\/pl\/polityka-cookies\/","og_site_name":"Lavaberg","article_modified_time":"2024-01-09T12:27:35+00:00","twitter_card":"summary_large_image","twitter_misc":{"Est. reading time":"4 minutes"},"schema":{"@context":"https:\/\/schema.org","@graph":[{"@type":"WebPage","@id":"https:\/\/lavaberg.mda.pl\/pl\/polityka-cookies\/","url":"https:\/\/lavaberg.mda.pl\/pl\/polityka-cookies\/","name":"Polityka Cookies - Lavaberg","isPartOf":{"@id":"https:\/\/lavaberg.mda.pl\/pl\/#website"},"datePublished":"2023-12-06T15:20:53+00:00","dateModified":"2024-01-09T12:27:35+00:00","breadcrumb":{"@id":"https:\/\/lavaberg.mda.pl\/pl\/polityka-cookies\/#breadcrumb"},"inLanguage":"pl-PL","potentialAction":[{"@type":"ReadAction","target":["https:\/\/lavaberg.mda.pl\/pl\/polityka-cookies\/"]}]},{"@type":"BreadcrumbList","@id":"https:\/\/lavaberg.mda.pl\/pl\/polityka-cookies\/#breadcrumb","itemListElement":[{"@type":"ListItem","position":1,"name":"Home","item":"https:\/\/lavaberg.mda.pl\/pl\/"},{"@type":"ListItem","position":2,"name":"Polityka Cookies"}]},{"@type":"WebSite","@id":"https:\/\/lavaberg.mda.pl\/pl\/#website","url":"https:\/\/lavaberg.mda.pl\/pl\/","name":"Lavaberg","description":"","potentialAction":[{"@type":"SearchAction","target":{"@type":"EntryPoint","urlTemplate":"https:\/\/lavaberg.mda.pl\/pl\/?s={search_term_string}"},"query-input":"required name=search_term_string"}],"inLanguage":"pl-PL"}]}},"_links":{"self":[{"href":"https:\/\/lavaberg.mda.pl\/pl\/wp-json\/wp\/v2\/pages\/774"}],"collection":[{"href":"https:\/\/lavaberg.mda.pl\/pl\/wp-json\/wp\/v2\/pages"}],"about":[{"href":"https:\/\/lavaberg.mda.pl\/pl\/wp-json\/wp\/v2\/types\/page"}],"author":[{"embeddable":true,"href":"https:\/\/lavaberg.mda.pl\/pl\/wp-json\/wp\/v2\/users\/1"}],"replies":[{"embeddable":true,"href":"https:\/\/lavaberg.mda.pl\/pl\/wp-json\/wp\/v2\/comments?post=774"}],"version-history":[{"count":3,"href":"https:\/\/lavaberg.mda.pl\/pl\/wp-json\/wp\/v2\/pages\/774\/revisions"}],"predecessor-version":[{"id":3399,"href":"https:\/\/lavaberg.mda.pl\/pl\/wp-json\/wp\/v2\/pages\/774\/revisions\/3399"}],"wp:attachment":[{"href":"https:\/\/lavaberg.mda.pl\/pl\/wp-json\/wp\/v2\/media?parent=774"}],"curies":[{"name":"wp","href":"https:\/\/api.w.org\/{rel}","templated":true}]}}