{"id":734,"date":"2023-12-04T07:33:27","date_gmt":"2023-12-04T07:33:27","guid":{"rendered":"https:\/\/lavaberg.mda.pl\/contact\/"},"modified":"2024-01-11T08:39:29","modified_gmt":"2024-01-11T08:39:29","slug":"kontakt","status":"publish","type":"page","link":"https:\/\/lavaberg.mda.pl\/pl\/kontakt\/","title":{"rendered":"Kontakt"},"content":{"rendered":"\n<div class=\"section contact-form\">\n            <div class=\"contact-form__title\">\n            <h1>\n                Skontaktuj si\u0119\u00a0z nami            <\/h1>\n        <\/div>\n                <div class=\"contact-form__description\">\n            <p>Aby si\u0119 z nami skontaktowa\u0107, wype\u0142nij poni\u017cszy formularz. Przetworzymy Twoj\u0105 pro\u015bb\u0119 tak szybko, jak to mo\u017cliwe. Dzi\u0119kujemy.<\/p>\n        <\/div>\n        \n<form id=\"cf_submit_form_1438\" class=\"js-cf-form row justify-content-between form load-component\" action=\"https:\/\/lavaberg.mda.pl\/wp\/wp-admin\/admin-post.php\" method=\"post\">\n    <div class=\"col-24\">\n        <input type=\"hidden\" name=\"action\" value=\"cf_submit_form\">\n        <input type=\"hidden\" name=\"form_id\" value=\"1438\"\/>\n        <input type=\"hidden\" id=\"nonce_cf_submit_form_contact\" name=\"nonce_cf_submit_form_contact\" value=\"7f53510ed0\" \/><input type=\"hidden\" name=\"_wp_http_referer\" value=\"\/pl\/wp-json\/wp\/v2\/pages\/734\" \/>    <\/div>\n    <div class=\"col-24 col-md-12\">\n        <div class=\"form__input\">\n                    <div class=\"input js-floating-label js-clear-input\">\n        <input type=\"text\" class=\"input__text\" name=\"name\">\n        <label class=\"input__inner-label\">Imi\u0119 <span class=\"required\">*<\/span><\/label>\n        <span class=\"clear-input__button js-clear-input-button\" data-value=\"\"><\/span>\n    <\/div>\n        <\/div>\n    <\/div>\n    <div class=\"col-24 col-md-12\">\n        <div class=\"form__input\">\n                    <div class=\"input js-floating-label js-clear-input\">\n        <input type=\"text\" class=\"input__text\" name=\"surname\">\n        <label class=\"input__inner-label\">Nazwisko <span class=\"required\">*<\/span><\/label>\n        <span class=\"clear-input__button js-clear-input-button\" data-value=\"\"><\/span>\n    <\/div>\n        <\/div>\n    <\/div>\n    <div class=\"col-24 col-md-12\">\n        <div class=\"form__input\">\n                    <div class=\"input js-floating-label js-clear-input\">\n        <input type=\"email\" class=\"input__text\" name=\"email\">\n        <label class=\"input__inner-label\">Adres e-mail <span class=\"required\">*<\/span><\/label>\n        <span class=\"clear-input__button js-clear-input-button\" data-value=\"\"><\/span>\n    <\/div>\n        <\/div>\n    <\/div>\n    <div class=\"col-24 col-md-12\">\n        <div class=\"form__input\">\n                    <div class=\"input js-floating-label js-clear-input\">\n        <input type=\"tel\" class=\"input__text\" name=\"phone\">\n        <label class=\"input__inner-label\">Telefon <span class=\"required\">*<\/span><\/label>\n        <span class=\"clear-input__button js-clear-input-button\" data-value=\"\"><\/span>\n    <\/div>\n        <\/div>\n    <\/div>\n    <div class=\"col-24\">\n        <div class=\"form__input\">\n                <div class=\"input js-floating-label\">\n        <textarea class=\"input__text -textarea\" name=\"message\" rows=\"15\"><\/textarea>\n        <label class=\"input__inner-label\">Wiadomo\u015b\u0107 <span class=\"required\">*<\/span><\/label>\n    <\/div>\n\n        <\/div>\n    <\/div>\n    <div class=\"col-24\">\n        <div class=\"form__input\">\n                    <\/div>\n    <\/div>\n            <div class=\"form__consent-wrapper\">\n            <h5 class=\"form__consent-heading\">Zgoda na przetwarzanie danych osobowych<\/h5>\n            <div class=\"form__consent-description typo-16 color-grey-100\"><p>Przetwarzamy dane osobowe przes\u0142ane za po\u015brednictwem tego formularza w celu przetworzenia wiadomo\u015bci, zarz\u0105dzania zapytaniem lub rozpatrzenia zg\u0142oszonego roszczenia. Wi\u0119cej informacji, w tym o przys\u0142uguj\u0105cych prawach, mo\u017cna znale\u017a\u0107 w naszej <a href=\"https:\/\/lavaberg.mda.pl\/pl\/polityka-prywatnosci\/\">polityce prywatno\u015bci<\/a>.<\/p>\n<\/div>\n        <\/div>\n                <div class=\"form__consent-wrapper\">\n            <h5 class=\"form__consent-heading\">Zgoda na otrzymywanie informacji handlowych drog\u0105 elektroniczn\u0105<\/h5>\n            <p class=\"form__consent-info typo-16 color-background-accent\">Informujemy, \u017ce udzielona przez Ciebie zgoda mo\u017ce zosta\u0107 w ka\u017cdej chwili cofni\u0119ta.<\/p>\n            <div class=\"form__consent-description typo-16 color-grey-100\"><p>Przetwarzamy Twoje dane osobowe, w szczeg\u00f3lno\u015bci Tw\u00f3j adres e-mail, w celu wysy\u0142ania Ci naszego newslettera. Mo\u017cesz w ka\u017cdej chwili wycofa\u0107 swoj\u0105 zgod\u0119 na przysz\u0142o\u015b\u0107, rezygnuj\u0105c z subskrypcji listy za pomoc\u0105 linku w biuletynie lub wysy\u0142aj\u0105c nam nieformaln\u0105 wiadomo\u015b\u0107. Prosimy o zapoznanie si\u0119 z dodatkowymi informacjami, w tym Twoimi prawami, w naszej <a href=\"https:\/\/lavaberg.mda.pl\/pl\/polityka-prywatnosci\/\">polityce prywatno\u015bci<\/a>.<\/p>\n<\/div>\n            <div class=\"form__consent-radios-wrapper\">\n                <div class=\"products-filters__checkbox form__consent-radio\">\n                    <input type=\"radio\" class=\"products-filters__checkbox-input -circle\" name=\"email-consent\" value=\"yes\" id=\"email-yes\" checked required> \n                    <label for=\"email-yes\" class=\"products-filters__checkbox-label js-clear-radio\">Tak<\/label>\n                <\/div>\n                <div class=\"products-filters__checkbox\">\n                    <input type=\"radio\" class=\"products-filters__checkbox-input -circle\" name=\"email-consent\" value=\"no\" id=\"email-no\" required> \n                    <label for=\"email-no\" class=\"products-filters__checkbox-label js-clear-radio\">Nie<\/label>\n                <\/div>\n            <\/div>\n        <\/div>\n                            <div class=\"form__consent-wrapper\">\n                <h5 class=\"form__consent-heading\">Zgoda na otrzymywanie informacji handlowych drog\u0105 telefoniczn\u0105<\/h5>\n                <p class=\"form__consent-info typo-16 color-background-accent\">Informujemy, \u017ce udzielona przez Ciebie zgoda mo\u017ce zosta\u0107 w ka\u017cdej chwili cofni\u0119ta.<\/p>\n            <div class=\"form__consent-description typo-16 color-grey-100\"><p>Przetwarzamy Twoje dane osobowe przes\u0142ane za pomoc\u0105 tego formularza w celu przetworzenia Twojej wiadomo\u015bci, zarz\u0105dzania zapytaniem lub przetworzenia zg\u0142oszonego roszczenia. Prosimy o zapoznanie si\u0119 z dodatkowymi informacjami, w tym Twoimi prawami, w naszej <a href=\"https:\/\/lavaberg.mda.pl\/pl\/polityka-prywatnosci\/\">polityce prywatno\u015bci<\/a>.<\/p>\n<\/div>\n            <div class=\"form__consent-radios-wrapper\">\n                <div class=\"products-filters__checkbox form__consent-radio\">\n                    <input type=\"radio\" class=\"products-filters__checkbox-input -circle\" name=\"phone-consent\" value=\"yes\" id=\"phone-yes\" checked required> \n                    <label for=\"phone-yes\" class=\"products-filters__checkbox-label js-clear-radio\">Tak<\/label>\n                <\/div>\n                <div class=\"products-filters__checkbox\">\n                    <input type=\"radio\" class=\"products-filters__checkbox-input -circle\" name=\"phone-consent\" value=\"no\" id=\"phone-no\" required> \n                    <label for=\"phone-no\" class=\"products-filters__checkbox-label js-clear-radio\">Nie<\/label>\n                <\/div>\n            <\/div>\n        <\/div>\n        <div class=\"col-md-24 form__end\">\n        <span>\n            <b>*<\/b>wymagane        <\/span>\n        <button class=\"button -full\">Wy\u015blij wiadomo\u015b\u0107<\/button>\n    <\/div>\n<\/form>        \n    <\/div>","protected":false},"excerpt":{"rendered":"","protected":false},"author":1,"featured_media":262,"parent":0,"menu_order":0,"comment_status":"closed","ping_status":"closed","template":"page-templates\/contact.php","meta":{"footnotes":""},"acf":[],"yoast_head":"<!-- This site is optimized with the Yoast SEO plugin v21.6 - https:\/\/yoast.com\/wordpress\/plugins\/seo\/ -->\n<title>Kontakt - Lavaberg<\/title>\n<meta name=\"robots\" content=\"noindex, follow, max-snippet:-1, max-image-preview:large, max-video-preview:-1\" \/>\n<meta property=\"og:locale\" content=\"pl_PL\" \/>\n<meta property=\"og:type\" content=\"article\" \/>\n<meta property=\"og:title\" content=\"Kontakt - Lavaberg\" \/>\n<meta property=\"og:url\" content=\"https:\/\/lavaberg.mda.pl\/pl\/kontakt\/\" \/>\n<meta property=\"og:site_name\" content=\"Lavaberg\" \/>\n<meta property=\"article:modified_time\" content=\"2024-01-11T08:39:29+00:00\" \/>\n<meta property=\"og:image\" content=\"https:\/\/lavaberg.mda.pl\/app\/uploads\/2023\/12\/Stocksy_txp7a4e8a88oEn200_Large_1434244-4.png\" \/>\n\t<meta property=\"og:image:width\" content=\"704\" \/>\n\t<meta property=\"og:image:height\" content=\"682\" \/>\n\t<meta property=\"og:image:type\" content=\"image\/png\" \/>\n<meta name=\"twitter:card\" content=\"summary_large_image\" \/>\n<script type=\"application\/ld+json\" class=\"yoast-schema-graph\">{\"@context\":\"https:\/\/schema.org\",\"@graph\":[{\"@type\":\"WebPage\",\"@id\":\"https:\/\/lavaberg.mda.pl\/pl\/kontakt\/\",\"url\":\"https:\/\/lavaberg.mda.pl\/pl\/kontakt\/\",\"name\":\"Kontakt - Lavaberg\",\"isPartOf\":{\"@id\":\"https:\/\/lavaberg.mda.pl\/pl\/#website\"},\"datePublished\":\"2023-12-04T07:33:27+00:00\",\"dateModified\":\"2024-01-11T08:39:29+00:00\",\"breadcrumb\":{\"@id\":\"https:\/\/lavaberg.mda.pl\/pl\/kontakt\/#breadcrumb\"},\"inLanguage\":\"pl-PL\",\"potentialAction\":[{\"@type\":\"ReadAction\",\"target\":[\"https:\/\/lavaberg.mda.pl\/pl\/kontakt\/\"]}]},{\"@type\":\"BreadcrumbList\",\"@id\":\"https:\/\/lavaberg.mda.pl\/pl\/kontakt\/#breadcrumb\",\"itemListElement\":[{\"@type\":\"ListItem\",\"position\":1,\"name\":\"Home\",\"item\":\"https:\/\/lavaberg.mda.pl\/pl\/\"},{\"@type\":\"ListItem\",\"position\":2,\"name\":\"Kontakt\"}]},{\"@type\":\"WebSite\",\"@id\":\"https:\/\/lavaberg.mda.pl\/pl\/#website\",\"url\":\"https:\/\/lavaberg.mda.pl\/pl\/\",\"name\":\"Lavaberg\",\"description\":\"\",\"potentialAction\":[{\"@type\":\"SearchAction\",\"target\":{\"@type\":\"EntryPoint\",\"urlTemplate\":\"https:\/\/lavaberg.mda.pl\/pl\/?s={search_term_string}\"},\"query-input\":\"required name=search_term_string\"}],\"inLanguage\":\"pl-PL\"}]}<\/script>\n<!-- \/ Yoast SEO plugin. -->","yoast_head_json":{"title":"Kontakt - Lavaberg","robots":{"index":"noindex","follow":"follow","max-snippet":"max-snippet:-1","max-image-preview":"max-image-preview:large","max-video-preview":"max-video-preview:-1"},"og_locale":"pl_PL","og_type":"article","og_title":"Kontakt - Lavaberg","og_url":"https:\/\/lavaberg.mda.pl\/pl\/kontakt\/","og_site_name":"Lavaberg","article_modified_time":"2024-01-11T08:39:29+00:00","og_image":[{"width":704,"height":682,"url":"https:\/\/lavaberg.mda.pl\/app\/uploads\/2023\/12\/Stocksy_txp7a4e8a88oEn200_Large_1434244-4.png","type":"image\/png"}],"twitter_card":"summary_large_image","schema":{"@context":"https:\/\/schema.org","@graph":[{"@type":"WebPage","@id":"https:\/\/lavaberg.mda.pl\/pl\/kontakt\/","url":"https:\/\/lavaberg.mda.pl\/pl\/kontakt\/","name":"Kontakt - Lavaberg","isPartOf":{"@id":"https:\/\/lavaberg.mda.pl\/pl\/#website"},"datePublished":"2023-12-04T07:33:27+00:00","dateModified":"2024-01-11T08:39:29+00:00","breadcrumb":{"@id":"https:\/\/lavaberg.mda.pl\/pl\/kontakt\/#breadcrumb"},"inLanguage":"pl-PL","potentialAction":[{"@type":"ReadAction","target":["https:\/\/lavaberg.mda.pl\/pl\/kontakt\/"]}]},{"@type":"BreadcrumbList","@id":"https:\/\/lavaberg.mda.pl\/pl\/kontakt\/#breadcrumb","itemListElement":[{"@type":"ListItem","position":1,"name":"Home","item":"https:\/\/lavaberg.mda.pl\/pl\/"},{"@type":"ListItem","position":2,"name":"Kontakt"}]},{"@type":"WebSite","@id":"https:\/\/lavaberg.mda.pl\/pl\/#website","url":"https:\/\/lavaberg.mda.pl\/pl\/","name":"Lavaberg","description":"","potentialAction":[{"@type":"SearchAction","target":{"@type":"EntryPoint","urlTemplate":"https:\/\/lavaberg.mda.pl\/pl\/?s={search_term_string}"},"query-input":"required name=search_term_string"}],"inLanguage":"pl-PL"}]}},"_links":{"self":[{"href":"https:\/\/lavaberg.mda.pl\/pl\/wp-json\/wp\/v2\/pages\/734"}],"collection":[{"href":"https:\/\/lavaberg.mda.pl\/pl\/wp-json\/wp\/v2\/pages"}],"about":[{"href":"https:\/\/lavaberg.mda.pl\/pl\/wp-json\/wp\/v2\/types\/page"}],"author":[{"embeddable":true,"href":"https:\/\/lavaberg.mda.pl\/pl\/wp-json\/wp\/v2\/users\/1"}],"replies":[{"embeddable":true,"href":"https:\/\/lavaberg.mda.pl\/pl\/wp-json\/wp\/v2\/comments?post=734"}],"version-history":[{"count":3,"href":"https:\/\/lavaberg.mda.pl\/pl\/wp-json\/wp\/v2\/pages\/734\/revisions"}],"predecessor-version":[{"id":7749,"href":"https:\/\/lavaberg.mda.pl\/pl\/wp-json\/wp\/v2\/pages\/734\/revisions\/7749"}],"wp:featuredmedia":[{"embeddable":true,"href":"https:\/\/lavaberg.mda.pl\/pl\/wp-json\/wp\/v2\/media\/262"}],"wp:attachment":[{"href":"https:\/\/lavaberg.mda.pl\/pl\/wp-json\/wp\/v2\/media?parent=734"}],"curies":[{"name":"wp","href":"https:\/\/api.w.org\/{rel}","templated":true}]}}