{"id":482,"date":"2023-12-04T07:33:14","date_gmt":"2023-12-04T07:33:14","guid":{"rendered":"https:\/\/lavaberg.mda.pl\/sustainability\/"},"modified":"2024-01-31T13:59:48","modified_gmt":"2024-01-31T13:59:48","slug":"sustainability","status":"publish","type":"page","link":"https:\/\/lavaberg.mda.pl\/pl\/sustainability\/","title":{"rendered":"Sustainability"},"content":{"rendered":"\n<section class=\"section-header\">\n            <div class=\"section-header__background section-header__background--desktop\">\n            <img loading=\"lazy\" decoding=\"async\" width=\"1920\" height=\"600\" src=\"https:\/\/lavaberg.mda.pl\/app\/uploads\/2023\/12\/AdobeStock_411855952-3.png\" class=\"attachment-full size-full wp-post-image\" alt=\"\" srcset=\"https:\/\/lavaberg.mda.pl\/app\/uploads\/2023\/12\/AdobeStock_411855952-3.png 1920w, https:\/\/lavaberg.mda.pl\/app\/uploads\/2023\/12\/AdobeStock_411855952-3-1024x320.png 1024w, https:\/\/lavaberg.mda.pl\/app\/uploads\/2023\/12\/AdobeStock_411855952-3-1536x480.png 1536w, https:\/\/lavaberg.mda.pl\/app\/uploads\/2023\/12\/AdobeStock_411855952-3-704x220.png 704w\" sizes=\"(max-width: 1920px) 100vw, 1920px\" \/>        <\/div>\n            \n            <div class=\"container section-header__content\">\n                            <h1>\n                    EXELLENCE FROM NATURE                <\/h1>\n                                        <p>\n                    Straight to your bathroom                <\/p>\n                    <\/div>\n    <\/section>\n\n<section class=\"section-content white \" >\n    <div class=\"container\" >\n        <div class=\"row\">\n            <div class=\"col-24 content\" >\n    <h2 style=\"text-align: center;\">Lavaberg d\u0105\u017cy do promowania stylu \u017cycia, ceni\u0105cego zr\u00f3wnowa\u017cony rozw\u00f3j i uwa\u017cno\u015b\u0107, czerpi\u0105c inspiracj\u0119 z skandynawskich idea\u0142\u00f3w. D\u0105\u017cmy do minimalizacji naszego wp\u0142ywu na \u015brodowisko poprzez ci\u0105g\u0142e doskonalenie naszych metod produkcji, wykorzystuj\u0105c naturalne i pochodz\u0105ce z recyklingu materia\u0142y.<\/h2>\n    <\/div>\n        <\/div>\n            <\/div>\n    \n<\/section>\n\n\n<section class=\"section-content grey\" >\n    <div class=\"container\" >\n        <div class=\"row center section-content__mobile-reverse-row\">\n            <div class=\"col-lg-11 col-md-24 content\" >\n    <p>Materia\u0142y, kt\u00f3rych u\u017cywamy, pozwalaj\u0105 na realizacj\u0119 wyj\u0105tkowych projekt\u00f3w, kt\u00f3rych fundamentem jest kruszony kamie\u0144 &#8211; naturalny i bezpieczny wyb\u00f3r. Nasze zaanga\u017cowanie w zoptymalizowany design skupia si\u0119 na minimalizacji zu\u017cycia materia\u0142\u00f3w i zapewnieniu trwa\u0142ej jako\u015bci.<\/p>\n    <\/div>\n<div class=\"col-lg-12 col-md-24 image\"> \n    <img loading=\"lazy\" decoding=\"async\" width=\"704\" height=\"430\" src=\"https:\/\/lavaberg.mda.pl\/app\/uploads\/2023\/12\/Stocksy_txp7a4e8a88oEn200_Large_1434244-6.png\" class=\"attachment-section_image size-section_image\" alt=\"\" \/><\/div>\n        <\/div>\n    <\/div>\n<\/section>\n\n\n<section class=\"section-content white\" >\n    <div class=\"container\" >\n        <div class=\"row center section-content__mobile-reverse-row\">\n            <div class=\"col-lg-12 col-md-24 image\"> \n    <img loading=\"lazy\" decoding=\"async\" width=\"704\" height=\"430\" src=\"https:\/\/lavaberg.mda.pl\/app\/uploads\/2023\/12\/Stocksy_txp7a4e8a88oEn200_Large_1434244-7.png\" class=\"attachment-section_image size-section_image\" alt=\"\" \/><\/div>\n<div class=\"col-lg-11 col-md-24 content\" >\n    <p>Rozumiemy znaczenie zachowania naszej planety dla przysz\u0142ych pokole\u0144, dlatego nasze materia\u0142y s\u0105 zaprojektowane, aby przetrwa\u0107 pr\u00f3b\u0119 czasu. S\u0105 one wytrzyma\u0142e i odporne oraz \u0142atwe w naprawie, zapewniaj\u0105c, \u017ce twoja umywalka, brodzik czy wanna b\u0119d\u0105 wygl\u0105da\u0107 przez wiele lat r\u00f3wnie zachwycaj\u0105co jak w dniu instalacji.<\/p>\n    <\/div>\n        <\/div>\n    <\/div>\n<\/section>\n\n<section class=\"section-content light-green \" >\n    <div class=\"container\" >\n        <div class=\"row\">\n            <div class=\"col-24 content\" >\n    <h2 class=\"large\" style=\"text-align: center;\">Z Lavabergiem mo\u017cesz mie\u0107 pewno\u015b\u0107, \u017ce dokonujesz wyboru, kt\u00f3ry wspiera ochron\u0119 naszej planety.<\/h2>\n    <\/div>\n        <\/div>\n            <\/div>\n    \n<\/section>","protected":false},"excerpt":{"rendered":"","protected":false},"author":1,"featured_media":319,"parent":0,"menu_order":0,"comment_status":"closed","ping_status":"closed","template":"","meta":{"footnotes":""},"acf":[],"yoast_head":"<!-- This site is optimized with the Yoast SEO plugin v21.6 - https:\/\/yoast.com\/wordpress\/plugins\/seo\/ -->\n<title>Sustainability - Lavaberg<\/title>\n<meta name=\"robots\" content=\"noindex, follow, max-snippet:-1, max-image-preview:large, max-video-preview:-1\" \/>\n<meta property=\"og:locale\" content=\"pl_PL\" \/>\n<meta property=\"og:type\" content=\"article\" \/>\n<meta property=\"og:title\" content=\"Sustainability - Lavaberg\" \/>\n<meta property=\"og:url\" content=\"https:\/\/lavaberg.mda.pl\/pl\/sustainability\/\" \/>\n<meta property=\"og:site_name\" content=\"Lavaberg\" \/>\n<meta property=\"article:modified_time\" content=\"2024-01-31T13:59:48+00:00\" \/>\n<meta property=\"og:image\" content=\"https:\/\/lavaberg.mda.pl\/app\/uploads\/2023\/12\/AdobeStock_411855952-3-1024x320.png\" \/>\n\t<meta property=\"og:image:width\" content=\"1024\" \/>\n\t<meta property=\"og:image:height\" content=\"320\" \/>\n\t<meta property=\"og:image:type\" content=\"image\/png\" \/>\n<meta name=\"twitter:card\" content=\"summary_large_image\" \/>\n<script type=\"application\/ld+json\" class=\"yoast-schema-graph\">{\"@context\":\"https:\/\/schema.org\",\"@graph\":[{\"@type\":\"WebPage\",\"@id\":\"https:\/\/lavaberg.mda.pl\/pl\/sustainability\/\",\"url\":\"https:\/\/lavaberg.mda.pl\/pl\/sustainability\/\",\"name\":\"Sustainability - Lavaberg\",\"isPartOf\":{\"@id\":\"https:\/\/lavaberg.mda.pl\/pl\/#website\"},\"datePublished\":\"2023-12-04T07:33:14+00:00\",\"dateModified\":\"2024-01-31T13:59:48+00:00\",\"breadcrumb\":{\"@id\":\"https:\/\/lavaberg.mda.pl\/pl\/sustainability\/#breadcrumb\"},\"inLanguage\":\"pl-PL\",\"potentialAction\":[{\"@type\":\"ReadAction\",\"target\":[\"https:\/\/lavaberg.mda.pl\/pl\/sustainability\/\"]}]},{\"@type\":\"BreadcrumbList\",\"@id\":\"https:\/\/lavaberg.mda.pl\/pl\/sustainability\/#breadcrumb\",\"itemListElement\":[{\"@type\":\"ListItem\",\"position\":1,\"name\":\"Home\",\"item\":\"https:\/\/lavaberg.mda.pl\/pl\/\"},{\"@type\":\"ListItem\",\"position\":2,\"name\":\"Sustainability\"}]},{\"@type\":\"WebSite\",\"@id\":\"https:\/\/lavaberg.mda.pl\/pl\/#website\",\"url\":\"https:\/\/lavaberg.mda.pl\/pl\/\",\"name\":\"Lavaberg\",\"description\":\"\",\"potentialAction\":[{\"@type\":\"SearchAction\",\"target\":{\"@type\":\"EntryPoint\",\"urlTemplate\":\"https:\/\/lavaberg.mda.pl\/pl\/?s={search_term_string}\"},\"query-input\":\"required name=search_term_string\"}],\"inLanguage\":\"pl-PL\"}]}<\/script>\n<!-- \/ Yoast SEO plugin. -->","yoast_head_json":{"title":"Sustainability - Lavaberg","robots":{"index":"noindex","follow":"follow","max-snippet":"max-snippet:-1","max-image-preview":"max-image-preview:large","max-video-preview":"max-video-preview:-1"},"og_locale":"pl_PL","og_type":"article","og_title":"Sustainability - Lavaberg","og_url":"https:\/\/lavaberg.mda.pl\/pl\/sustainability\/","og_site_name":"Lavaberg","article_modified_time":"2024-01-31T13:59:48+00:00","og_image":[{"width":1024,"height":320,"url":"https:\/\/lavaberg.mda.pl\/app\/uploads\/2023\/12\/AdobeStock_411855952-3-1024x320.png","type":"image\/png"}],"twitter_card":"summary_large_image","schema":{"@context":"https:\/\/schema.org","@graph":[{"@type":"WebPage","@id":"https:\/\/lavaberg.mda.pl\/pl\/sustainability\/","url":"https:\/\/lavaberg.mda.pl\/pl\/sustainability\/","name":"Sustainability - Lavaberg","isPartOf":{"@id":"https:\/\/lavaberg.mda.pl\/pl\/#website"},"datePublished":"2023-12-04T07:33:14+00:00","dateModified":"2024-01-31T13:59:48+00:00","breadcrumb":{"@id":"https:\/\/lavaberg.mda.pl\/pl\/sustainability\/#breadcrumb"},"inLanguage":"pl-PL","potentialAction":[{"@type":"ReadAction","target":["https:\/\/lavaberg.mda.pl\/pl\/sustainability\/"]}]},{"@type":"BreadcrumbList","@id":"https:\/\/lavaberg.mda.pl\/pl\/sustainability\/#breadcrumb","itemListElement":[{"@type":"ListItem","position":1,"name":"Home","item":"https:\/\/lavaberg.mda.pl\/pl\/"},{"@type":"ListItem","position":2,"name":"Sustainability"}]},{"@type":"WebSite","@id":"https:\/\/lavaberg.mda.pl\/pl\/#website","url":"https:\/\/lavaberg.mda.pl\/pl\/","name":"Lavaberg","description":"","potentialAction":[{"@type":"SearchAction","target":{"@type":"EntryPoint","urlTemplate":"https:\/\/lavaberg.mda.pl\/pl\/?s={search_term_string}"},"query-input":"required name=search_term_string"}],"inLanguage":"pl-PL"}]}},"_links":{"self":[{"href":"https:\/\/lavaberg.mda.pl\/pl\/wp-json\/wp\/v2\/pages\/482"}],"collection":[{"href":"https:\/\/lavaberg.mda.pl\/pl\/wp-json\/wp\/v2\/pages"}],"about":[{"href":"https:\/\/lavaberg.mda.pl\/pl\/wp-json\/wp\/v2\/types\/page"}],"author":[{"embeddable":true,"href":"https:\/\/lavaberg.mda.pl\/pl\/wp-json\/wp\/v2\/users\/1"}],"replies":[{"embeddable":true,"href":"https:\/\/lavaberg.mda.pl\/pl\/wp-json\/wp\/v2\/comments?post=482"}],"version-history":[{"count":3,"href":"https:\/\/lavaberg.mda.pl\/pl\/wp-json\/wp\/v2\/pages\/482\/revisions"}],"predecessor-version":[{"id":14266,"href":"https:\/\/lavaberg.mda.pl\/pl\/wp-json\/wp\/v2\/pages\/482\/revisions\/14266"}],"wp:featuredmedia":[{"embeddable":true,"href":"https:\/\/lavaberg.mda.pl\/pl\/wp-json\/wp\/v2\/media\/319"}],"wp:attachment":[{"href":"https:\/\/lavaberg.mda.pl\/pl\/wp-json\/wp\/v2\/media?parent=482"}],"curies":[{"name":"wp","href":"https:\/\/api.w.org\/{rel}","templated":true}]}}