{"id":472,"date":"2023-12-07T14:32:39","date_gmt":"2023-12-07T14:32:39","guid":{"rendered":"https:\/\/lavaberg.mda.pl\/products-page\/"},"modified":"2024-01-12T07:42:26","modified_gmt":"2024-01-12T07:42:26","slug":"produkty-page","status":"publish","type":"page","link":"https:\/\/lavaberg.mda.pl\/pl\/produkty-page\/","title":{"rendered":"Produkty"},"content":{"rendered":"\n<section class=\"section-header\">\n            <div class=\"section-header__background \">\n            <img loading=\"lazy\" decoding=\"async\" width=\"2560\" height=\"969\" src=\"https:\/\/lavaberg.mda.pl\/app\/uploads\/2024\/01\/clipboard-202401112215-eayru-1-1.jpg\" class=\"attachment-full size-full wp-post-image\" alt=\"\" srcset=\"https:\/\/lavaberg.mda.pl\/app\/uploads\/2024\/01\/clipboard-202401112215-eayru-1-1.jpg 2560w, https:\/\/lavaberg.mda.pl\/app\/uploads\/2024\/01\/clipboard-202401112215-eayru-1-1-1024x388.jpg 1024w, https:\/\/lavaberg.mda.pl\/app\/uploads\/2024\/01\/clipboard-202401112215-eayru-1-1-1536x581.jpg 1536w, https:\/\/lavaberg.mda.pl\/app\/uploads\/2024\/01\/clipboard-202401112215-eayru-1-1-2048x775.jpg 2048w, https:\/\/lavaberg.mda.pl\/app\/uploads\/2024\/01\/clipboard-202401112215-eayru-1-1-1585x600.jpg 1585w, https:\/\/lavaberg.mda.pl\/app\/uploads\/2024\/01\/clipboard-202401112215-eayru-1-1-704x266.jpg 704w\" sizes=\"(max-width: 2560px) 100vw, 2560px\" \/>        <\/div>\n                <div class=\"section-header__background section-header__background--mobile\">\n            <img loading=\"lazy\" decoding=\"async\" width=\"375\" height=\"600\" src=\"https:\/\/lavaberg.mda.pl\/app\/uploads\/2024\/01\/clipboard-202401112215-oq0vo-1.jpg\" class=\"card-product__image\" alt=\"\" \/>        <\/div>\n        \n    <\/section>\n\n<section class=\"section-content white \" >\n    <div class=\"container\" style=max-width:950px;>\n        <div class=\"row\">\n            <div class=\"col-24 content\" >\n    <h2 style=\"text-align: center;\">Daj si\u0119 zachwyci\u0107 naszymi projektami i do\u015bwiadcz naturalnego pi\u0119kna Skandynawii.<\/h2>\n<p style=\"text-align: center;\">Nasze produkty oddaj\u0105 esencj\u0119 p\u00f3\u0142nocnego stylu \u017cycia: prosty, przyjazny, autentyczny, harmonijny i bliski naturze. Poznaj nasze projekty i ju\u017c dzi\u015b wprowad\u017a urok Skandynawii do swojego \u017cycia.<\/p>\n    <\/div>\n        <\/div>\n            <\/div>\n    \n<\/section>\n\n\n<section class=\"product-categories grey\">\n    <div class=\"container swiper js-section-slider\">\n                    <div class=\"product-categories__title\">\n                <h2 style=\"text-align: center;\">Poznaj nasze produkty<\/h2>\n            <\/div>\n            <div class=\"swiper-wrapper product-categories__list\">\n                                <a href=\"https:\/\/lavaberg.mda.pl\/pl\/produkty\/kategoria\/umywalki\/?category_id=189\" class=\"product-categories__list--card swiper-slide\" style=\"background-color:#d4cac8\">\n                    <p>\n                        Umywalki                    <\/p>\n                    <img loading=\"lazy\" decoding=\"async\" width=\"338\" height=\"380\" src=\"https:\/\/lavaberg.mda.pl\/app\/uploads\/2023\/12\/Pct_Frode_500_2-top-03-\u0417\u043e\u0431\u0440\u0430\u0436\u0435\u043d\u043d\u044f.png\" class=\"attachment-header size-header\" alt=\"\" \/>                <\/a>                \n\n                                <a href=\"https:\/\/lavaberg.mda.pl\/pl\/produkty\/kategoria\/wanny\/?category_id=191\" class=\"product-categories__list--card swiper-slide\" style=\"background-color:#8b9ca9\">\n                    <p>\n                        Wanny                    <\/p>\n                    <img loading=\"lazy\" decoding=\"async\" width=\"338\" height=\"380\" src=\"https:\/\/lavaberg.mda.pl\/app\/uploads\/2024\/01\/Warstwa-1-\u0417\u043e\u0431\u0440\u0430\u0436\u0435\u043d\u043d\u044f-1.png\" class=\"attachment-header size-header\" alt=\"\" \/>                <\/a>                \n\n                                <a href=\"https:\/\/lavaberg.mda.pl\/pl\/produkty\/kategoria\/brodziki\/?category_id=166\" class=\"product-categories__list--card swiper-slide\" style=\"background-color:#ab5a2c\">\n                    <p>\n                        Brodziki                    <\/p>\n                    <img loading=\"lazy\" decoding=\"async\" width=\"339\" height=\"380\" src=\"https:\/\/lavaberg.mda.pl\/app\/uploads\/2024\/01\/Warstwa-1-\u0417\u043e\u0431\u0440\u0430\u0436\u0435\u043d\u043d\u044f-2.png\" class=\"attachment-header size-header\" alt=\"\" \/>                <\/a>                \n\n                            <\/div>\n                <div class=\"swiper-scrollbar js-swiper-scrollbar\"><\/div>\n\n    <\/div>\n<\/section>","protected":false},"excerpt":{"rendered":"","protected":false},"author":1,"featured_media":10330,"parent":0,"menu_order":0,"comment_status":"closed","ping_status":"closed","template":"page-templates\/products.php","meta":{"footnotes":""},"acf":[],"yoast_head":"<!-- This site is optimized with the Yoast SEO plugin v21.6 - https:\/\/yoast.com\/wordpress\/plugins\/seo\/ -->\n<title>Produkty - Lavaberg<\/title>\n<meta name=\"robots\" content=\"noindex, follow, max-snippet:-1, max-image-preview:large, max-video-preview:-1\" \/>\n<meta property=\"og:locale\" content=\"pl_PL\" \/>\n<meta property=\"og:type\" content=\"article\" \/>\n<meta property=\"og:title\" content=\"Produkty - Lavaberg\" \/>\n<meta property=\"og:url\" content=\"https:\/\/lavaberg.mda.pl\/pl\/produkty-page\/\" \/>\n<meta property=\"og:site_name\" content=\"Lavaberg\" \/>\n<meta property=\"article:modified_time\" content=\"2024-01-12T07:42:26+00:00\" \/>\n<meta property=\"og:image\" content=\"https:\/\/lavaberg.mda.pl\/app\/uploads\/2024\/01\/clipboard-202401112215-eayru-1-1.jpg\" \/>\n\t<meta property=\"og:image:width\" content=\"2560\" \/>\n\t<meta property=\"og:image:height\" content=\"969\" \/>\n\t<meta property=\"og:image:type\" content=\"image\/jpeg\" \/>\n<meta name=\"twitter:card\" content=\"summary_large_image\" \/>\n<script type=\"application\/ld+json\" class=\"yoast-schema-graph\">{\"@context\":\"https:\/\/schema.org\",\"@graph\":[{\"@type\":\"WebPage\",\"@id\":\"https:\/\/lavaberg.mda.pl\/pl\/produkty-page\/\",\"url\":\"https:\/\/lavaberg.mda.pl\/pl\/produkty-page\/\",\"name\":\"Produkty - Lavaberg\",\"isPartOf\":{\"@id\":\"https:\/\/lavaberg.mda.pl\/pl\/#website\"},\"datePublished\":\"2023-12-07T14:32:39+00:00\",\"dateModified\":\"2024-01-12T07:42:26+00:00\",\"breadcrumb\":{\"@id\":\"https:\/\/lavaberg.mda.pl\/pl\/produkty-page\/#breadcrumb\"},\"inLanguage\":\"pl-PL\",\"potentialAction\":[{\"@type\":\"ReadAction\",\"target\":[\"https:\/\/lavaberg.mda.pl\/pl\/produkty-page\/\"]}]},{\"@type\":\"BreadcrumbList\",\"@id\":\"https:\/\/lavaberg.mda.pl\/pl\/produkty-page\/#breadcrumb\",\"itemListElement\":[{\"@type\":\"ListItem\",\"position\":1,\"name\":\"Home\",\"item\":\"https:\/\/lavaberg.mda.pl\/pl\/\"},{\"@type\":\"ListItem\",\"position\":2,\"name\":\"Produkty\"}]},{\"@type\":\"WebSite\",\"@id\":\"https:\/\/lavaberg.mda.pl\/pl\/#website\",\"url\":\"https:\/\/lavaberg.mda.pl\/pl\/\",\"name\":\"Lavaberg\",\"description\":\"\",\"potentialAction\":[{\"@type\":\"SearchAction\",\"target\":{\"@type\":\"EntryPoint\",\"urlTemplate\":\"https:\/\/lavaberg.mda.pl\/pl\/?s={search_term_string}\"},\"query-input\":\"required name=search_term_string\"}],\"inLanguage\":\"pl-PL\"}]}<\/script>\n<!-- \/ Yoast SEO plugin. -->","yoast_head_json":{"title":"Produkty - Lavaberg","robots":{"index":"noindex","follow":"follow","max-snippet":"max-snippet:-1","max-image-preview":"max-image-preview:large","max-video-preview":"max-video-preview:-1"},"og_locale":"pl_PL","og_type":"article","og_title":"Produkty - Lavaberg","og_url":"https:\/\/lavaberg.mda.pl\/pl\/produkty-page\/","og_site_name":"Lavaberg","article_modified_time":"2024-01-12T07:42:26+00:00","og_image":[{"width":2560,"height":969,"url":"https:\/\/lavaberg.mda.pl\/app\/uploads\/2024\/01\/clipboard-202401112215-eayru-1-1.jpg","type":"image\/jpeg"}],"twitter_card":"summary_large_image","schema":{"@context":"https:\/\/schema.org","@graph":[{"@type":"WebPage","@id":"https:\/\/lavaberg.mda.pl\/pl\/produkty-page\/","url":"https:\/\/lavaberg.mda.pl\/pl\/produkty-page\/","name":"Produkty - Lavaberg","isPartOf":{"@id":"https:\/\/lavaberg.mda.pl\/pl\/#website"},"datePublished":"2023-12-07T14:32:39+00:00","dateModified":"2024-01-12T07:42:26+00:00","breadcrumb":{"@id":"https:\/\/lavaberg.mda.pl\/pl\/produkty-page\/#breadcrumb"},"inLanguage":"pl-PL","potentialAction":[{"@type":"ReadAction","target":["https:\/\/lavaberg.mda.pl\/pl\/produkty-page\/"]}]},{"@type":"BreadcrumbList","@id":"https:\/\/lavaberg.mda.pl\/pl\/produkty-page\/#breadcrumb","itemListElement":[{"@type":"ListItem","position":1,"name":"Home","item":"https:\/\/lavaberg.mda.pl\/pl\/"},{"@type":"ListItem","position":2,"name":"Produkty"}]},{"@type":"WebSite","@id":"https:\/\/lavaberg.mda.pl\/pl\/#website","url":"https:\/\/lavaberg.mda.pl\/pl\/","name":"Lavaberg","description":"","potentialAction":[{"@type":"SearchAction","target":{"@type":"EntryPoint","urlTemplate":"https:\/\/lavaberg.mda.pl\/pl\/?s={search_term_string}"},"query-input":"required name=search_term_string"}],"inLanguage":"pl-PL"}]}},"_links":{"self":[{"href":"https:\/\/lavaberg.mda.pl\/pl\/wp-json\/wp\/v2\/pages\/472"}],"collection":[{"href":"https:\/\/lavaberg.mda.pl\/pl\/wp-json\/wp\/v2\/pages"}],"about":[{"href":"https:\/\/lavaberg.mda.pl\/pl\/wp-json\/wp\/v2\/types\/page"}],"author":[{"embeddable":true,"href":"https:\/\/lavaberg.mda.pl\/pl\/wp-json\/wp\/v2\/users\/1"}],"replies":[{"embeddable":true,"href":"https:\/\/lavaberg.mda.pl\/pl\/wp-json\/wp\/v2\/comments?post=472"}],"version-history":[{"count":3,"href":"https:\/\/lavaberg.mda.pl\/pl\/wp-json\/wp\/v2\/pages\/472\/revisions"}],"predecessor-version":[{"id":10337,"href":"https:\/\/lavaberg.mda.pl\/pl\/wp-json\/wp\/v2\/pages\/472\/revisions\/10337"}],"wp:featuredmedia":[{"embeddable":true,"href":"https:\/\/lavaberg.mda.pl\/pl\/wp-json\/wp\/v2\/media\/10330"}],"wp:attachment":[{"href":"https:\/\/lavaberg.mda.pl\/pl\/wp-json\/wp\/v2\/media?parent=472"}],"curies":[{"name":"wp","href":"https:\/\/api.w.org\/{rel}","templated":true}]}}