{"id":3346,"date":"2023-12-04T07:32:35","date_gmt":"2023-12-04T07:32:35","guid":{"rendered":"https:\/\/lavaberg.mda.pl\/about-us\/"},"modified":"2024-01-31T13:54:04","modified_gmt":"2024-01-31T13:54:04","slug":"o-nas","status":"publish","type":"page","link":"https:\/\/lavaberg.mda.pl\/pl\/o-nas\/","title":{"rendered":"O nas"},"content":{"rendered":"\n<section class=\"section-header\">\n            <div class=\"section-header__background \">\n            <img loading=\"lazy\" decoding=\"async\" width=\"1920\" height=\"600\" src=\"https:\/\/lavaberg.mda.pl\/app\/uploads\/2023\/12\/AdobeStock_411855952-1.png\" class=\"attachment-full size-full wp-post-image\" alt=\"\" srcset=\"https:\/\/lavaberg.mda.pl\/app\/uploads\/2023\/12\/AdobeStock_411855952-1.png 1920w, https:\/\/lavaberg.mda.pl\/app\/uploads\/2023\/12\/AdobeStock_411855952-1-704x220.png 704w, https:\/\/lavaberg.mda.pl\/app\/uploads\/2023\/12\/AdobeStock_411855952-1-1024x320.png 1024w, https:\/\/lavaberg.mda.pl\/app\/uploads\/2023\/12\/AdobeStock_411855952-1-1536x480.png 1536w\" sizes=\"(max-width: 1920px) 100vw, 1920px\" \/>        <\/div>\n                <div class=\"section-header__background section-header__background--mobile\">\n            <img loading=\"lazy\" decoding=\"async\" width=\"375\" height=\"600\" src=\"https:\/\/lavaberg.mda.pl\/app\/uploads\/2024\/01\/AdobeStock_411855952.jpg\" class=\"card-product__image\" alt=\"\" \/>        <\/div>\n        \n    <\/section>\n\n\n<section class=\"section-content grey\" id=filozofia-marki>\n    <div class=\"container\" style=padding-bottom:110px;>\n        <div class=\"row flex-end\">\n            <div class=\"col-lg-11 col-md-24 content\" style='max-width:765px'>\n    <h2>Marka Lavaberg narodzi\u0142a si\u0119 z szacunku dla natury i harmonijnych form p\u00f3\u0142nocnego krajobrazu. Tutaj, na pierwszym miejscu stawiamy cz\u0142owieka.<\/h2>\n    <\/div>\n<div class=\"col-lg-11 col-md-24 content\" style='max-width:580px'>\n    <p>Pi\u0119kno ska\u0142 dolomitowych, podziw dla skandynawskiego krajobrazu i kultywowanie naturalnego stylu \u017cycia by\u0142y nasz\u0105 inspiracj\u0105 do stworzenia czego\u015b wyj\u0105tkowego. Chcieli\u015bmy, aby nasz produkt odzwierciedla\u0142 to, co tak fascynuj\u0105ce w Skandynawii. Skoncentrowali\u015bmy si\u0119 na autentyczno\u015bci, naturalno\u015bci i prostocie.<\/p>\n    <\/div>\n        <\/div>\n    <\/div>\n<\/section>\n\n<section class=\"section-content white section-content__full-width\" >\n    <div class=\"container\" style=margin-top:-160px;>\n        <div class=\"row\">\n            <div class=\"col-md-24 image\"> \n    <img loading=\"lazy\" decoding=\"async\" width=\"1440\" height=\"553\" src=\"https:\/\/lavaberg.mda.pl\/app\/uploads\/2023\/12\/LAVA-IMG-1.png\" class=\"attachment- size-\" alt=\"\" srcset=\"https:\/\/lavaberg.mda.pl\/app\/uploads\/2023\/12\/LAVA-IMG-1.png 1440w, https:\/\/lavaberg.mda.pl\/app\/uploads\/2023\/12\/LAVA-IMG-1-1024x393.png 1024w, https:\/\/lavaberg.mda.pl\/app\/uploads\/2023\/12\/LAVA-IMG-1-704x270.png 704w\" sizes=\"(max-width: 1440px) 100vw, 1440px\" \/><\/div>\n        <\/div>\n            <\/div>\n    \n<\/section>\n\n<section class=\"section-content white \" >\n    <div class=\"container\" style=max-width:900px;>\n        <div class=\"row\">\n            <div class=\"col-24 content\" >\n    <h2 style=\"text-align: center;\">Poznaj najwa\u017cniejsze cechy naszej marki.<\/h2>\n<p style=\"text-align: center;\">W Lavabergu reprezentujemy jako\u015b\u0107, zr\u00f3wnowa\u017cony rozw\u00f3j oraz g\u0142\u0119bok\u0105 wi\u0119\u017a zar\u00f3wno z natur\u0105, jak i lud\u017ami. Odkryj z nami pi\u0119kno przemy\u015blanego designu, gdzie ka\u017cdy detal odzwierciedla nasze fundamentalne warto\u015bci.<\/p>\n    <\/div>\n        <\/div>\n            <\/div>\n    \n<\/section>\n\n\n<section class=\"section-grid \">\n    <div class=\"container\">\n        <div class=\"section-grid__layout\">\n               \n                <div class=\"section-grid__layout--card\">\n                    <div class=\"text\">\n                        <img loading=\"lazy\" decoding=\"async\" width=\"48\" height=\"48\" src=\"https:\/\/lavaberg.mda.pl\/app\/uploads\/2023\/12\/Group-668-2.svg\" class=\"attachment-options size-options\" alt=\"\" \/>                        <h6>\n                            Stworzone dla ludzi                        <\/h6>\n                    <\/div>\n                    <div class=\"image\">\n                        <img loading=\"lazy\" decoding=\"async\" width=\"368\" height=\"307\" src=\"https:\/\/lavaberg.mda.pl\/app\/uploads\/2023\/12\/AdobeStock_301365385.png\" class=\"attachment-options size-options\" alt=\"\" \/>                    <\/div>\n                <\/div>\n               \n                <div class=\"section-grid__layout--card\">\n                    <div class=\"text\">\n                        <img loading=\"lazy\" decoding=\"async\" width=\"48\" height=\"48\" src=\"https:\/\/lavaberg.mda.pl\/app\/uploads\/2023\/12\/Group-669.svg\" class=\"attachment-options size-options\" alt=\"\" \/>                        <h6>\n                            Wyprodukowane w Europie                        <\/h6>\n                    <\/div>\n                    <div class=\"image\">\n                        <img loading=\"lazy\" decoding=\"async\" width=\"368\" height=\"307\" src=\"https:\/\/lavaberg.mda.pl\/app\/uploads\/2023\/12\/AdobeStock_301365385-6.png\" class=\"attachment-options size-options\" alt=\"\" \/>                    <\/div>\n                <\/div>\n               \n                <div class=\"section-grid__layout--card\">\n                    <div class=\"text\">\n                        <img loading=\"lazy\" decoding=\"async\" width=\"48\" height=\"48\" src=\"https:\/\/lavaberg.mda.pl\/app\/uploads\/2023\/12\/Group-669-3.svg\" class=\"attachment-options size-options\" alt=\"\" \/>                        <h6>\n                            Naturalny materia\u0142                        <\/h6>\n                    <\/div>\n                    <div class=\"image\">\n                        <img loading=\"lazy\" decoding=\"async\" width=\"368\" height=\"307\" src=\"https:\/\/lavaberg.mda.pl\/app\/uploads\/2023\/12\/AdobeStock_301365385-1.png\" class=\"attachment-options size-options\" alt=\"\" \/>                    <\/div>\n                <\/div>\n               \n                <div class=\"section-grid__layout--card\">\n                    <div class=\"text\">\n                        <img loading=\"lazy\" decoding=\"async\" width=\"48\" height=\"48\" src=\"https:\/\/lavaberg.mda.pl\/app\/uploads\/2023\/12\/Group-669-1.svg\" class=\"attachment-options size-options\" alt=\"\" \/>                        <h6>\n                            Ponadczasowy design                        <\/h6>\n                    <\/div>\n                    <div class=\"image\">\n                        <img loading=\"lazy\" decoding=\"async\" width=\"368\" height=\"307\" src=\"https:\/\/lavaberg.mda.pl\/app\/uploads\/2023\/12\/AdobeStock_301365385-3.png\" class=\"attachment-options size-options\" alt=\"\" \/>                    <\/div>\n                <\/div>\n               \n                <div class=\"section-grid__layout--card\">\n                    <div class=\"text\">\n                        <img loading=\"lazy\" decoding=\"async\" width=\"48\" height=\"48\" src=\"https:\/\/lavaberg.mda.pl\/app\/uploads\/2023\/12\/Group-669-2.svg\" class=\"attachment-options size-options\" alt=\"\" \/>                        <h6>\n                            Ekologicznie odpowiedzialny                        <\/h6>\n                    <\/div>\n                    <div class=\"image\">\n                        <img loading=\"lazy\" decoding=\"async\" width=\"368\" height=\"307\" src=\"https:\/\/lavaberg.mda.pl\/app\/uploads\/2023\/12\/AdobeStock_301365385-4.png\" class=\"attachment-options size-options\" alt=\"\" \/>                    <\/div>\n                <\/div>\n               \n                <div class=\"section-grid__layout--card\">\n                    <div class=\"text\">\n                        <img loading=\"lazy\" decoding=\"async\" width=\"48\" height=\"48\" src=\"https:\/\/lavaberg.mda.pl\/app\/uploads\/2023\/12\/Group-669-4.svg\" class=\"attachment-options size-options\" alt=\"\" \/>                        <h6>\n                            Skandynawski duch                        <\/h6>\n                    <\/div>\n                    <div class=\"image\">\n                        <img loading=\"lazy\" decoding=\"async\" width=\"368\" height=\"307\" src=\"https:\/\/lavaberg.mda.pl\/app\/uploads\/2023\/12\/AdobeStock_301365385-5.png\" class=\"attachment-options size-options\" alt=\"\" \/>                    <\/div>\n                <\/div>\n                    <\/div>\n    <\/div>\n<\/section>\n\n<section class=\"section-content accent \" id=design>\n    <div class=\"container\" >\n        <div class=\"row\">\n            <div class=\"col-24 content\" >\n    <h2 class=\"large\" style=\"text-align: center;\">Stosujemy ponadczasowe formy i naturalne materia\u0142y, k\u0142ad\u0105c nacisk na funkcjonalno\u015b\u0107 i wygod\u0119. Dzi\u0119ki temu projekty produkt\u00f3w Lavaberg s\u0105 bliskie ludziom i ich potrzebom. Komfort i przyjemno\u015b\u0107 z ich u\u017cytkowania stanowi\u0105 nasz g\u0142\u00f3wny priorytet.<\/h2>\n    <\/div>\n        <\/div>\n            <\/div>\n    \n<\/section>\n\n\n<section class=\"section-content grey\" >\n    <div class=\"container\" >\n        <div class=\"row center\">\n            <div class=\"col-lg-11 col-md-24 content\" >\n    <h2>Nasze wyj\u0105tkowe materia\u0142y z kompozytu mineralnego daj\u0105 nam wolno\u015b\u0107 tw\u00f3rcz\u0105, umo\u017cliwiaj\u0105c projektowanie z niezwyk\u0142\u0105 elastyczno\u015bci\u0105 i precyzj\u0105 w designie.<\/h2>\n<p>Kieruj\u0105c si\u0119 naszym zaanga\u017cowaniem w wyj\u0105tkowy design, Lavaberg \u0142\u0105czy minimalistyczn\u0105 skandynawsk\u0105 estetyk\u0119 z niezr\u00f3wnanym kunsztem. Nasze produkty nie tylko zapewniaj\u0105 funkcjonalno\u015b\u0107, ale tak\u017ce podnosz\u0105 og\u00f3ln\u0105 estetyk\u0119 Twojej \u0142azienki, bez wysi\u0142ku \u0142\u0105cz\u0105c prostot\u0119 i wyrafinowanie.<\/p>\n    <\/div>\n<div class=\"col-lg-12 col-md-24 image\"> \n    <img loading=\"lazy\" decoding=\"async\" width=\"704\" height=\"682\" src=\"https:\/\/lavaberg.mda.pl\/app\/uploads\/2023\/12\/Stocksy_txp7a4e8a88oEn200_Large_1434244-3.png\" class=\"attachment-section_image size-section_image\" alt=\"\" srcset=\"https:\/\/lavaberg.mda.pl\/app\/uploads\/2023\/12\/Stocksy_txp7a4e8a88oEn200_Large_1434244-3.png 704w, https:\/\/lavaberg.mda.pl\/app\/uploads\/2023\/12\/Stocksy_txp7a4e8a88oEn200_Large_1434244-3-619x600.png 619w\" sizes=\"(max-width: 704px) 100vw, 704px\" \/><\/div>\n        <\/div>\n    <\/div>\n<\/section>\n\n<section class=\"section-content dark-green \" id=produkcja>\n    <div class=\"container\" >\n        <div class=\"row\">\n            <div class=\"col-24 content\" >\n    <h2 class=\"large\" style=\"text-align: center;\">Marka, kt\u00f3ra oddaje esencj\u0119 skandynawskiej doskona\u0142o\u015bci, pod\u0105\u017caj\u0105c drog\u0105 post\u0119pu i innowacji za\u0142o\u017cy\u0142a nowoczesne fabryki w Europie. Ten strategiczny krok pozwala nam \u0142\u0105czy\u0107 szacunek dla tradycyjnego rzemios\u0142a skandynawskiego z najnowszymi technologiami i procesami produkcyjnymi.<\/h2>\n    <\/div>\n        <\/div>\n            <\/div>\n    \n<\/section>\n\n\n<section class=\"section-content white\" >\n    <div class=\"container\" >\n        <div class=\"row center section-content__mobile-reverse-row\">\n            <div class=\"col-lg-12 col-md-24 image\"> \n    <img loading=\"lazy\" decoding=\"async\" width=\"704\" height=\"682\" src=\"https:\/\/lavaberg.mda.pl\/app\/uploads\/2023\/12\/Stocksy_txp7a4e8a88oEn200_Large_1434244-4.png\" class=\"attachment-section_image size-section_image\" alt=\"\" srcset=\"https:\/\/lavaberg.mda.pl\/app\/uploads\/2023\/12\/Stocksy_txp7a4e8a88oEn200_Large_1434244-4.png 704w, https:\/\/lavaberg.mda.pl\/app\/uploads\/2023\/12\/Stocksy_txp7a4e8a88oEn200_Large_1434244-4-619x600.png 619w\" sizes=\"(max-width: 704px) 100vw, 704px\" \/><\/div>\n<div class=\"col-lg-11 col-md-24 content\" >\n    <h3>Dbamy o Szczeg\u00f3\u0142y<\/h3>\n<p class=\"p1\"><span class=\"s1\">W naszej fabryce z dum\u0105 k\u0142adziemy nacisk na skrupulatn\u0105 dba\u0142o\u015b\u0107 o szczeg\u00f3\u0142y. Ka\u017cdy produkt jest tworzony z precyzj\u0105 i trosk\u0105, zapewniaj\u0105c, \u017ce stanowi on swoiste dzie\u0142o sztuki.<\/span><\/p>\n<h3>R\u0119czne Wyko\u0144czenie<\/h3>\n<p class=\"p1\"><span class=\"s1\">Nasze produkty otrzymuj\u0105 osobisty akcent wykwalifikowanych rzemie\u015blnik\u00f3w, kt\u00f3rzy r\u0119cznie je wyka\u0144czaj\u0105, nadaj\u0105c im unikalne i zindywidualizowane dopracowanie.<\/span><\/p>\n    <\/div>\n        <\/div>\n    <\/div>\n<\/section>\n\n\n<section class=\"section-content white\" >\n    <div class=\"container\" style=margin-top:-56px!important;>\n        <div class=\"row center section-content__mobile-reverse-row\">\n            <div class=\"col-lg-11 col-md-24 content\" >\n    <h3>Zr\u00f3wnowa\u017cone praktyki<\/h3>\n<p class=\"p1\">W naszych fabrykach jeste\u015bmy g\u0142\u0119boko zaanga\u017cowani w optymalizacj\u0119 naszych wynik\u00f3w w zakresie ochrony \u015brodowiska poprzez r\u00f3\u017cne dzia\u0142ania maj\u0105ce na celu zminimalizowanie naszego \u015bladu ekologicznego.<\/p>\n<h3>Zapewnienie Jako\u015bci<\/h3>\n<p class=\"p1\"><span class=\"s1\">\u015aci\u015ble przestrzegamy norm i regulacji bran\u017cowych, gwarantuj\u0105c, \u017ce nasze produkty spe\u0142niaj\u0105 najwy\u017csze standardy jako\u015bci. Twoja satysfakcja jest naszym najwy\u017cszym priorytetem.<\/span><\/p>\n    <\/div>\n<div class=\"col-lg-12 col-md-24 image\"> \n    <img loading=\"lazy\" decoding=\"async\" width=\"704\" height=\"682\" src=\"https:\/\/lavaberg.mda.pl\/app\/uploads\/2023\/12\/Stocksy_txp7a4e8a88oEn200_Large_1434244-5.png\" class=\"attachment-section_image size-section_image\" alt=\"\" srcset=\"https:\/\/lavaberg.mda.pl\/app\/uploads\/2023\/12\/Stocksy_txp7a4e8a88oEn200_Large_1434244-5.png 704w, https:\/\/lavaberg.mda.pl\/app\/uploads\/2023\/12\/Stocksy_txp7a4e8a88oEn200_Large_1434244-5-619x600.png 619w\" sizes=\"(max-width: 704px) 100vw, 704px\" \/><\/div>\n        <\/div>\n    <\/div>\n<\/section>","protected":false},"excerpt":{"rendered":"","protected":false},"author":1,"featured_media":112,"parent":0,"menu_order":0,"comment_status":"closed","ping_status":"closed","template":"","meta":{"footnotes":""},"acf":[],"yoast_head":"<!-- This site is optimized with the Yoast SEO plugin v21.6 - https:\/\/yoast.com\/wordpress\/plugins\/seo\/ -->\n<title>O nas - Lavaberg<\/title>\n<meta name=\"robots\" content=\"noindex, follow, max-snippet:-1, max-image-preview:large, max-video-preview:-1\" \/>\n<meta property=\"og:locale\" content=\"pl_PL\" \/>\n<meta property=\"og:type\" content=\"article\" \/>\n<meta property=\"og:title\" content=\"O nas - Lavaberg\" \/>\n<meta property=\"og:url\" content=\"https:\/\/lavaberg.mda.pl\/pl\/o-nas\/\" \/>\n<meta property=\"og:site_name\" content=\"Lavaberg\" \/>\n<meta property=\"article:modified_time\" content=\"2024-01-31T13:54:04+00:00\" \/>\n<meta property=\"og:image\" content=\"https:\/\/lavaberg.mda.pl\/app\/uploads\/2023\/12\/AdobeStock_411855952-1.png\" \/>\n\t<meta property=\"og:image:width\" content=\"1920\" \/>\n\t<meta property=\"og:image:height\" content=\"600\" \/>\n\t<meta property=\"og:image:type\" content=\"image\/png\" \/>\n<meta name=\"twitter:card\" content=\"summary_large_image\" \/>\n<script type=\"application\/ld+json\" class=\"yoast-schema-graph\">{\"@context\":\"https:\/\/schema.org\",\"@graph\":[{\"@type\":\"WebPage\",\"@id\":\"https:\/\/lavaberg.mda.pl\/pl\/o-nas\/\",\"url\":\"https:\/\/lavaberg.mda.pl\/pl\/o-nas\/\",\"name\":\"O nas - Lavaberg\",\"isPartOf\":{\"@id\":\"https:\/\/lavaberg.mda.pl\/pl\/#website\"},\"datePublished\":\"2023-12-04T07:32:35+00:00\",\"dateModified\":\"2024-01-31T13:54:04+00:00\",\"breadcrumb\":{\"@id\":\"https:\/\/lavaberg.mda.pl\/pl\/o-nas\/#breadcrumb\"},\"inLanguage\":\"pl-PL\",\"potentialAction\":[{\"@type\":\"ReadAction\",\"target\":[\"https:\/\/lavaberg.mda.pl\/pl\/o-nas\/\"]}]},{\"@type\":\"BreadcrumbList\",\"@id\":\"https:\/\/lavaberg.mda.pl\/pl\/o-nas\/#breadcrumb\",\"itemListElement\":[{\"@type\":\"ListItem\",\"position\":1,\"name\":\"Home\",\"item\":\"https:\/\/lavaberg.mda.pl\/pl\/\"},{\"@type\":\"ListItem\",\"position\":2,\"name\":\"O nas\"}]},{\"@type\":\"WebSite\",\"@id\":\"https:\/\/lavaberg.mda.pl\/pl\/#website\",\"url\":\"https:\/\/lavaberg.mda.pl\/pl\/\",\"name\":\"Lavaberg\",\"description\":\"\",\"potentialAction\":[{\"@type\":\"SearchAction\",\"target\":{\"@type\":\"EntryPoint\",\"urlTemplate\":\"https:\/\/lavaberg.mda.pl\/pl\/?s={search_term_string}\"},\"query-input\":\"required name=search_term_string\"}],\"inLanguage\":\"pl-PL\"}]}<\/script>\n<!-- \/ Yoast SEO plugin. -->","yoast_head_json":{"title":"O nas - Lavaberg","robots":{"index":"noindex","follow":"follow","max-snippet":"max-snippet:-1","max-image-preview":"max-image-preview:large","max-video-preview":"max-video-preview:-1"},"og_locale":"pl_PL","og_type":"article","og_title":"O nas - Lavaberg","og_url":"https:\/\/lavaberg.mda.pl\/pl\/o-nas\/","og_site_name":"Lavaberg","article_modified_time":"2024-01-31T13:54:04+00:00","og_image":[{"width":1920,"height":600,"url":"https:\/\/lavaberg.mda.pl\/app\/uploads\/2023\/12\/AdobeStock_411855952-1.png","type":"image\/png"}],"twitter_card":"summary_large_image","schema":{"@context":"https:\/\/schema.org","@graph":[{"@type":"WebPage","@id":"https:\/\/lavaberg.mda.pl\/pl\/o-nas\/","url":"https:\/\/lavaberg.mda.pl\/pl\/o-nas\/","name":"O nas - Lavaberg","isPartOf":{"@id":"https:\/\/lavaberg.mda.pl\/pl\/#website"},"datePublished":"2023-12-04T07:32:35+00:00","dateModified":"2024-01-31T13:54:04+00:00","breadcrumb":{"@id":"https:\/\/lavaberg.mda.pl\/pl\/o-nas\/#breadcrumb"},"inLanguage":"pl-PL","potentialAction":[{"@type":"ReadAction","target":["https:\/\/lavaberg.mda.pl\/pl\/o-nas\/"]}]},{"@type":"BreadcrumbList","@id":"https:\/\/lavaberg.mda.pl\/pl\/o-nas\/#breadcrumb","itemListElement":[{"@type":"ListItem","position":1,"name":"Home","item":"https:\/\/lavaberg.mda.pl\/pl\/"},{"@type":"ListItem","position":2,"name":"O nas"}]},{"@type":"WebSite","@id":"https:\/\/lavaberg.mda.pl\/pl\/#website","url":"https:\/\/lavaberg.mda.pl\/pl\/","name":"Lavaberg","description":"","potentialAction":[{"@type":"SearchAction","target":{"@type":"EntryPoint","urlTemplate":"https:\/\/lavaberg.mda.pl\/pl\/?s={search_term_string}"},"query-input":"required name=search_term_string"}],"inLanguage":"pl-PL"}]}},"_links":{"self":[{"href":"https:\/\/lavaberg.mda.pl\/pl\/wp-json\/wp\/v2\/pages\/3346"}],"collection":[{"href":"https:\/\/lavaberg.mda.pl\/pl\/wp-json\/wp\/v2\/pages"}],"about":[{"href":"https:\/\/lavaberg.mda.pl\/pl\/wp-json\/wp\/v2\/types\/page"}],"author":[{"embeddable":true,"href":"https:\/\/lavaberg.mda.pl\/pl\/wp-json\/wp\/v2\/users\/1"}],"replies":[{"embeddable":true,"href":"https:\/\/lavaberg.mda.pl\/pl\/wp-json\/wp\/v2\/comments?post=3346"}],"version-history":[{"count":3,"href":"https:\/\/lavaberg.mda.pl\/pl\/wp-json\/wp\/v2\/pages\/3346\/revisions"}],"predecessor-version":[{"id":14254,"href":"https:\/\/lavaberg.mda.pl\/pl\/wp-json\/wp\/v2\/pages\/3346\/revisions\/14254"}],"wp:featuredmedia":[{"embeddable":true,"href":"https:\/\/lavaberg.mda.pl\/pl\/wp-json\/wp\/v2\/media\/112"}],"wp:attachment":[{"href":"https:\/\/lavaberg.mda.pl\/pl\/wp-json\/wp\/v2\/media?parent=3346"}],"curies":[{"name":"wp","href":"https:\/\/api.w.org\/{rel}","templated":true}]}}