{"id":123,"date":"2023-12-04T07:31:51","date_gmt":"2023-12-04T07:31:51","guid":{"rendered":"http:\/\/lavaberg.test\/home-page\/"},"modified":"2024-01-31T13:24:46","modified_gmt":"2024-01-31T13:24:46","slug":"home-page","status":"publish","type":"page","link":"https:\/\/lavaberg.mda.pl\/pl\/","title":{"rendered":"Strona G\u0142\u00f3wna"},"content":{"rendered":"\n<section class=\"section-header\">\n            <div class=\"section-header__background section-header__background--desktop\">\n            <img loading=\"lazy\" decoding=\"async\" width=\"1920\" height=\"600\" src=\"https:\/\/lavaberg.mda.pl\/app\/uploads\/2023\/12\/AdobeStock_411855952.png\" class=\"attachment-full size-full wp-post-image\" alt=\"\" srcset=\"https:\/\/lavaberg.mda.pl\/app\/uploads\/2023\/12\/AdobeStock_411855952.png 1920w, https:\/\/lavaberg.mda.pl\/app\/uploads\/2023\/12\/AdobeStock_411855952-704x220.png 704w, https:\/\/lavaberg.mda.pl\/app\/uploads\/2023\/12\/AdobeStock_411855952-1024x320.png 1024w, https:\/\/lavaberg.mda.pl\/app\/uploads\/2023\/12\/AdobeStock_411855952-1536x480.png 1536w\" sizes=\"(max-width: 1920px) 100vw, 1920px\" \/>        <\/div>\n            \n            <div class=\"container section-header__content\">\n                            <h1>\n                    EXCELLENCE FROM NATURE                <\/h1>\n                                        <p>\n                    STRAIGHT TO YOUR BATHROOM                <\/p>\n                    <\/div>\n    <\/section>\n\n\n<section class=\"section-content grey\" >\n    <div class=\"container\" >\n        <div class=\"row center\">\n            <div class=\"col-lg-11 col-md-24 content\" >\n    <h2>Witaj w Lavaberg, gdzie doskona\u0142o\u015b\u0107 z natury p\u0142ynnie przenika do Twojej \u0142azienki.<\/h2>\n<p class=\"p1\">Zainspirowani ujmuj\u0105cym pi\u0119knem Skandynawii przygotowali\u015bmy dla Ciebie starannie wykonane produkty \u0142azienkowe z najwy\u017cszej jako\u015bci kompozytu mineralnego.\u00a0Tutaj pi\u0119kno natury spotyka si\u0119 z przemy\u015blanym designem, prostot\u0105 i satysfakcjonuj\u0105cym stylem \u017cycia.<\/p>\n            <div class=\"btn \">\n            <a href=\"https:\/\/lavaberg.mda.pl\/pl\/o-nas\/\" class=\"button \">\n                Dowiedz si\u0119 wi\u0119cej            <\/a>\n        <\/div>\n    <\/div>\n<div class=\"col-lg-12 col-md-24 image\"> \n    <img loading=\"lazy\" decoding=\"async\" width=\"704\" height=\"682\" src=\"https:\/\/lavaberg.mda.pl\/app\/uploads\/2023\/12\/Stocksy_txp7a4e8a88oEn200_Large_1434244.png\" class=\"attachment-section_image size-section_image\" alt=\"\" \/><\/div>\n        <\/div>\n    <\/div>\n<\/section>\n\n\n<section class=\"section-content white\" >\n    <div class=\"container\" >\n        <div class=\"row center\">\n            <div class=\"col-lg-12 col-md-24 image\"> \n    <img loading=\"lazy\" decoding=\"async\" width=\"704\" height=\"682\" src=\"https:\/\/lavaberg.mda.pl\/app\/uploads\/2023\/12\/Stocksy_txp7a4e8a88oEn200_Large_1434244-1.png\" class=\"attachment-section_image size-section_image\" alt=\"\" \/><\/div>\n<div class=\"col-lg-11 col-md-24 content\" >\n    <h2>Z serca g\u00f3r do wn\u0119trza Twojej \u0142azienki.<\/h2>\n<p>Nasze wyj\u0105tkowe produkty powsta\u0142y dzi\u0119ki przemieniaj\u0105cej mocy lawy, kt\u00f3ra kszta\u0142towa\u0142a Ziemi\u0119 250 milion\u00f3w lat temu. Gdy gor\u0105ca lawa pokry\u0142a ziemi\u0119, ciep\u0142o i ci\u015bnienie zmieni\u0142y struktur\u0119 ska\u0142 uwi\u0119zionych pod ni\u0105, tworz\u0105c podstaw\u0119 dla niezwyk\u0142ych materia\u0142\u00f3w, kt\u00f3rych u\u017cywamy dzisiaj.<\/p>\n            <div class=\"btn \">\n            <a href=\"https:\/\/lavaberg.mda.pl\/pl\/o-nas\/#design\" class=\"button \">\n                Dowiedz si\u0119 wi\u0119cej            <\/a>\n        <\/div>\n    <\/div>\n        <\/div>\n    <\/div>\n<\/section>\n\n\n<section class=\"section-content accent\" >\n    <div class=\"container\" >\n        <div class=\"row center\">\n            <div class=\"col-lg-11 col-md-24 content\" >\n    <h2>Produkty Lavaberg dostarczaj\u0105 niesko\u0144czonej przyjemno\u015bci u\u017cytkowania.<\/h2>\n<p>Wulkaniczne kamienie, opr\u00f3cz swojego estetycznego uroku, posiadaj\u0105 niezwyk\u0142e praktyczne zalety. Zbudowane z wytrzyma\u0142ej i trwa\u0142ej ska\u0142y, s\u0105 jednocze\u015bnie niezwykle przyjemne w dotyku, zapewniaj\u0105 poczucie bezpiecze\u0144stwa i zaufania. Ich w\u0142a\u015bciwo\u015bci utrzymywania ciep\u0142a sprawiaj\u0105 r\u00f3wnie\u017c, \u017ce s\u0105 idealne do tworzenia przytulnych wn\u0119trz \u0142azienek.<\/p>\n            <div class=\"btn \">\n            <a href=\"https:\/\/lavaberg.mda.pl\/pl\/produkty-page\/\" class=\"button button--light\">\n                Zobacz produkty            <\/a>\n        <\/div>\n    <\/div>\n<div class=\"col-lg-12 col-md-24 image\"> \n    <img loading=\"lazy\" decoding=\"async\" width=\"704\" height=\"682\" src=\"https:\/\/lavaberg.mda.pl\/app\/uploads\/2023\/12\/Stocksy_txp7a4e8a88oEn200_Large_1434244-2.png\" class=\"attachment-section_image size-section_image\" alt=\"\" \/><\/div>\n        <\/div>\n    <\/div>\n<\/section>\n\n    <section class=\"slider-component\">\n        <div class=\"container section-slider swiper js-section-slider\">\n            <div class=\"section-slider__head\">\n                                    <div class=\"section-slider__head--title\">\n                        <h2>\n                            Inspiracje                        <\/h2>\n                    <\/div>\n                                    <div class=\"section--slider__head--link\">\n                        <a href=\"\/pl\/inspiracje\" class=\"button--link\">\n                            Zobacz wi\u0119cej                        <\/a>\n                    <\/div>\n                            <\/div>\n            <div class=\"swiper-wrapper section-slider__cards\">\n                \n<div class=\"section-slider__cards--slide swiper-slide\">\n    <a href=\"https:\/\/lavaberg.mda.pl\/app\/uploads\/2023\/12\/Eira_94-scaled.jpg\" class=\"inspiration-thumbnail-anchor\">\n        <img loading=\"lazy\" decoding=\"async\" width=\"2560\" height=\"2560\" src=\"https:\/\/lavaberg.mda.pl\/app\/uploads\/2023\/12\/Eira_94-scaled.jpg\" class=\"attachment-post-thumbnail size-post-thumbnail wp-post-image\" alt=\"\" srcset=\"https:\/\/lavaberg.mda.pl\/app\/uploads\/2023\/12\/Eira_94-scaled.jpg 2560w, https:\/\/lavaberg.mda.pl\/app\/uploads\/2023\/12\/Eira_94-150x150.jpg 150w, https:\/\/lavaberg.mda.pl\/app\/uploads\/2023\/12\/Eira_94-1024x1024.jpg 1024w, https:\/\/lavaberg.mda.pl\/app\/uploads\/2023\/12\/Eira_94-1536x1536.jpg 1536w, https:\/\/lavaberg.mda.pl\/app\/uploads\/2023\/12\/Eira_94-2048x2048.jpg 2048w, https:\/\/lavaberg.mda.pl\/app\/uploads\/2023\/12\/Eira_94-600x600.jpg 600w, https:\/\/lavaberg.mda.pl\/app\/uploads\/2023\/12\/Eira_94-704x704.jpg 704w\" sizes=\"(max-width: 2560px) 100vw, 2560px\" \/>    <\/a>\n<\/div>\n<div class=\"section-slider__cards--slide swiper-slide\">\n    <a href=\"https:\/\/lavaberg.mda.pl\/app\/uploads\/2023\/12\/Frosk-1800-03-of-scaled.jpg\" class=\"inspiration-thumbnail-anchor\">\n        <img loading=\"lazy\" decoding=\"async\" width=\"2560\" height=\"2560\" src=\"https:\/\/lavaberg.mda.pl\/app\/uploads\/2023\/12\/Frosk-1800-03-of-scaled.jpg\" class=\"attachment-post-thumbnail size-post-thumbnail wp-post-image\" alt=\"\" srcset=\"https:\/\/lavaberg.mda.pl\/app\/uploads\/2023\/12\/Frosk-1800-03-of-scaled.jpg 2560w, https:\/\/lavaberg.mda.pl\/app\/uploads\/2023\/12\/Frosk-1800-03-of-150x150.jpg 150w, https:\/\/lavaberg.mda.pl\/app\/uploads\/2023\/12\/Frosk-1800-03-of-1024x1024.jpg 1024w, https:\/\/lavaberg.mda.pl\/app\/uploads\/2023\/12\/Frosk-1800-03-of-1536x1536.jpg 1536w, https:\/\/lavaberg.mda.pl\/app\/uploads\/2023\/12\/Frosk-1800-03-of-2048x2048.jpg 2048w, https:\/\/lavaberg.mda.pl\/app\/uploads\/2023\/12\/Frosk-1800-03-of-600x600.jpg 600w, https:\/\/lavaberg.mda.pl\/app\/uploads\/2023\/12\/Frosk-1800-03-of-704x704.jpg 704w\" sizes=\"(max-width: 2560px) 100vw, 2560px\" \/>    <\/a>\n<\/div>\n<div class=\"section-slider__cards--slide swiper-slide\">\n    <a href=\"https:\/\/lavaberg.mda.pl\/app\/uploads\/2023\/12\/Magnus-120x80-Negro-scaled.jpg\" class=\"inspiration-thumbnail-anchor\">\n        <img loading=\"lazy\" decoding=\"async\" width=\"2560\" height=\"2560\" src=\"https:\/\/lavaberg.mda.pl\/app\/uploads\/2023\/12\/Magnus-120x80-Negro-scaled.jpg\" class=\"attachment-post-thumbnail size-post-thumbnail wp-post-image\" alt=\"\" srcset=\"https:\/\/lavaberg.mda.pl\/app\/uploads\/2023\/12\/Magnus-120x80-Negro-scaled.jpg 2560w, https:\/\/lavaberg.mda.pl\/app\/uploads\/2023\/12\/Magnus-120x80-Negro-150x150.jpg 150w, https:\/\/lavaberg.mda.pl\/app\/uploads\/2023\/12\/Magnus-120x80-Negro-1024x1024.jpg 1024w, https:\/\/lavaberg.mda.pl\/app\/uploads\/2023\/12\/Magnus-120x80-Negro-1536x1536.jpg 1536w, https:\/\/lavaberg.mda.pl\/app\/uploads\/2023\/12\/Magnus-120x80-Negro-2048x2048.jpg 2048w, https:\/\/lavaberg.mda.pl\/app\/uploads\/2023\/12\/Magnus-120x80-Negro-600x600.jpg 600w, https:\/\/lavaberg.mda.pl\/app\/uploads\/2023\/12\/Magnus-120x80-Negro-704x704.jpg 704w\" sizes=\"(max-width: 2560px) 100vw, 2560px\" \/>    <\/a>\n<\/div>\n<div class=\"section-slider__cards--slide swiper-slide\">\n    <a href=\"https:\/\/lavaberg.mda.pl\/app\/uploads\/2023\/12\/Oscar_450_33-scaled.jpg\" class=\"inspiration-thumbnail-anchor\">\n        <img loading=\"lazy\" decoding=\"async\" width=\"2560\" height=\"2560\" src=\"https:\/\/lavaberg.mda.pl\/app\/uploads\/2023\/12\/Oscar_450_33-scaled.jpg\" class=\"attachment-post-thumbnail size-post-thumbnail wp-post-image\" alt=\"\" srcset=\"https:\/\/lavaberg.mda.pl\/app\/uploads\/2023\/12\/Oscar_450_33-scaled.jpg 2560w, https:\/\/lavaberg.mda.pl\/app\/uploads\/2023\/12\/Oscar_450_33-150x150.jpg 150w, https:\/\/lavaberg.mda.pl\/app\/uploads\/2023\/12\/Oscar_450_33-1024x1024.jpg 1024w, https:\/\/lavaberg.mda.pl\/app\/uploads\/2023\/12\/Oscar_450_33-1536x1536.jpg 1536w, https:\/\/lavaberg.mda.pl\/app\/uploads\/2023\/12\/Oscar_450_33-2048x2048.jpg 2048w, https:\/\/lavaberg.mda.pl\/app\/uploads\/2023\/12\/Oscar_450_33-600x600.jpg 600w, https:\/\/lavaberg.mda.pl\/app\/uploads\/2023\/12\/Oscar_450_33-704x704.jpg 704w\" sizes=\"(max-width: 2560px) 100vw, 2560px\" \/>    <\/a>\n<\/div>\n<div class=\"section-slider__cards--slide swiper-slide\">\n    <a href=\"https:\/\/lavaberg.mda.pl\/app\/uploads\/2023\/12\/Skum-03-scaled.jpg\" class=\"inspiration-thumbnail-anchor\">\n        <img loading=\"lazy\" decoding=\"async\" width=\"2560\" height=\"2560\" src=\"https:\/\/lavaberg.mda.pl\/app\/uploads\/2023\/12\/Skum-03-scaled.jpg\" class=\"attachment-post-thumbnail size-post-thumbnail wp-post-image\" alt=\"\" srcset=\"https:\/\/lavaberg.mda.pl\/app\/uploads\/2023\/12\/Skum-03-scaled.jpg 2560w, https:\/\/lavaberg.mda.pl\/app\/uploads\/2023\/12\/Skum-03-150x150.jpg 150w, https:\/\/lavaberg.mda.pl\/app\/uploads\/2023\/12\/Skum-03-1024x1024.jpg 1024w, https:\/\/lavaberg.mda.pl\/app\/uploads\/2023\/12\/Skum-03-1536x1536.jpg 1536w, https:\/\/lavaberg.mda.pl\/app\/uploads\/2023\/12\/Skum-03-2048x2048.jpg 2048w, https:\/\/lavaberg.mda.pl\/app\/uploads\/2023\/12\/Skum-03-600x600.jpg 600w, https:\/\/lavaberg.mda.pl\/app\/uploads\/2023\/12\/Skum-03-704x704.jpg 704w\" sizes=\"(max-width: 2560px) 100vw, 2560px\" \/>    <\/a>\n<\/div>\n<div class=\"section-slider__cards--slide swiper-slide\">\n    <a href=\"https:\/\/lavaberg.mda.pl\/app\/uploads\/2023\/12\/Vind-94-scaled.jpg\" class=\"inspiration-thumbnail-anchor\">\n        <img loading=\"lazy\" decoding=\"async\" width=\"2560\" height=\"2560\" src=\"https:\/\/lavaberg.mda.pl\/app\/uploads\/2023\/12\/Vind-94-scaled.jpg\" class=\"attachment-post-thumbnail size-post-thumbnail wp-post-image\" alt=\"\" srcset=\"https:\/\/lavaberg.mda.pl\/app\/uploads\/2023\/12\/Vind-94-scaled.jpg 2560w, https:\/\/lavaberg.mda.pl\/app\/uploads\/2023\/12\/Vind-94-150x150.jpg 150w, https:\/\/lavaberg.mda.pl\/app\/uploads\/2023\/12\/Vind-94-1024x1024.jpg 1024w, https:\/\/lavaberg.mda.pl\/app\/uploads\/2023\/12\/Vind-94-1536x1536.jpg 1536w, https:\/\/lavaberg.mda.pl\/app\/uploads\/2023\/12\/Vind-94-2048x2048.jpg 2048w, https:\/\/lavaberg.mda.pl\/app\/uploads\/2023\/12\/Vind-94-600x600.jpg 600w, https:\/\/lavaberg.mda.pl\/app\/uploads\/2023\/12\/Vind-94-704x704.jpg 704w\" sizes=\"(max-width: 2560px) 100vw, 2560px\" \/>    <\/a>\n<\/div>            <\/div>\n            <div class=\"swiper-scrollbar js-swiper-scrollbar\"><\/div>\n        <\/div>\n    <\/section>\n","protected":false},"excerpt":{"rendered":"","protected":false},"author":1,"featured_media":110,"parent":0,"menu_order":0,"comment_status":"closed","ping_status":"closed","template":"","meta":{"footnotes":""},"acf":[],"yoast_head":"<!-- This site is optimized with the Yoast SEO plugin v21.6 - https:\/\/yoast.com\/wordpress\/plugins\/seo\/ -->\n<title>Strona G\u0142\u00f3wna - Lavaberg<\/title>\n<meta name=\"robots\" content=\"noindex, follow, max-snippet:-1, max-image-preview:large, max-video-preview:-1\" \/>\n<meta property=\"og:locale\" content=\"pl_PL\" \/>\n<meta property=\"og:type\" content=\"article\" \/>\n<meta property=\"og:title\" content=\"Strona G\u0142\u00f3wna - Lavaberg\" \/>\n<meta property=\"og:url\" content=\"https:\/\/lavaberg.mda.pl\/pl\/\" \/>\n<meta property=\"og:site_name\" content=\"Lavaberg\" \/>\n<meta property=\"article:modified_time\" content=\"2024-01-31T13:24:46+00:00\" \/>\n<meta property=\"og:image\" content=\"https:\/\/lavaberg.mda.pl\/app\/uploads\/2023\/12\/AdobeStock_411855952-1024x320.png\" \/>\n\t<meta property=\"og:image:width\" content=\"1024\" \/>\n\t<meta property=\"og:image:height\" content=\"320\" \/>\n\t<meta property=\"og:image:type\" content=\"image\/png\" \/>\n<meta name=\"twitter:card\" content=\"summary_large_image\" \/>\n<script type=\"application\/ld+json\" class=\"yoast-schema-graph\">{\"@context\":\"https:\/\/schema.org\",\"@graph\":[{\"@type\":\"WebPage\",\"@id\":\"https:\/\/lavaberg.mda.pl\/pl\/\",\"url\":\"https:\/\/lavaberg.mda.pl\/pl\/\",\"name\":\"Strona G\u0142\u00f3wna - Lavaberg\",\"isPartOf\":{\"@id\":\"https:\/\/lavaberg.mda.pl\/pl\/#website\"},\"datePublished\":\"2023-12-04T07:31:51+00:00\",\"dateModified\":\"2024-01-31T13:24:46+00:00\",\"breadcrumb\":{\"@id\":\"https:\/\/lavaberg.mda.pl\/pl\/#breadcrumb\"},\"inLanguage\":\"pl-PL\",\"potentialAction\":[{\"@type\":\"ReadAction\",\"target\":[\"https:\/\/lavaberg.mda.pl\/pl\/\"]}]},{\"@type\":\"BreadcrumbList\",\"@id\":\"https:\/\/lavaberg.mda.pl\/pl\/#breadcrumb\",\"itemListElement\":[{\"@type\":\"ListItem\",\"position\":1,\"name\":\"Home\",\"item\":\"https:\/\/lavaberg.mda.pl\/pl\/\"},{\"@type\":\"ListItem\",\"position\":2,\"name\":\"Strona G\u0142\u00f3wna\"}]},{\"@type\":\"WebSite\",\"@id\":\"https:\/\/lavaberg.mda.pl\/pl\/#website\",\"url\":\"https:\/\/lavaberg.mda.pl\/pl\/\",\"name\":\"Lavaberg\",\"description\":\"\",\"potentialAction\":[{\"@type\":\"SearchAction\",\"target\":{\"@type\":\"EntryPoint\",\"urlTemplate\":\"https:\/\/lavaberg.mda.pl\/pl\/?s={search_term_string}\"},\"query-input\":\"required name=search_term_string\"}],\"inLanguage\":\"pl-PL\"}]}<\/script>\n<!-- \/ Yoast SEO plugin. -->","yoast_head_json":{"title":"Strona G\u0142\u00f3wna - Lavaberg","robots":{"index":"noindex","follow":"follow","max-snippet":"max-snippet:-1","max-image-preview":"max-image-preview:large","max-video-preview":"max-video-preview:-1"},"og_locale":"pl_PL","og_type":"article","og_title":"Strona G\u0142\u00f3wna - Lavaberg","og_url":"https:\/\/lavaberg.mda.pl\/pl\/","og_site_name":"Lavaberg","article_modified_time":"2024-01-31T13:24:46+00:00","og_image":[{"width":1024,"height":320,"url":"https:\/\/lavaberg.mda.pl\/app\/uploads\/2023\/12\/AdobeStock_411855952-1024x320.png","type":"image\/png"}],"twitter_card":"summary_large_image","schema":{"@context":"https:\/\/schema.org","@graph":[{"@type":"WebPage","@id":"https:\/\/lavaberg.mda.pl\/pl\/","url":"https:\/\/lavaberg.mda.pl\/pl\/","name":"Strona G\u0142\u00f3wna - Lavaberg","isPartOf":{"@id":"https:\/\/lavaberg.mda.pl\/pl\/#website"},"datePublished":"2023-12-04T07:31:51+00:00","dateModified":"2024-01-31T13:24:46+00:00","breadcrumb":{"@id":"https:\/\/lavaberg.mda.pl\/pl\/#breadcrumb"},"inLanguage":"pl-PL","potentialAction":[{"@type":"ReadAction","target":["https:\/\/lavaberg.mda.pl\/pl\/"]}]},{"@type":"BreadcrumbList","@id":"https:\/\/lavaberg.mda.pl\/pl\/#breadcrumb","itemListElement":[{"@type":"ListItem","position":1,"name":"Home","item":"https:\/\/lavaberg.mda.pl\/pl\/"},{"@type":"ListItem","position":2,"name":"Strona G\u0142\u00f3wna"}]},{"@type":"WebSite","@id":"https:\/\/lavaberg.mda.pl\/pl\/#website","url":"https:\/\/lavaberg.mda.pl\/pl\/","name":"Lavaberg","description":"","potentialAction":[{"@type":"SearchAction","target":{"@type":"EntryPoint","urlTemplate":"https:\/\/lavaberg.mda.pl\/pl\/?s={search_term_string}"},"query-input":"required name=search_term_string"}],"inLanguage":"pl-PL"}]}},"_links":{"self":[{"href":"https:\/\/lavaberg.mda.pl\/pl\/wp-json\/wp\/v2\/pages\/123"}],"collection":[{"href":"https:\/\/lavaberg.mda.pl\/pl\/wp-json\/wp\/v2\/pages"}],"about":[{"href":"https:\/\/lavaberg.mda.pl\/pl\/wp-json\/wp\/v2\/types\/page"}],"author":[{"embeddable":true,"href":"https:\/\/lavaberg.mda.pl\/pl\/wp-json\/wp\/v2\/users\/1"}],"replies":[{"embeddable":true,"href":"https:\/\/lavaberg.mda.pl\/pl\/wp-json\/wp\/v2\/comments?post=123"}],"version-history":[{"count":3,"href":"https:\/\/lavaberg.mda.pl\/pl\/wp-json\/wp\/v2\/pages\/123\/revisions"}],"predecessor-version":[{"id":14196,"href":"https:\/\/lavaberg.mda.pl\/pl\/wp-json\/wp\/v2\/pages\/123\/revisions\/14196"}],"wp:featuredmedia":[{"embeddable":true,"href":"https:\/\/lavaberg.mda.pl\/pl\/wp-json\/wp\/v2\/media\/110"}],"wp:attachment":[{"href":"https:\/\/lavaberg.mda.pl\/pl\/wp-json\/wp\/v2\/media?parent=123"}],"curies":[{"name":"wp","href":"https:\/\/api.w.org\/{rel}","templated":true}]}}