{"id":775,"date":"2023-12-06T15:20:35","date_gmt":"2023-12-06T15:20:35","guid":{"rendered":"https:\/\/lavaberg.mda.pl\/guarantee\/"},"modified":"2024-01-09T12:54:56","modified_gmt":"2024-01-09T12:54:56","slug":"garantie","status":"publish","type":"page","link":"https:\/\/lavaberg.mda.pl\/fr\/garantie\/","title":{"rendered":"Garantie"},"content":{"rendered":"\n<ul class=\"has-large-font-size\">\n<li class=\"custom-list has-large-font-size\">1 Dispositions g\u00e9n\u00e9rales<\/li>\n<\/ul>\n\n\n\n<ol>\n<li>Zatura S.L.U., dont le si\u00e8ge social est situ\u00e9 \u00e0 Castellon (Espagne), Pol\u00edgono Industrial Belcaire, Calle C, Parcela 1201, La Vall D&#8217;Uix\u00f3, 12600, enregistr\u00e9e sous le num\u00e9ro fiscal espagnol (N.I.F.) B-87582201, fabricant de lavabos, de receveurs de douche et de baignoires sous la marque LAVABERG (ci-apr\u00e8s d\u00e9nomm\u00e9s &#8220;les Produits&#8221;, ou individuellement &#8220;le Produit&#8221;), sera le Garant.<\/li>\n\n\n\n<li>La garantie accord\u00e9e comprend l&#8217;assurance que le produit est exempt de tout d\u00e9faut physique survenu au cours du processus de fabrication des produits ou r\u00e9sultant de l&#8217;utilisation de mat\u00e9riaux inappropri\u00e9s pour la fabrication des produits, ce qui rendrait le produit impropre \u00e0 l&#8217;usage auquel il est destin\u00e9. En particulier, le garant n&#8217;est pas responsable des d\u00e9fauts du produit r\u00e9sultant : (i) de dommages m\u00e9caniques du produit apr\u00e8s sa remise au client et (ii) de l&#8217;usure normale des produits, y compris les rayures superficielles apparues lors de l&#8217;utilisation du produit.<\/li>\n\n\n\n<li>L&#8217;\u00e9tendue de la responsabilit\u00e9 du Garant a \u00e9t\u00e9 d\u00e9finie au \u00a7 1 section 3 du pr\u00e9sent document. Dans le cadre de la pr\u00e9sente Garantie, le Garant n&#8217;est pas responsable des dommages r\u00e9sultant de la d\u00e9fectuosit\u00e9 du Produit (c&#8217;est-\u00e0-dire les dommages caus\u00e9s aux biens du Client par le Produit d\u00e9fectueux).<\/li>\n\n\n\n<li>La garantie s&#8217;applique dans les conditions suivantes:\u2028<br>a. le Produit est assembl\u00e9 conform\u00e9ment aux recommandations du Garant incluses dans le manuel et conform\u00e9ment aux r\u00e8gles \u00e9tablies des pratiques de construction, ainsi qu&#8217;aux normes harmonis\u00e9es appropri\u00e9es,<br>b. le produit est utilis\u00e9 conform\u00e9ment \u00e0 l&#8217;usage auquel il est destin\u00e9;<br>c. le produit est entretenu conform\u00e9ment aux recommandations du garant sp\u00e9cifi\u00e9es dans les instructions d&#8217;entretien et de nettoyage jointes au produit et disponibles sur le site web <a href=\"http:\/\/www.lavaberg.com\">www.lavaberg.com<\/a>.<\/li>\n<\/ol>\n\n\n\n<ul>\n<li class=\"custom-list has-large-font-size\">2. Dur\u00e9e et territoire de la garantie<\/li>\n<\/ul>\n\n\n\n<ol>\n<li>La dur\u00e9e de la garantie d\u00e9pend de la cat\u00e9gorie de produits distribu\u00e9s par le garant et s&#8217;\u00e9l\u00e8ve \u00e0:\u2028<br>a. 5 ans \u00e0 compter du jour o\u00f9 le produit est remis au client &#8211; pour les baignoires;<br>b. 10 ans \u00e0 compter du jour o\u00f9 le produit est remis au client &#8211; pour les lavabos et les receveurs de douche.\u2028<\/li>\n\n\n\n<li>La garantie est valable sur le territoire des pays de la Communaut\u00e9 europ\u00e9enne (CE).<\/li>\n<\/ol>\n\n\n\n<ul>\n<li class=\"custom-list has-large-font-size\">3. Suppression des d\u00e9fauts du produit<\/li>\n<\/ul>\n\n\n\n<ol>\n<li>La proc\u00e9dure d\u00e9taill\u00e9e de traitement des plaintes est disponible au point d&#8217;achat du produit\u2028<\/li>\n\n\n\n<li>Dans un d\u00e9lai de 14 jours ouvrables \u00e0 compter de la date \u00e0 laquelle la r\u00e9clamation a \u00e9t\u00e9 d\u00fbment soumise par le client, le garant traite la r\u00e9clamation et informe le client de l&#8217;acceptation ou du rejet de la r\u00e9clamation du client.\u2028<\/li>\n\n\n\n<li>Si la r\u00e9clamation est accept\u00e9e par le garant, le garant ou une entit\u00e9 d\u00e9sign\u00e9e par le garant supprime les d\u00e9fauts accept\u00e9s par le garant dans un d\u00e9lai de 14 jours \u00e0 compter de la date \u00e0 laquelle le client a \u00e9t\u00e9 inform\u00e9 que la r\u00e9clamation a \u00e9t\u00e9 accept\u00e9e ou \u00e0 compter de la date \u00e0 laquelle le d\u00e9lai pour informer le client du traitement de la r\u00e9clamation s&#8217;est \u00e9coul\u00e9. En cas de litige, si l&#8217;avis de l&#8217;expert confirme la position du client, le garant ou une entit\u00e9 d\u00e9sign\u00e9e par le garant \u00e9liminera les d\u00e9fauts du produit r\u00e9clam\u00e9 dans un d\u00e9lai de 14 jours \u00e0 compter de la date \u00e0 laquelle le garant a re\u00e7u l&#8217;avis de l&#8217;expert.\u2028<\/li>\n\n\n\n<li>Les d\u00e9fauts du produit peuvent \u00eatre \u00e9limin\u00e9s par:\u2028<br>a. la livraison d&#8217;un nouveau produit par le garant aux frais du garant ; ou<br>b. la r\u00e9paration du produit r\u00e9clam\u00e9 par le garant aux frais du garant ; ou<br>c. le remboursement du prix auquel le produit a \u00e9t\u00e9 achet\u00e9 par le client au garant<br>Le choix de la mani\u00e8re dont le d\u00e9faut du produit est \u00e9limin\u00e9 reste \u00e0 la seule discr\u00e9tion du garant.\u2028<\/li>\n\n\n\n<li>Le garant ne prend pas en charge les co\u00fbts de collecte, de livraison et de recyclage du produit r\u00e9clam\u00e9, sauf si le produit r\u00e9clam\u00e9 a \u00e9t\u00e9 envoy\u00e9 au garant \u00e0 sa demande au cours de la proc\u00e9dure de r\u00e9clamation et que la r\u00e9clamation a \u00e9t\u00e9 accept\u00e9e par le garant.<\/li>\n<\/ol>\n\n\n\n<ul>\n<li class=\"custom-list has-large-font-size\">4. Dispositions finales<\/li>\n<\/ul>\n\n\n\n<ol>\n<li>Les dispositions pertinentes du code civil polonais s&#8217;appliquent \u00e0 toutes les questions qui ne sont pas r\u00e9gl\u00e9es dans le pr\u00e9sent document.\u2028<\/li>\n\n\n\n<li>Tout litige survenant entre le Garant et le Client sera r\u00e9gl\u00e9 par un tribunal polonais comp\u00e9tent pour le si\u00e8ge social du Garant.<\/li>\n<\/ol>\n\n\n\n<div style=\"height:104px\" aria-hidden=\"true\" class=\"wp-block-spacer\"><\/div>\n","protected":false},"excerpt":{"rendered":"","protected":false},"author":1,"featured_media":0,"parent":0,"menu_order":0,"comment_status":"closed","ping_status":"closed","template":"page-templates\/policy.php","meta":{"footnotes":""},"acf":[],"yoast_head":"<!-- This site is optimized with the Yoast SEO plugin v21.6 - https:\/\/yoast.com\/wordpress\/plugins\/seo\/ -->\n<title>Garantie - Lavaberg<\/title>\n<meta name=\"robots\" content=\"noindex, follow, max-snippet:-1, max-image-preview:large, max-video-preview:-1\" \/>\n<meta property=\"og:locale\" content=\"fr_FR\" \/>\n<meta property=\"og:type\" content=\"article\" \/>\n<meta property=\"og:title\" content=\"Garantie - Lavaberg\" \/>\n<meta property=\"og:url\" content=\"https:\/\/lavaberg.mda.pl\/fr\/garantie\/\" \/>\n<meta property=\"og:site_name\" content=\"Lavaberg\" \/>\n<meta property=\"article:modified_time\" content=\"2024-01-09T12:54:56+00:00\" \/>\n<meta name=\"twitter:card\" content=\"summary_large_image\" \/>\n<meta name=\"twitter:label1\" content=\"Est. reading time\" \/>\n\t<meta name=\"twitter:data1\" content=\"4 minutes\" \/>\n<script type=\"application\/ld+json\" class=\"yoast-schema-graph\">{\"@context\":\"https:\/\/schema.org\",\"@graph\":[{\"@type\":\"WebPage\",\"@id\":\"https:\/\/lavaberg.mda.pl\/fr\/garantie\/\",\"url\":\"https:\/\/lavaberg.mda.pl\/fr\/garantie\/\",\"name\":\"Garantie - Lavaberg\",\"isPartOf\":{\"@id\":\"https:\/\/lavaberg.mda.pl\/fr\/#website\"},\"datePublished\":\"2023-12-06T15:20:35+00:00\",\"dateModified\":\"2024-01-09T12:54:56+00:00\",\"breadcrumb\":{\"@id\":\"https:\/\/lavaberg.mda.pl\/fr\/garantie\/#breadcrumb\"},\"inLanguage\":\"fr-FR\",\"potentialAction\":[{\"@type\":\"ReadAction\",\"target\":[\"https:\/\/lavaberg.mda.pl\/fr\/garantie\/\"]}]},{\"@type\":\"BreadcrumbList\",\"@id\":\"https:\/\/lavaberg.mda.pl\/fr\/garantie\/#breadcrumb\",\"itemListElement\":[{\"@type\":\"ListItem\",\"position\":1,\"name\":\"Home\",\"item\":\"https:\/\/lavaberg.mda.pl\/fr\/\"},{\"@type\":\"ListItem\",\"position\":2,\"name\":\"Garantie\"}]},{\"@type\":\"WebSite\",\"@id\":\"https:\/\/lavaberg.mda.pl\/fr\/#website\",\"url\":\"https:\/\/lavaberg.mda.pl\/fr\/\",\"name\":\"Lavaberg\",\"description\":\"\",\"potentialAction\":[{\"@type\":\"SearchAction\",\"target\":{\"@type\":\"EntryPoint\",\"urlTemplate\":\"https:\/\/lavaberg.mda.pl\/fr\/?s={search_term_string}\"},\"query-input\":\"required name=search_term_string\"}],\"inLanguage\":\"fr-FR\"}]}<\/script>\n<!-- \/ Yoast SEO plugin. -->","yoast_head_json":{"title":"Garantie - Lavaberg","robots":{"index":"noindex","follow":"follow","max-snippet":"max-snippet:-1","max-image-preview":"max-image-preview:large","max-video-preview":"max-video-preview:-1"},"og_locale":"fr_FR","og_type":"article","og_title":"Garantie - Lavaberg","og_url":"https:\/\/lavaberg.mda.pl\/fr\/garantie\/","og_site_name":"Lavaberg","article_modified_time":"2024-01-09T12:54:56+00:00","twitter_card":"summary_large_image","twitter_misc":{"Est. reading time":"4 minutes"},"schema":{"@context":"https:\/\/schema.org","@graph":[{"@type":"WebPage","@id":"https:\/\/lavaberg.mda.pl\/fr\/garantie\/","url":"https:\/\/lavaberg.mda.pl\/fr\/garantie\/","name":"Garantie - Lavaberg","isPartOf":{"@id":"https:\/\/lavaberg.mda.pl\/fr\/#website"},"datePublished":"2023-12-06T15:20:35+00:00","dateModified":"2024-01-09T12:54:56+00:00","breadcrumb":{"@id":"https:\/\/lavaberg.mda.pl\/fr\/garantie\/#breadcrumb"},"inLanguage":"fr-FR","potentialAction":[{"@type":"ReadAction","target":["https:\/\/lavaberg.mda.pl\/fr\/garantie\/"]}]},{"@type":"BreadcrumbList","@id":"https:\/\/lavaberg.mda.pl\/fr\/garantie\/#breadcrumb","itemListElement":[{"@type":"ListItem","position":1,"name":"Home","item":"https:\/\/lavaberg.mda.pl\/fr\/"},{"@type":"ListItem","position":2,"name":"Garantie"}]},{"@type":"WebSite","@id":"https:\/\/lavaberg.mda.pl\/fr\/#website","url":"https:\/\/lavaberg.mda.pl\/fr\/","name":"Lavaberg","description":"","potentialAction":[{"@type":"SearchAction","target":{"@type":"EntryPoint","urlTemplate":"https:\/\/lavaberg.mda.pl\/fr\/?s={search_term_string}"},"query-input":"required name=search_term_string"}],"inLanguage":"fr-FR"}]}},"_links":{"self":[{"href":"https:\/\/lavaberg.mda.pl\/fr\/wp-json\/wp\/v2\/pages\/775"}],"collection":[{"href":"https:\/\/lavaberg.mda.pl\/fr\/wp-json\/wp\/v2\/pages"}],"about":[{"href":"https:\/\/lavaberg.mda.pl\/fr\/wp-json\/wp\/v2\/types\/page"}],"author":[{"embeddable":true,"href":"https:\/\/lavaberg.mda.pl\/fr\/wp-json\/wp\/v2\/users\/1"}],"replies":[{"embeddable":true,"href":"https:\/\/lavaberg.mda.pl\/fr\/wp-json\/wp\/v2\/comments?post=775"}],"version-history":[{"count":3,"href":"https:\/\/lavaberg.mda.pl\/fr\/wp-json\/wp\/v2\/pages\/775\/revisions"}],"predecessor-version":[{"id":3410,"href":"https:\/\/lavaberg.mda.pl\/fr\/wp-json\/wp\/v2\/pages\/775\/revisions\/3410"}],"wp:attachment":[{"href":"https:\/\/lavaberg.mda.pl\/fr\/wp-json\/wp\/v2\/media?parent=775"}],"curies":[{"name":"wp","href":"https:\/\/api.w.org\/{rel}","templated":true}]}}