{"id":773,"date":"2023-12-06T15:20:53","date_gmt":"2023-12-06T15:20:53","guid":{"rendered":"https:\/\/lavaberg.mda.pl\/cookie-policy\/"},"modified":"2024-01-09T12:51:04","modified_gmt":"2024-01-09T12:51:04","slug":"politique-des-cookies","status":"publish","type":"page","link":"https:\/\/lavaberg.mda.pl\/fr\/politique-des-cookies\/","title":{"rendered":"Politique des cookies"},"content":{"rendered":"\n<p>Dans le cadre de nos activit\u00e9s nous utilisons des cookies pour rendre correctement notre site web et surveiller et analyser le trafic sur notre site. L&#8217;utilisation des cookies est r\u00e9glement\u00e9e par la directive ePrivacy en conjonction avec le RGPD (RGPD). Vous trouverez des informations d\u00e9taill\u00e9es sur les r\u00e8gles de stockage et d&#8217;acc\u00e8s aux informations sur vos appareils \u00e0 l&#8217;aide de cookies ci-dessous. Par &#8220;appareils&#8221;, nous entendons les appareils \u00e9lectroniques que vous utilisez pour acc\u00e9der \u00e0 notre site.<\/p>\n\n\n\n<p>Si vous consentez \u00e0 l&#8217;utilisation de cookies non essentiels, cela nous permettra d&#8217;analyser l&#8217;utilisation de notre site web. De plus, nous pouvons effectuer diverses actions marketing en fonction de vos interactions avec le site web, d&#8217;autres canaux marketing et d&#8217;autres tiers, tels que les r\u00e9seaux sociaux.<\/p>\n\n\n\n<ul class=\"has-large-font-size\">\n<li class=\"custom-list has-large-font-size\">1 Qu&#8217;est-ce que les cookies et pourquoi sont-ils n\u00e9cessaires<\/li>\n<\/ul>\n\n\n\n<p>Un cookie se compose d&#8217;une cl\u00e9 et d&#8217;une valeur et est g\u00e9r\u00e9 par le navigateur de l&#8217;utilisateur, souvent stock\u00e9 dans une base de donn\u00e9es. Les cookies aident \u00e0 reconna\u00eetre les utilisateurs pendant les sessions, \u00e0 fournir des fonctionnalit\u00e9s de boutique, par exemple. Ils peuvent \u00e9galement renforcer la s\u00e9curit\u00e9 d&#8217;un site web. Les cookies peuvent \u00e9galement \u00eatre utilis\u00e9s \u00e0 des fins analytiques.<\/p>\n\n\n\n<p>Certains cookies sont essentiels pour un site web, tandis que d&#8217;autres sont non essentiels (fonctionnels, statistiques, marketing). Les cookies essentiels ne n\u00e9cessitent pas le consentement pr\u00e9alable de la personne concern\u00e9e, tandis que les cookies non essentiels ne peuvent \u00eatre utilis\u00e9s qu&#8217;avec le consentement pr\u00e9alable de la personne concern\u00e9e, conform\u00e9ment au RGPD et \u00e0 la directive ePrivacy. Le site web peut s&#8217;afficher correctement sans les cookies essentiels, mais certaines zones peuvent ne pas fonctionner correctement. Les cookies essentiels permettent les fonctionnalit\u00e9s de base de notre site web et sa s\u00e9curit\u00e9. Les cookies essentiels ne peuvent \u00eatre bloqu\u00e9s que par des param\u00e8tres appropri\u00e9s dans votre navigateur. Les cookies de session ne sont utilis\u00e9s que pour votre session. Ils sont stock\u00e9s sur votre appareil jusqu&#8217;\u00e0 la fin de la session du navigateur. Apr\u00e8s la fin de la session, ils sont d\u00e9finitivement supprim\u00e9s de la m\u00e9moire de votre appareil. Les cookies non essentiels que nous utilisons sont utilis\u00e9s \u00e0 des fins analytiques et fonctionnelles et sont stock\u00e9s sur votre appareil pendant la p\u00e9riode de stockage mentionn\u00e9e. Ils restent sur votre appareil jusqu&#8217;\u00e0 la fin de la p\u00e9riode de stockage. Ces cookies ne sont pas supprim\u00e9s de votre appareil apr\u00e8s la fin d&#8217;une session de navigateur ou apr\u00e8s l&#8217;extinction de l&#8217;appareil. Vous pouvez supprimer manuellement ces cookies via les param\u00e8tres de confidentialit\u00e9 des donn\u00e9es de votre navigateur. Les cookies peuvent \u00e9galement \u00eatre distingu\u00e9s par le fait qu&#8217;ils sont contr\u00f4l\u00e9s par le responsable du site web (cookies dits first-party) ou par un tiers (cookies dits third-party). Les cookies first-party sont g\u00e9r\u00e9s par le site web actuellement consult\u00e9 et ne peuvent \u00eatre lus que par ce site web. Les cookies third-party, en revanche, sont g\u00e9r\u00e9s par des tiers. Un tiers est un fournisseur d&#8217;un outil. Lorsqu&#8217;un tel outil tiers est charg\u00e9, le navigateur ajoute tous les cookies qu&#8217;il a stock\u00e9s dans le m\u00eame domaine que l&#8217;outil au t\u00e9l\u00e9chargement. Un cookie third-party ne peut \u00eatre g\u00e9n\u00e9r\u00e9 que sur le serveur \u00e0 partir duquel le fichier est t\u00e9l\u00e9charg\u00e9.<\/p>\n\n\n\n<ul>\n<li class=\"custom-list has-large-font-size\">2 \u00c0 quoi servent les cookies<\/li>\n<\/ul>\n\n\n\n<p>Par d\u00e9faut, nous n&#8217;utilisons que des cookies essentiels. En particulier, nous utilisons des cookies pour:<\/p>\n\n\n\n<ul>\n<li>Adapter le contenu de notre site web aux pr\u00e9f\u00e9rences des utilisateurs,<\/li>\n\n\n\n<li>Assurer la fonctionnalit\u00e9 maximale de notre site web et, par cons\u00e9quent, optimiser son utilisation,<\/li>\n\n\n\n<li>Se souvenir de l&#8217;historique des pages visit\u00e9es sur notre site web, afin que nous puissions recommander un contenu pertinent,<\/li>\n\n\n\n<li>Se souvenir des param\u00e8tres que vous avez choisis et personnaliser votre interface (par exemple, la langue ou la r\u00e9gion s\u00e9lectionn\u00e9e),<\/li>\n\n\n\n<li>Reconna\u00eetre les param\u00e8tres de base de votre appareil pour afficher correctement notre site web,<\/li>\n\n\n\n<li>V\u00e9rifier les sources des redirections des utilisateurs vers notre site web,<\/li>\n\n\n\n<li>Vous fournir des informations pertinentes pour votre emplacement,<\/li>\n\n\n\n<li>Cr\u00e9er des statistiques (anonymes) pour am\u00e9liorer notre site web,<\/li>\n\n\n\n<li>Assurer la s\u00e9curit\u00e9 et la fiabilit\u00e9 de notre site web,<\/li>\n\n\n\n<li>Atteindre les objectifs marketing.<\/li>\n<\/ul>\n\n\n\n<p><\/p>\n\n\n\n<ul>\n<li class=\"custom-list has-large-font-size\">3 Cookies que nous utilisons sur notre site web<\/li>\n<\/ul>\n\n\n\n<p>Le tableau suivant r\u00e9pertorie les cookies que nous utilisons actuellement sur notre site web :<\/p>\n\n\n\n<figure class=\"wp-block-table\"><table><tbody><tr><td>Nom du cookie<\/td><td>Type\u00a0<\/td><td>Objectif<\/td><td>Expiration<\/td><td>Domaine<\/td><\/tr><tr><td>_ga<\/td><td>Non essentiel<\/td><td>Pour calculer les donn\u00e9es relatives aux visiteurs, aux sessions et aux campagnes et suivre l&#8217;utilisation du site web pour cr\u00e9er un rapport d&#8217;analyse du site web. Le cookie stocke les informations de mani\u00e8re anonyme et attribue un num\u00e9ro g\u00e9n\u00e9r\u00e9 de mani\u00e8re al\u00e9atoire pour reconna\u00eetre les visiteurs uniques.<\/td><td>13 mois<\/td><td>.lavaberg.com<\/td><\/tr><tr><td>_gat_gtag_UA_*<\/td><td>Non essentiel<\/td><td>Pour reconna\u00eetre les utilisateurs.<\/td><td>1 min.<\/td><td>.lavaberg.com<\/td><\/tr><tr><td>_gid<\/td><td>Non essentiel<\/td><td>Pour stocker des informations sur la mani\u00e8re dont les visiteurs utilisent un site web et cr\u00e9er un rapport d&#8217;analyse sur la performance du site web. Les donn\u00e9es collect\u00e9es comprennent le nombre de visiteurs, leur source et les pages qu&#8217;ils visitent de mani\u00e8re anonyme.<\/td><td>1 jour<\/td><td>.lavaberg.com<\/td><\/tr><tr><td>cookie_notice_accepted<\/td><td>Essentiel<\/td><td>Pour enregistrer le consentement de la personne concern\u00e9e.<\/td><td>1 min.<\/td><td>.lavaberg.com<\/td><\/tr><tr><td>PHPSESSID<\/td><td>Essentiel<\/td><td>Pour stocker l&#8217;identifiant de session unique d&#8217;un utilisateur \u00e0 des fins d&#8217;identification afin de g\u00e9rer la session de l&#8217;utilisateur.<\/td><td>2 heures<\/td><td>.lavaberg.com<\/td><\/tr><tr><td>wp-wpml_current_lang<\/td><td>Essentiel<\/td><td>Cookie pour m\u00e9moriser les param\u00e8tres de langue.<\/td><td>session<\/td><td>.lavaberg.com<\/td><\/tr><\/tbody><\/table><\/figure>\n\n\n\n<ul>\n<li class=\"custom-list has-large-font-size\">4 S\u00e9curit\u00e9 de vos appareils<\/li>\n<\/ul>\n\n\n\n<p>Les fichiers t\u00e9moins que nous utilisons sont s\u00fbrs pour vos appareils. Il est impossible de transmettre des virus ou d&#8217;autres logiciels ind\u00e9sirables ou malveillants sur vos appareils par le biais des fichiers t\u00e9moins.<\/p>\n\n\n\n<ul>\n<li class=\"custom-list has-large-font-size\">5 Param\u00e8tres\/Suppression des fichiers t\u00e9moins dans le navigateur<\/li>\n<\/ul>\n\n\n\n<p>Vous pouvez ajuster les param\u00e8tres de votre navigateur pour \u00eatre inform\u00e9 lorsqu&#8217;un fichier t\u00e9moin est envoy\u00e9, ou pour bloquer les fichiers t\u00e9moins. Des informations d\u00e9taill\u00e9es sur la d\u00e9sactivation des fichiers t\u00e9moins se trouvent dans les param\u00e8tres du logiciel (navigateur Internet). Vous pouvez apporter des modifications aux fichiers t\u00e9moins \u00e0 tout moment. Vous pouvez \u00e9galement supprimer les fichiers t\u00e9moins de votre appareil \u00e0 tout moment.<\/p>\n\n\n\n<p>Ci-dessous, vous trouverez des liens indiquant comment d\u00e9sactiver les fichiers t\u00e9moins dans les navigateurs Internet les plus populaires :<\/p>\n\n\n\n<ol style=\"list-style-type:lower-alpha\">\n<li>Google Chrome \u2013&nbsp;<a href=\"http:\/\/support.google.com\/chrome\/bin\/answer.py?hl=pl&amp;&amp;answer=95647\">d\u00e9sactivation des fichiers cookies dans Chrome<\/a><\/li>\n\n\n\n<li>Mozilla Firefox \u2013&nbsp;<a href=\"http:\/\/support.mozilla.org\/pl\/kb\/W%C5%82%C4%85czanie%20i%20wy%C5%82%C4%85czanie%20obs%C5%82ugi%20ciasteczek\">d\u00e9sactivation des fichiers cookies dans Firefox<\/a><\/li>\n\n\n\n<li>Internet Explorer \u2013\u00a0<a href=\"http:\/\/windows.microsoft.com\/pl-pl\/windows7\/block-enable-or-allow-cookies\">d\u00e9sactivation des fichiers cookies dans IE<\/a><\/li>\n<\/ol>\n\n\n\n<p>Cependant, limiter l&#8217;utilisation des fichiers t\u00e9moins peut avoir un impact sur les fonctionnalit\u00e9s disponibles sur notre site web.<\/p>\n\n\n\n<ul>\n<li class=\"custom-list has-large-font-size\">6 Gestion du consentement<\/li>\n<\/ul>\n\n\n\n<p>Vous pouvez g\u00e9rer vos pr\u00e9f\u00e9rences en mati\u00e8re de fichiers t\u00e9moins sur notre site web, y compris r\u00e9voquer le consentement que vous nous avez d\u00e9j\u00e0 donn\u00e9, via notre banni\u00e8re de conformit\u00e9 aux fichiers t\u00e9moins.<\/p>\n\n\n\n<div style=\"height:104px\" aria-hidden=\"true\" class=\"wp-block-spacer\"><\/div>\n","protected":false},"excerpt":{"rendered":"<p>Dans le cadre de nos activit\u00e9s nous utilisons des cookies pour rendre correctement notre site web et surveiller et analyser le trafic sur notre site. L&#8217;utilisation des cookies est r\u00e9glement\u00e9e par la directive ePrivacy en conjonction avec le RGPD (RGPD). Vous trouverez des informations d\u00e9taill\u00e9es sur les r\u00e8gles de stockage et d&#8217;acc\u00e8s aux informations sur [&hellip;]<\/p>\n","protected":false},"author":1,"featured_media":0,"parent":0,"menu_order":0,"comment_status":"closed","ping_status":"closed","template":"page-templates\/policy.php","meta":{"footnotes":""},"acf":[],"yoast_head":"<!-- This site is optimized with the Yoast SEO plugin v21.6 - https:\/\/yoast.com\/wordpress\/plugins\/seo\/ -->\n<title>Politique des cookies - Lavaberg<\/title>\n<meta name=\"robots\" content=\"noindex, follow, max-snippet:-1, max-image-preview:large, max-video-preview:-1\" \/>\n<meta property=\"og:locale\" content=\"fr_FR\" \/>\n<meta property=\"og:type\" content=\"article\" \/>\n<meta property=\"og:title\" content=\"Politique des cookies - Lavaberg\" \/>\n<meta property=\"og:description\" content=\"Dans le cadre de nos activit\u00e9s nous utilisons des cookies pour rendre correctement notre site web et surveiller et analyser le trafic sur notre site. L&#8217;utilisation des cookies est r\u00e9glement\u00e9e par la directive ePrivacy en conjonction avec le RGPD (RGPD). Vous trouverez des informations d\u00e9taill\u00e9es sur les r\u00e8gles de stockage et d&#8217;acc\u00e8s aux informations sur [&hellip;]\" \/>\n<meta property=\"og:url\" content=\"https:\/\/lavaberg.mda.pl\/fr\/politique-des-cookies\/\" \/>\n<meta property=\"og:site_name\" content=\"Lavaberg\" \/>\n<meta property=\"article:modified_time\" content=\"2024-01-09T12:51:04+00:00\" \/>\n<meta name=\"twitter:card\" content=\"summary_large_image\" \/>\n<meta name=\"twitter:label1\" content=\"Est. reading time\" \/>\n\t<meta name=\"twitter:data1\" content=\"5 minutes\" \/>\n<script type=\"application\/ld+json\" class=\"yoast-schema-graph\">{\"@context\":\"https:\/\/schema.org\",\"@graph\":[{\"@type\":\"WebPage\",\"@id\":\"https:\/\/lavaberg.mda.pl\/fr\/politique-des-cookies\/\",\"url\":\"https:\/\/lavaberg.mda.pl\/fr\/politique-des-cookies\/\",\"name\":\"Politique des cookies - Lavaberg\",\"isPartOf\":{\"@id\":\"https:\/\/lavaberg.mda.pl\/fr\/#website\"},\"datePublished\":\"2023-12-06T15:20:53+00:00\",\"dateModified\":\"2024-01-09T12:51:04+00:00\",\"breadcrumb\":{\"@id\":\"https:\/\/lavaberg.mda.pl\/fr\/politique-des-cookies\/#breadcrumb\"},\"inLanguage\":\"fr-FR\",\"potentialAction\":[{\"@type\":\"ReadAction\",\"target\":[\"https:\/\/lavaberg.mda.pl\/fr\/politique-des-cookies\/\"]}]},{\"@type\":\"BreadcrumbList\",\"@id\":\"https:\/\/lavaberg.mda.pl\/fr\/politique-des-cookies\/#breadcrumb\",\"itemListElement\":[{\"@type\":\"ListItem\",\"position\":1,\"name\":\"Home\",\"item\":\"https:\/\/lavaberg.mda.pl\/fr\/\"},{\"@type\":\"ListItem\",\"position\":2,\"name\":\"Politique des cookies\"}]},{\"@type\":\"WebSite\",\"@id\":\"https:\/\/lavaberg.mda.pl\/fr\/#website\",\"url\":\"https:\/\/lavaberg.mda.pl\/fr\/\",\"name\":\"Lavaberg\",\"description\":\"\",\"potentialAction\":[{\"@type\":\"SearchAction\",\"target\":{\"@type\":\"EntryPoint\",\"urlTemplate\":\"https:\/\/lavaberg.mda.pl\/fr\/?s={search_term_string}\"},\"query-input\":\"required name=search_term_string\"}],\"inLanguage\":\"fr-FR\"}]}<\/script>\n<!-- \/ Yoast SEO plugin. -->","yoast_head_json":{"title":"Politique des cookies - Lavaberg","robots":{"index":"noindex","follow":"follow","max-snippet":"max-snippet:-1","max-image-preview":"max-image-preview:large","max-video-preview":"max-video-preview:-1"},"og_locale":"fr_FR","og_type":"article","og_title":"Politique des cookies - Lavaberg","og_description":"Dans le cadre de nos activit\u00e9s nous utilisons des cookies pour rendre correctement notre site web et surveiller et analyser le trafic sur notre site. L&#8217;utilisation des cookies est r\u00e9glement\u00e9e par la directive ePrivacy en conjonction avec le RGPD (RGPD). Vous trouverez des informations d\u00e9taill\u00e9es sur les r\u00e8gles de stockage et d&#8217;acc\u00e8s aux informations sur [&hellip;]","og_url":"https:\/\/lavaberg.mda.pl\/fr\/politique-des-cookies\/","og_site_name":"Lavaberg","article_modified_time":"2024-01-09T12:51:04+00:00","twitter_card":"summary_large_image","twitter_misc":{"Est. reading time":"5 minutes"},"schema":{"@context":"https:\/\/schema.org","@graph":[{"@type":"WebPage","@id":"https:\/\/lavaberg.mda.pl\/fr\/politique-des-cookies\/","url":"https:\/\/lavaberg.mda.pl\/fr\/politique-des-cookies\/","name":"Politique des cookies - Lavaberg","isPartOf":{"@id":"https:\/\/lavaberg.mda.pl\/fr\/#website"},"datePublished":"2023-12-06T15:20:53+00:00","dateModified":"2024-01-09T12:51:04+00:00","breadcrumb":{"@id":"https:\/\/lavaberg.mda.pl\/fr\/politique-des-cookies\/#breadcrumb"},"inLanguage":"fr-FR","potentialAction":[{"@type":"ReadAction","target":["https:\/\/lavaberg.mda.pl\/fr\/politique-des-cookies\/"]}]},{"@type":"BreadcrumbList","@id":"https:\/\/lavaberg.mda.pl\/fr\/politique-des-cookies\/#breadcrumb","itemListElement":[{"@type":"ListItem","position":1,"name":"Home","item":"https:\/\/lavaberg.mda.pl\/fr\/"},{"@type":"ListItem","position":2,"name":"Politique des cookies"}]},{"@type":"WebSite","@id":"https:\/\/lavaberg.mda.pl\/fr\/#website","url":"https:\/\/lavaberg.mda.pl\/fr\/","name":"Lavaberg","description":"","potentialAction":[{"@type":"SearchAction","target":{"@type":"EntryPoint","urlTemplate":"https:\/\/lavaberg.mda.pl\/fr\/?s={search_term_string}"},"query-input":"required name=search_term_string"}],"inLanguage":"fr-FR"}]}},"_links":{"self":[{"href":"https:\/\/lavaberg.mda.pl\/fr\/wp-json\/wp\/v2\/pages\/773"}],"collection":[{"href":"https:\/\/lavaberg.mda.pl\/fr\/wp-json\/wp\/v2\/pages"}],"about":[{"href":"https:\/\/lavaberg.mda.pl\/fr\/wp-json\/wp\/v2\/types\/page"}],"author":[{"embeddable":true,"href":"https:\/\/lavaberg.mda.pl\/fr\/wp-json\/wp\/v2\/users\/1"}],"replies":[{"embeddable":true,"href":"https:\/\/lavaberg.mda.pl\/fr\/wp-json\/wp\/v2\/comments?post=773"}],"version-history":[{"count":2,"href":"https:\/\/lavaberg.mda.pl\/fr\/wp-json\/wp\/v2\/pages\/773\/revisions"}],"predecessor-version":[{"id":3405,"href":"https:\/\/lavaberg.mda.pl\/fr\/wp-json\/wp\/v2\/pages\/773\/revisions\/3405"}],"wp:attachment":[{"href":"https:\/\/lavaberg.mda.pl\/fr\/wp-json\/wp\/v2\/media?parent=773"}],"curies":[{"name":"wp","href":"https:\/\/api.w.org\/{rel}","templated":true}]}}