{"id":744,"date":"2023-12-04T07:32:35","date_gmt":"2023-12-04T07:32:35","guid":{"rendered":"https:\/\/lavaberg.mda.pl\/about-us\/"},"modified":"2024-01-31T13:53:01","modified_gmt":"2024-01-31T13:53:01","slug":"a-propos-de-nous","status":"publish","type":"page","link":"https:\/\/lavaberg.mda.pl\/fr\/a-propos-de-nous\/","title":{"rendered":"\u00c0 propos de nous"},"content":{"rendered":"\n<section class=\"section-header\">\n            <div class=\"section-header__background \">\n            <img loading=\"lazy\" decoding=\"async\" width=\"1920\" height=\"600\" src=\"https:\/\/lavaberg.mda.pl\/app\/uploads\/2023\/12\/AdobeStock_411855952-1.png\" class=\"attachment-full size-full wp-post-image\" alt=\"\" srcset=\"https:\/\/lavaberg.mda.pl\/app\/uploads\/2023\/12\/AdobeStock_411855952-1.png 1920w, https:\/\/lavaberg.mda.pl\/app\/uploads\/2023\/12\/AdobeStock_411855952-1-704x220.png 704w, https:\/\/lavaberg.mda.pl\/app\/uploads\/2023\/12\/AdobeStock_411855952-1-1024x320.png 1024w, https:\/\/lavaberg.mda.pl\/app\/uploads\/2023\/12\/AdobeStock_411855952-1-1536x480.png 1536w\" sizes=\"(max-width: 1920px) 100vw, 1920px\" \/>        <\/div>\n                <div class=\"section-header__background section-header__background--mobile\">\n            <img loading=\"lazy\" decoding=\"async\" width=\"375\" height=\"600\" src=\"https:\/\/lavaberg.mda.pl\/app\/uploads\/2024\/01\/AdobeStock_411855952.webp\" class=\"card-product__image\" alt=\"\" \/>        <\/div>\n        \n    <\/section>\n\n\n<section class=\"section-content grey\" id=philosophie-de-la-marque>\n    <div class=\"container\" style=padding-bottom:110px;>\n        <div class=\"row flex-end\">\n            <div class=\"col-lg-11 col-md-24 content\" style='max-width:765px'>\n    <h2>La marque Lavaberg est n\u00e9e du respect de la nature et des formes harmonieuses des paysages nordiques. Ici, l&#8217;humain passe avant tout.<\/h2>\n    <\/div>\n<div class=\"col-lg-11 col-md-24 content\" style='max-width:580px'>\n    <p>La beaut\u00e9 des roches dolomitiques, l&#8217;admiration pour les paysages scandinaves et l&#8217;adoption d&#8217;un mode de vie naturel sont autant d&#8217;\u00e9l\u00e9ments qui nous ont inspir\u00e9 pour cr\u00e9er quelque chose d&#8217;exceptionnel. Nous voulions que notre produit refl\u00e8te le caract\u00e8re captivant de la Scandinavie. Nous nous sommes concentr\u00e9s sur l&#8217;authenticit\u00e9, le naturel et la simplicit\u00e9.<\/p>\n    <\/div>\n        <\/div>\n    <\/div>\n<\/section>\n\n<section class=\"section-content white section-content__full-width\" >\n    <div class=\"container\" style=margin-top:-160px;>\n        <div class=\"row\">\n            <div class=\"col-md-24 image\"> \n    <img loading=\"lazy\" decoding=\"async\" width=\"1440\" height=\"553\" src=\"https:\/\/lavaberg.mda.pl\/app\/uploads\/2023\/12\/LAVA-IMG-1.png\" class=\"attachment- size-\" alt=\"\" srcset=\"https:\/\/lavaberg.mda.pl\/app\/uploads\/2023\/12\/LAVA-IMG-1.png 1440w, https:\/\/lavaberg.mda.pl\/app\/uploads\/2023\/12\/LAVA-IMG-1-1024x393.png 1024w, https:\/\/lavaberg.mda.pl\/app\/uploads\/2023\/12\/LAVA-IMG-1-704x270.png 704w\" sizes=\"(max-width: 1440px) 100vw, 1440px\" \/><\/div>\n        <\/div>\n            <\/div>\n    \n<\/section>\n\n<section class=\"section-content white \" >\n    <div class=\"container\" style=max-width:900px;>\n        <div class=\"row\">\n            <div class=\"col-24 content\" >\n    <h2 style=\"text-align: center;\">D\u00e9couvrez les caract\u00e9ristiques essentielles de notre marque.<\/h2>\n<p style=\"text-align: center;\">Nous sommes un t\u00e9moignage de la qualit\u00e9, de la durabilit\u00e9 et du lien profond avec la nature et les gens. D\u00e9couvrez avec Lavaberg la beaut\u00e9 d&#8217;un design r\u00e9fl\u00e9chi, o\u00f9 chaque d\u00e9tail refl\u00e8te nos valeurs fondamentales.<\/p>\n    <\/div>\n        <\/div>\n            <\/div>\n    \n<\/section>\n\n\n<section class=\"section-grid \">\n    <div class=\"container\">\n        <div class=\"section-grid__layout\">\n               \n                <div class=\"section-grid__layout--card\">\n                    <div class=\"text\">\n                        <img loading=\"lazy\" decoding=\"async\" width=\"48\" height=\"48\" src=\"https:\/\/lavaberg.mda.pl\/app\/uploads\/2023\/12\/Group-668-2.svg\" class=\"attachment-options size-options\" alt=\"\" \/>                        <h6>\n                            Cr\u00e9\u00e9 pour les humains                        <\/h6>\n                    <\/div>\n                    <div class=\"image\">\n                        <img loading=\"lazy\" decoding=\"async\" width=\"368\" height=\"307\" src=\"https:\/\/lavaberg.mda.pl\/app\/uploads\/2023\/12\/AdobeStock_301365385.png\" class=\"attachment-options size-options\" alt=\"\" \/>                    <\/div>\n                <\/div>\n               \n                <div class=\"section-grid__layout--card\">\n                    <div class=\"text\">\n                        <img loading=\"lazy\" decoding=\"async\" width=\"48\" height=\"48\" src=\"https:\/\/lavaberg.mda.pl\/app\/uploads\/2023\/12\/Group-669.svg\" class=\"attachment-options size-options\" alt=\"\" \/>                        <h6>\n                            Fabriqu\u00e9 en Europe                        <\/h6>\n                    <\/div>\n                    <div class=\"image\">\n                        <img loading=\"lazy\" decoding=\"async\" width=\"368\" height=\"307\" src=\"https:\/\/lavaberg.mda.pl\/app\/uploads\/2023\/12\/AdobeStock_301365385-6.png\" class=\"attachment-options size-options\" alt=\"\" \/>                    <\/div>\n                <\/div>\n               \n                <div class=\"section-grid__layout--card\">\n                    <div class=\"text\">\n                        <img loading=\"lazy\" decoding=\"async\" width=\"48\" height=\"48\" src=\"https:\/\/lavaberg.mda.pl\/app\/uploads\/2023\/12\/Group-669-3.svg\" class=\"attachment-options size-options\" alt=\"\" \/>                        <h6>\n                            Mat\u00e9riau naturel                        <\/h6>\n                    <\/div>\n                    <div class=\"image\">\n                        <img loading=\"lazy\" decoding=\"async\" width=\"368\" height=\"307\" src=\"https:\/\/lavaberg.mda.pl\/app\/uploads\/2023\/12\/AdobeStock_301365385-1.png\" class=\"attachment-options size-options\" alt=\"\" \/>                    <\/div>\n                <\/div>\n               \n                <div class=\"section-grid__layout--card\">\n                    <div class=\"text\">\n                        <img loading=\"lazy\" decoding=\"async\" width=\"48\" height=\"48\" src=\"https:\/\/lavaberg.mda.pl\/app\/uploads\/2023\/12\/Group-669-1.svg\" class=\"attachment-options size-options\" alt=\"\" \/>                        <h6>\n                            Conception intemporelle                        <\/h6>\n                    <\/div>\n                    <div class=\"image\">\n                        <img loading=\"lazy\" decoding=\"async\" width=\"368\" height=\"307\" src=\"https:\/\/lavaberg.mda.pl\/app\/uploads\/2023\/12\/AdobeStock_301365385-3.png\" class=\"attachment-options size-options\" alt=\"\" \/>                    <\/div>\n                <\/div>\n               \n                <div class=\"section-grid__layout--card\">\n                    <div class=\"text\">\n                        <img loading=\"lazy\" decoding=\"async\" width=\"48\" height=\"48\" src=\"https:\/\/lavaberg.mda.pl\/app\/uploads\/2023\/12\/Group-669-2.svg\" class=\"attachment-options size-options\" alt=\"\" \/>                        <h6>\n                            Eco-responsable                        <\/h6>\n                    <\/div>\n                    <div class=\"image\">\n                        <img loading=\"lazy\" decoding=\"async\" width=\"368\" height=\"307\" src=\"https:\/\/lavaberg.mda.pl\/app\/uploads\/2023\/12\/AdobeStock_301365385-4.png\" class=\"attachment-options size-options\" alt=\"\" \/>                    <\/div>\n                <\/div>\n               \n                <div class=\"section-grid__layout--card\">\n                    <div class=\"text\">\n                        <img loading=\"lazy\" decoding=\"async\" width=\"48\" height=\"48\" src=\"https:\/\/lavaberg.mda.pl\/app\/uploads\/2023\/12\/Group-669-4.svg\" class=\"attachment-options size-options\" alt=\"\" \/>                        <h6>\n                            Esprit scandinave                        <\/h6>\n                    <\/div>\n                    <div class=\"image\">\n                        <img loading=\"lazy\" decoding=\"async\" width=\"368\" height=\"307\" src=\"https:\/\/lavaberg.mda.pl\/app\/uploads\/2023\/12\/AdobeStock_301365385-5.png\" class=\"attachment-options size-options\" alt=\"\" \/>                    <\/div>\n                <\/div>\n                    <\/div>\n    <\/div>\n<\/section>\n\n<section class=\"section-content accent \" id=design>\n    <div class=\"container\" >\n        <div class=\"row\">\n            <div class=\"col-24 content\" >\n    <h2 class=\"large\" style=\"text-align: center;\">Nous utilisons des formes intemporelles et des mat\u00e9riaux naturels, tout en mettant l&#8217;accent sur la fonctionnalit\u00e9 et la commodit\u00e9. Ainsi, le design des produits Lavaberg est proche des gens et de leurs besoins. Confort et plaisir d&#8217;utilisation sont notre principale pr\u00e9occupation.<\/h2>\n    <\/div>\n        <\/div>\n            <\/div>\n    \n<\/section>\n\n\n<section class=\"section-content grey\" id=design>\n    <div class=\"container\" >\n        <div class=\"row center\">\n            <div class=\"col-lg-11 col-md-24 content\" >\n    <h2>Notre mat\u00e9riau composite min\u00e9ral exceptionnel offre une grande libert\u00e9 de cr\u00e9ation, ce qui nous permet de concevoir des produits avec une flexibilit\u00e9 et une pr\u00e9cision remarquables.<\/h2>\n<p>Lavaberg allie l&#8217;esth\u00e9tique scandinave minimaliste \u00e0 un savoir-faire artisanal in\u00e9gal\u00e9 et s&#8217;appuie sur son engagement en faveur d&#8217;un design unique. Nos produits contribuent non seulement \u00e0 am\u00e9liorer la fonctionnalit\u00e9, mais aussi \u00e0 am\u00e9liorer l&#8217;esth\u00e9tique g\u00e9n\u00e9rale de votre salle de bains, en alliant simplicit\u00e9 et sophistication sans effort.<\/p>\n    <\/div>\n<div class=\"col-lg-12 col-md-24 image\"> \n    <img loading=\"lazy\" decoding=\"async\" width=\"704\" height=\"682\" src=\"https:\/\/lavaberg.mda.pl\/app\/uploads\/2023\/12\/Stocksy_txp7a4e8a88oEn200_Large_1434244-3.png\" class=\"attachment-section_image size-section_image\" alt=\"\" srcset=\"https:\/\/lavaberg.mda.pl\/app\/uploads\/2023\/12\/Stocksy_txp7a4e8a88oEn200_Large_1434244-3.png 704w, https:\/\/lavaberg.mda.pl\/app\/uploads\/2023\/12\/Stocksy_txp7a4e8a88oEn200_Large_1434244-3-619x600.png 619w\" sizes=\"(max-width: 704px) 100vw, 704px\" \/><\/div>\n        <\/div>\n    <\/div>\n<\/section>\n\n<section class=\"section-content dark-green \" id=fabrication>\n    <div class=\"container\" >\n        <div class=\"row\">\n            <div class=\"col-24 content\" >\n    <h2 class=\"large\" style=\"text-align: center;\">La marque, qui incarne l&#8217;essence de l&#8217;excellence scandinave, s&#8217;est tourn\u00e9e vers le progr\u00e8s et l&#8217;innovation en cr\u00e9ant des usines modernes bas\u00e9es en Europe. Ce transfert strat\u00e9gique nous permet de combiner le savoir-faire traditionnel de la Scandinavie avec des technologies et des processus de fabrication de pointe.<\/h2>\n    <\/div>\n        <\/div>\n            <\/div>\n    \n<\/section>\n\n\n<section class=\"section-content white\" >\n    <div class=\"container\" >\n        <div class=\"row center section-content__mobile-reverse-row\">\n            <div class=\"col-lg-12 col-md-24 image\"> \n    <img loading=\"lazy\" decoding=\"async\" width=\"704\" height=\"682\" src=\"https:\/\/lavaberg.mda.pl\/app\/uploads\/2023\/12\/Stocksy_txp7a4e8a88oEn200_Large_1434244-4.png\" class=\"attachment-section_image size-section_image\" alt=\"\" srcset=\"https:\/\/lavaberg.mda.pl\/app\/uploads\/2023\/12\/Stocksy_txp7a4e8a88oEn200_Large_1434244-4.png 704w, https:\/\/lavaberg.mda.pl\/app\/uploads\/2023\/12\/Stocksy_txp7a4e8a88oEn200_Large_1434244-4-619x600.png 619w\" sizes=\"(max-width: 704px) 100vw, 704px\" \/><\/div>\n<div class=\"col-lg-11 col-md-24 content\" >\n    <h3>Le souci du d\u00e9tail<\/h3>\n<p>Dans notre usine, nous sommes fiers d&#8217;accorder une attention particuli\u00e8re aux moindres d\u00e9tails. Chaque produit est fabriqu\u00e9 avec pr\u00e9cision et soin, garantissant que chaque pi\u00e8ce soit une v\u00e9ritable \u0153uvre d&#8217;art.<\/p>\n<h3>Finition main<\/h3>\n<p>Nos produits re\u00e7oivent la touche personnelle d&#8217;artisans qualifi\u00e9s qui finissent chaque pi\u00e8ce \u00e0 la main, leur conf\u00e9rant ainsi un caract\u00e8re unique et personnalis\u00e9.<\/p>\n    <\/div>\n        <\/div>\n    <\/div>\n<\/section>\n\n\n<section class=\"section-content white\" >\n    <div class=\"container\" style=margin-top:-56px!important;>\n        <div class=\"row center section-content__mobile-reverse-row\">\n            <div class=\"col-lg-11 col-md-24 content\" >\n    <h3>Politique de d\u00e9veloppement durable<\/h3>\n<p>Dans nos usines, nous sommes profond\u00e9ment engag\u00e9s \u00e0 optimiser notre performance environnementale \u00e0 travers diverses actions visant \u00e0 minimiser notre empreinte \u00e9cologique.<\/p>\n<h3>Assurance Qualit\u00e9<\/h3>\n<p>Nous respectons strictement les normes et r\u00e9glementations du secteur, ce qui garantit que nos produits respectent et d\u00e9passent les normes de qualit\u00e9 les plus exigeantes. Votre satisfaction est notre priorit\u00e9 absolue.<\/p>\n    <\/div>\n<div class=\"col-lg-12 col-md-24 image\"> \n    <img loading=\"lazy\" decoding=\"async\" width=\"704\" height=\"682\" src=\"https:\/\/lavaberg.mda.pl\/app\/uploads\/2023\/12\/Stocksy_txp7a4e8a88oEn200_Large_1434244-5.png\" class=\"attachment-section_image size-section_image\" alt=\"\" srcset=\"https:\/\/lavaberg.mda.pl\/app\/uploads\/2023\/12\/Stocksy_txp7a4e8a88oEn200_Large_1434244-5.png 704w, https:\/\/lavaberg.mda.pl\/app\/uploads\/2023\/12\/Stocksy_txp7a4e8a88oEn200_Large_1434244-5-619x600.png 619w\" sizes=\"(max-width: 704px) 100vw, 704px\" \/><\/div>\n        <\/div>\n    <\/div>\n<\/section>","protected":false},"excerpt":{"rendered":"","protected":false},"author":1,"featured_media":111,"parent":0,"menu_order":0,"comment_status":"closed","ping_status":"closed","template":"","meta":{"footnotes":""},"acf":[],"yoast_head":"<!-- This site is optimized with the Yoast SEO plugin v21.6 - https:\/\/yoast.com\/wordpress\/plugins\/seo\/ -->\n<title>\u00c0 propos de nous - Lavaberg<\/title>\n<meta name=\"robots\" content=\"noindex, follow, max-snippet:-1, max-image-preview:large, max-video-preview:-1\" \/>\n<meta property=\"og:locale\" content=\"fr_FR\" \/>\n<meta property=\"og:type\" content=\"article\" \/>\n<meta property=\"og:title\" content=\"\u00c0 propos de nous - Lavaberg\" \/>\n<meta property=\"og:url\" content=\"https:\/\/lavaberg.mda.pl\/fr\/a-propos-de-nous\/\" \/>\n<meta property=\"og:site_name\" content=\"Lavaberg\" \/>\n<meta property=\"article:modified_time\" content=\"2024-01-31T13:53:01+00:00\" \/>\n<meta property=\"og:image\" content=\"https:\/\/lavaberg.mda.pl\/app\/uploads\/2023\/12\/AdobeStock_411855952-1.png\" \/>\n\t<meta property=\"og:image:width\" content=\"1920\" \/>\n\t<meta property=\"og:image:height\" content=\"600\" \/>\n\t<meta property=\"og:image:type\" content=\"image\/png\" \/>\n<meta name=\"twitter:card\" content=\"summary_large_image\" \/>\n<script type=\"application\/ld+json\" class=\"yoast-schema-graph\">{\"@context\":\"https:\/\/schema.org\",\"@graph\":[{\"@type\":\"WebPage\",\"@id\":\"https:\/\/lavaberg.mda.pl\/fr\/a-propos-de-nous\/\",\"url\":\"https:\/\/lavaberg.mda.pl\/fr\/a-propos-de-nous\/\",\"name\":\"\u00c0 propos de nous - Lavaberg\",\"isPartOf\":{\"@id\":\"https:\/\/lavaberg.mda.pl\/fr\/#website\"},\"datePublished\":\"2023-12-04T07:32:35+00:00\",\"dateModified\":\"2024-01-31T13:53:01+00:00\",\"breadcrumb\":{\"@id\":\"https:\/\/lavaberg.mda.pl\/fr\/a-propos-de-nous\/#breadcrumb\"},\"inLanguage\":\"fr-FR\",\"potentialAction\":[{\"@type\":\"ReadAction\",\"target\":[\"https:\/\/lavaberg.mda.pl\/fr\/a-propos-de-nous\/\"]}]},{\"@type\":\"BreadcrumbList\",\"@id\":\"https:\/\/lavaberg.mda.pl\/fr\/a-propos-de-nous\/#breadcrumb\",\"itemListElement\":[{\"@type\":\"ListItem\",\"position\":1,\"name\":\"Home\",\"item\":\"https:\/\/lavaberg.mda.pl\/fr\/\"},{\"@type\":\"ListItem\",\"position\":2,\"name\":\"\u00c0 propos de nous\"}]},{\"@type\":\"WebSite\",\"@id\":\"https:\/\/lavaberg.mda.pl\/fr\/#website\",\"url\":\"https:\/\/lavaberg.mda.pl\/fr\/\",\"name\":\"Lavaberg\",\"description\":\"\",\"potentialAction\":[{\"@type\":\"SearchAction\",\"target\":{\"@type\":\"EntryPoint\",\"urlTemplate\":\"https:\/\/lavaberg.mda.pl\/fr\/?s={search_term_string}\"},\"query-input\":\"required name=search_term_string\"}],\"inLanguage\":\"fr-FR\"}]}<\/script>\n<!-- \/ Yoast SEO plugin. -->","yoast_head_json":{"title":"\u00c0 propos de nous - Lavaberg","robots":{"index":"noindex","follow":"follow","max-snippet":"max-snippet:-1","max-image-preview":"max-image-preview:large","max-video-preview":"max-video-preview:-1"},"og_locale":"fr_FR","og_type":"article","og_title":"\u00c0 propos de nous - Lavaberg","og_url":"https:\/\/lavaberg.mda.pl\/fr\/a-propos-de-nous\/","og_site_name":"Lavaberg","article_modified_time":"2024-01-31T13:53:01+00:00","og_image":[{"width":1920,"height":600,"url":"https:\/\/lavaberg.mda.pl\/app\/uploads\/2023\/12\/AdobeStock_411855952-1.png","type":"image\/png"}],"twitter_card":"summary_large_image","schema":{"@context":"https:\/\/schema.org","@graph":[{"@type":"WebPage","@id":"https:\/\/lavaberg.mda.pl\/fr\/a-propos-de-nous\/","url":"https:\/\/lavaberg.mda.pl\/fr\/a-propos-de-nous\/","name":"\u00c0 propos de nous - Lavaberg","isPartOf":{"@id":"https:\/\/lavaberg.mda.pl\/fr\/#website"},"datePublished":"2023-12-04T07:32:35+00:00","dateModified":"2024-01-31T13:53:01+00:00","breadcrumb":{"@id":"https:\/\/lavaberg.mda.pl\/fr\/a-propos-de-nous\/#breadcrumb"},"inLanguage":"fr-FR","potentialAction":[{"@type":"ReadAction","target":["https:\/\/lavaberg.mda.pl\/fr\/a-propos-de-nous\/"]}]},{"@type":"BreadcrumbList","@id":"https:\/\/lavaberg.mda.pl\/fr\/a-propos-de-nous\/#breadcrumb","itemListElement":[{"@type":"ListItem","position":1,"name":"Home","item":"https:\/\/lavaberg.mda.pl\/fr\/"},{"@type":"ListItem","position":2,"name":"\u00c0 propos de nous"}]},{"@type":"WebSite","@id":"https:\/\/lavaberg.mda.pl\/fr\/#website","url":"https:\/\/lavaberg.mda.pl\/fr\/","name":"Lavaberg","description":"","potentialAction":[{"@type":"SearchAction","target":{"@type":"EntryPoint","urlTemplate":"https:\/\/lavaberg.mda.pl\/fr\/?s={search_term_string}"},"query-input":"required name=search_term_string"}],"inLanguage":"fr-FR"}]}},"_links":{"self":[{"href":"https:\/\/lavaberg.mda.pl\/fr\/wp-json\/wp\/v2\/pages\/744"}],"collection":[{"href":"https:\/\/lavaberg.mda.pl\/fr\/wp-json\/wp\/v2\/pages"}],"about":[{"href":"https:\/\/lavaberg.mda.pl\/fr\/wp-json\/wp\/v2\/types\/page"}],"author":[{"embeddable":true,"href":"https:\/\/lavaberg.mda.pl\/fr\/wp-json\/wp\/v2\/users\/1"}],"replies":[{"embeddable":true,"href":"https:\/\/lavaberg.mda.pl\/fr\/wp-json\/wp\/v2\/comments?post=744"}],"version-history":[{"count":3,"href":"https:\/\/lavaberg.mda.pl\/fr\/wp-json\/wp\/v2\/pages\/744\/revisions"}],"predecessor-version":[{"id":14252,"href":"https:\/\/lavaberg.mda.pl\/fr\/wp-json\/wp\/v2\/pages\/744\/revisions\/14252"}],"wp:featuredmedia":[{"embeddable":true,"href":"https:\/\/lavaberg.mda.pl\/fr\/wp-json\/wp\/v2\/media\/111"}],"wp:attachment":[{"href":"https:\/\/lavaberg.mda.pl\/fr\/wp-json\/wp\/v2\/media?parent=744"}],"curies":[{"name":"wp","href":"https:\/\/api.w.org\/{rel}","templated":true}]}}