{"id":733,"date":"2023-12-04T07:33:27","date_gmt":"2023-12-04T07:33:27","guid":{"rendered":"https:\/\/lavaberg.mda.pl\/contact\/"},"modified":"2024-01-11T08:41:17","modified_gmt":"2024-01-11T08:41:17","slug":"contact","status":"publish","type":"page","link":"https:\/\/lavaberg.mda.pl\/fr\/contact\/","title":{"rendered":"Contact"},"content":{"rendered":"\n<div class=\"section contact-form\">\n            <div class=\"contact-form__title\">\n            <h1>\n                Contactez nous            <\/h1>\n        <\/div>\n                <div class=\"contact-form__description\">\n            <p>Pour nous contacter, veuillez remplir le formulaire ci-dessous. Nous traiterons votre demande dans les plus brefs d\u00e9lais. Nous vous remercions de votre attention.<\/p>\n        <\/div>\n        \n<form id=\"cf_submit_form_1437\" class=\"js-cf-form row justify-content-between form load-component\" action=\"https:\/\/lavaberg.mda.pl\/wp\/wp-admin\/admin-post.php\" method=\"post\">\n    <div class=\"col-24\">\n        <input type=\"hidden\" name=\"action\" value=\"cf_submit_form\">\n        <input type=\"hidden\" name=\"form_id\" value=\"1437\"\/>\n        <input type=\"hidden\" id=\"nonce_cf_submit_form_contact\" name=\"nonce_cf_submit_form_contact\" value=\"7f53510ed0\" \/><input type=\"hidden\" name=\"_wp_http_referer\" value=\"\/fr\/wp-json\/wp\/v2\/pages\/733\" \/>    <\/div>\n    <div class=\"col-24 col-md-12\">\n        <div class=\"form__input\">\n                    <div class=\"input js-floating-label js-clear-input\">\n        <input type=\"text\" class=\"input__text\" name=\"name\">\n        <label class=\"input__inner-label\">Pr\u00e9nom <span class=\"required\">*<\/span><\/label>\n        <span class=\"clear-input__button js-clear-input-button\" data-value=\"\"><\/span>\n    <\/div>\n        <\/div>\n    <\/div>\n    <div class=\"col-24 col-md-12\">\n        <div class=\"form__input\">\n                    <div class=\"input js-floating-label js-clear-input\">\n        <input type=\"text\" class=\"input__text\" name=\"surname\">\n        <label class=\"input__inner-label\">Nom de Famille <span class=\"required\">*<\/span><\/label>\n        <span class=\"clear-input__button js-clear-input-button\" data-value=\"\"><\/span>\n    <\/div>\n        <\/div>\n    <\/div>\n    <div class=\"col-24 col-md-12\">\n        <div class=\"form__input\">\n                    <div class=\"input js-floating-label js-clear-input\">\n        <input type=\"email\" class=\"input__text\" name=\"email\">\n        <label class=\"input__inner-label\">E-mail <span class=\"required\">*<\/span><\/label>\n        <span class=\"clear-input__button js-clear-input-button\" data-value=\"\"><\/span>\n    <\/div>\n        <\/div>\n    <\/div>\n    <div class=\"col-24 col-md-12\">\n        <div class=\"form__input\">\n                    <div class=\"input js-floating-label js-clear-input\">\n        <input type=\"tel\" class=\"input__text\" name=\"phone\">\n        <label class=\"input__inner-label\">T\u00e9l\u00e9phone <span class=\"required\">*<\/span><\/label>\n        <span class=\"clear-input__button js-clear-input-button\" data-value=\"\"><\/span>\n    <\/div>\n        <\/div>\n    <\/div>\n    <div class=\"col-24\">\n        <div class=\"form__input\">\n                <div class=\"input js-floating-label\">\n        <textarea class=\"input__text -textarea\" name=\"message\" rows=\"15\"><\/textarea>\n        <label class=\"input__inner-label\">Message <span class=\"required\">*<\/span><\/label>\n    <\/div>\n\n        <\/div>\n    <\/div>\n    <div class=\"col-24\">\n        <div class=\"form__input\">\n                    <\/div>\n    <\/div>\n            <div class=\"form__consent-wrapper\">\n            <h5 class=\"form__consent-heading\">Consentement au traitement des donn\u00e9es \u00e0 caract\u00e8re personnel<\/h5>\n            <div class=\"form__consent-description typo-16 color-grey-100\"><p>Nous traitons vos donn\u00e9es personnelles, notamment votre adresse e-mail, dans le but de vous envoyer notre newsletter. Vous pouvez r\u00e9voquer votre consentement \u00e0 tout moment, de mani\u00e8re effective pour l&#8217;avenir, en vous d\u00e9sabonnant de la liste via le lien dans la newsletter ou en nous envoyant un message informel. Veuillez trouver plus d&#8217;informations, y compris vos droits, dans notre\u00a0<a href=\"https:\/\/lavaberg.mda.pl\/fr\/politique-de-confidentialite\/\">politique de confidentialit\u00e9<\/a>.<\/p>\n<\/div>\n        <\/div>\n                <div class=\"form__consent-wrapper\">\n            <h5 class=\"form__consent-heading\">Consentement pour recevoir des informations commerciales par e-mail<\/h5>\n            <p class=\"form__consent-info typo-16 color-background-accent\">Nous vous informons que vous avez le droit de retirer \u00e0 tout moment votre consentement au traitement de vos donn\u00e9es \u00e0 caract\u00e8re personnel.<\/p>\n            <div class=\"form__consent-description typo-16 color-grey-100\"><p class=\"text text--small\">Nous traitons vos donn\u00e9es personnelles, notamment votre adresse e-mail, dans le but de vous envoyer notre newsletter. Vous pouvez r\u00e9voquer votre consentement \u00e0 tout moment, de mani\u00e8re effective pour l&#8217;avenir, en vous d\u00e9sabonnant de la liste via le lien dans la newsletter ou en nous envoyant un message informel. Veuillez trouver plus d&#8217;informations, y compris vos droits, dans notre\u00a0<a href=\"https:\/\/lavaberg.mda.pl\/fr\/politique-de-confidentialite\/\">politique de confidentialit\u00e9<\/a>.<\/p>\n<\/div>\n            <div class=\"form__consent-radios-wrapper\">\n                <div class=\"products-filters__checkbox form__consent-radio\">\n                    <input type=\"radio\" class=\"products-filters__checkbox-input -circle\" name=\"email-consent\" value=\"yes\" id=\"email-yes\" checked required> \n                    <label for=\"email-yes\" class=\"products-filters__checkbox-label js-clear-radio\">Oui<\/label>\n                <\/div>\n                <div class=\"products-filters__checkbox\">\n                    <input type=\"radio\" class=\"products-filters__checkbox-input -circle\" name=\"email-consent\" value=\"no\" id=\"email-no\" required> \n                    <label for=\"email-no\" class=\"products-filters__checkbox-label js-clear-radio\">Non<\/label>\n                <\/div>\n            <\/div>\n        <\/div>\n                            <div class=\"form__consent-wrapper\">\n                <h5 class=\"form__consent-heading\">Consentement pour recevoir des informations commerciales par t\u00e9l\u00e9phone<\/h5>\n                <p class=\"form__consent-info typo-16 color-background-accent\">Nous vous informons que vous avez le droit de retirer \u00e0 tout moment votre consentement au traitement de vos donn\u00e9es \u00e0 caract\u00e8re personnel.<\/p>\n            <div class=\"form__consent-description typo-16 color-grey-100\"><p>Nous traitons vos donn\u00e9es personnelles soumises via ce formulaire afin de traiter votre message, g\u00e9rer votre demande ou traiter votre r\u00e9clamation signal\u00e9e. Veuillez trouver plus d&#8217;informations, y compris vos droits, dans notre <a href=\"https:\/\/lavaberg.mda.pl\/fr\/politique-de-confidentialite\/\">politique de confidentialit\u00e9<\/a>.<\/p>\n<\/div>\n            <div class=\"form__consent-radios-wrapper\">\n                <div class=\"products-filters__checkbox form__consent-radio\">\n                    <input type=\"radio\" class=\"products-filters__checkbox-input -circle\" name=\"phone-consent\" value=\"yes\" id=\"phone-yes\" checked required> \n                    <label for=\"phone-yes\" class=\"products-filters__checkbox-label js-clear-radio\">Oui<\/label>\n                <\/div>\n                <div class=\"products-filters__checkbox\">\n                    <input type=\"radio\" class=\"products-filters__checkbox-input -circle\" name=\"phone-consent\" value=\"no\" id=\"phone-no\" required> \n                    <label for=\"phone-no\" class=\"products-filters__checkbox-label js-clear-radio\">Non<\/label>\n                <\/div>\n            <\/div>\n        <\/div>\n        <div class=\"col-md-24 form__end\">\n        <span>\n            <b>*<\/b>requis        <\/span>\n        <button class=\"button -full\">Envoyer le message<\/button>\n    <\/div>\n<\/form>        \n    <\/div>","protected":false},"excerpt":{"rendered":"","protected":false},"author":1,"featured_media":261,"parent":0,"menu_order":0,"comment_status":"closed","ping_status":"closed","template":"page-templates\/contact.php","meta":{"footnotes":""},"acf":[],"yoast_head":"<!-- This site is optimized with the Yoast SEO plugin v21.6 - https:\/\/yoast.com\/wordpress\/plugins\/seo\/ -->\n<title>Contact - Lavaberg<\/title>\n<meta name=\"robots\" content=\"noindex, follow, max-snippet:-1, max-image-preview:large, max-video-preview:-1\" \/>\n<meta property=\"og:locale\" content=\"fr_FR\" \/>\n<meta property=\"og:type\" content=\"article\" \/>\n<meta property=\"og:title\" content=\"Contact - Lavaberg\" \/>\n<meta property=\"og:url\" content=\"https:\/\/lavaberg.mda.pl\/fr\/contact\/\" \/>\n<meta property=\"og:site_name\" content=\"Lavaberg\" \/>\n<meta property=\"article:modified_time\" content=\"2024-01-11T08:41:17+00:00\" \/>\n<meta property=\"og:image\" content=\"https:\/\/lavaberg.mda.pl\/app\/uploads\/2023\/12\/Stocksy_txp7a4e8a88oEn200_Large_1434244-4.png\" \/>\n\t<meta property=\"og:image:width\" content=\"704\" \/>\n\t<meta property=\"og:image:height\" content=\"682\" \/>\n\t<meta property=\"og:image:type\" content=\"image\/png\" \/>\n<meta name=\"twitter:card\" content=\"summary_large_image\" \/>\n<script type=\"application\/ld+json\" class=\"yoast-schema-graph\">{\"@context\":\"https:\/\/schema.org\",\"@graph\":[{\"@type\":\"WebPage\",\"@id\":\"https:\/\/lavaberg.mda.pl\/fr\/contact\/\",\"url\":\"https:\/\/lavaberg.mda.pl\/fr\/contact\/\",\"name\":\"Contact - Lavaberg\",\"isPartOf\":{\"@id\":\"https:\/\/lavaberg.mda.pl\/fr\/#website\"},\"datePublished\":\"2023-12-04T07:33:27+00:00\",\"dateModified\":\"2024-01-11T08:41:17+00:00\",\"breadcrumb\":{\"@id\":\"https:\/\/lavaberg.mda.pl\/fr\/contact\/#breadcrumb\"},\"inLanguage\":\"fr-FR\",\"potentialAction\":[{\"@type\":\"ReadAction\",\"target\":[\"https:\/\/lavaberg.mda.pl\/fr\/contact\/\"]}]},{\"@type\":\"BreadcrumbList\",\"@id\":\"https:\/\/lavaberg.mda.pl\/fr\/contact\/#breadcrumb\",\"itemListElement\":[{\"@type\":\"ListItem\",\"position\":1,\"name\":\"Home\",\"item\":\"https:\/\/lavaberg.mda.pl\/fr\/\"},{\"@type\":\"ListItem\",\"position\":2,\"name\":\"Contact\"}]},{\"@type\":\"WebSite\",\"@id\":\"https:\/\/lavaberg.mda.pl\/fr\/#website\",\"url\":\"https:\/\/lavaberg.mda.pl\/fr\/\",\"name\":\"Lavaberg\",\"description\":\"\",\"potentialAction\":[{\"@type\":\"SearchAction\",\"target\":{\"@type\":\"EntryPoint\",\"urlTemplate\":\"https:\/\/lavaberg.mda.pl\/fr\/?s={search_term_string}\"},\"query-input\":\"required name=search_term_string\"}],\"inLanguage\":\"fr-FR\"}]}<\/script>\n<!-- \/ Yoast SEO plugin. -->","yoast_head_json":{"title":"Contact - Lavaberg","robots":{"index":"noindex","follow":"follow","max-snippet":"max-snippet:-1","max-image-preview":"max-image-preview:large","max-video-preview":"max-video-preview:-1"},"og_locale":"fr_FR","og_type":"article","og_title":"Contact - Lavaberg","og_url":"https:\/\/lavaberg.mda.pl\/fr\/contact\/","og_site_name":"Lavaberg","article_modified_time":"2024-01-11T08:41:17+00:00","og_image":[{"width":704,"height":682,"url":"https:\/\/lavaberg.mda.pl\/app\/uploads\/2023\/12\/Stocksy_txp7a4e8a88oEn200_Large_1434244-4.png","type":"image\/png"}],"twitter_card":"summary_large_image","schema":{"@context":"https:\/\/schema.org","@graph":[{"@type":"WebPage","@id":"https:\/\/lavaberg.mda.pl\/fr\/contact\/","url":"https:\/\/lavaberg.mda.pl\/fr\/contact\/","name":"Contact - Lavaberg","isPartOf":{"@id":"https:\/\/lavaberg.mda.pl\/fr\/#website"},"datePublished":"2023-12-04T07:33:27+00:00","dateModified":"2024-01-11T08:41:17+00:00","breadcrumb":{"@id":"https:\/\/lavaberg.mda.pl\/fr\/contact\/#breadcrumb"},"inLanguage":"fr-FR","potentialAction":[{"@type":"ReadAction","target":["https:\/\/lavaberg.mda.pl\/fr\/contact\/"]}]},{"@type":"BreadcrumbList","@id":"https:\/\/lavaberg.mda.pl\/fr\/contact\/#breadcrumb","itemListElement":[{"@type":"ListItem","position":1,"name":"Home","item":"https:\/\/lavaberg.mda.pl\/fr\/"},{"@type":"ListItem","position":2,"name":"Contact"}]},{"@type":"WebSite","@id":"https:\/\/lavaberg.mda.pl\/fr\/#website","url":"https:\/\/lavaberg.mda.pl\/fr\/","name":"Lavaberg","description":"","potentialAction":[{"@type":"SearchAction","target":{"@type":"EntryPoint","urlTemplate":"https:\/\/lavaberg.mda.pl\/fr\/?s={search_term_string}"},"query-input":"required name=search_term_string"}],"inLanguage":"fr-FR"}]}},"_links":{"self":[{"href":"https:\/\/lavaberg.mda.pl\/fr\/wp-json\/wp\/v2\/pages\/733"}],"collection":[{"href":"https:\/\/lavaberg.mda.pl\/fr\/wp-json\/wp\/v2\/pages"}],"about":[{"href":"https:\/\/lavaberg.mda.pl\/fr\/wp-json\/wp\/v2\/types\/page"}],"author":[{"embeddable":true,"href":"https:\/\/lavaberg.mda.pl\/fr\/wp-json\/wp\/v2\/users\/1"}],"replies":[{"embeddable":true,"href":"https:\/\/lavaberg.mda.pl\/fr\/wp-json\/wp\/v2\/comments?post=733"}],"version-history":[{"count":3,"href":"https:\/\/lavaberg.mda.pl\/fr\/wp-json\/wp\/v2\/pages\/733\/revisions"}],"predecessor-version":[{"id":7751,"href":"https:\/\/lavaberg.mda.pl\/fr\/wp-json\/wp\/v2\/pages\/733\/revisions\/7751"}],"wp:featuredmedia":[{"embeddable":true,"href":"https:\/\/lavaberg.mda.pl\/fr\/wp-json\/wp\/v2\/media\/261"}],"wp:attachment":[{"href":"https:\/\/lavaberg.mda.pl\/fr\/wp-json\/wp\/v2\/media?parent=733"}],"curies":[{"name":"wp","href":"https:\/\/api.w.org\/{rel}","templated":true}]}}