{"id":481,"date":"2023-12-04T07:33:14","date_gmt":"2023-12-04T07:33:14","guid":{"rendered":"https:\/\/lavaberg.mda.pl\/sustainability\/"},"modified":"2024-01-31T14:01:18","modified_gmt":"2024-01-31T14:01:18","slug":"developpement-durable","status":"publish","type":"page","link":"https:\/\/lavaberg.mda.pl\/fr\/developpement-durable\/","title":{"rendered":"D\u00e9veloppement durable"},"content":{"rendered":"\n<section class=\"section-header\">\n            <div class=\"section-header__background section-header__background--desktop\">\n            <img loading=\"lazy\" decoding=\"async\" width=\"1920\" height=\"600\" src=\"https:\/\/lavaberg.mda.pl\/app\/uploads\/2023\/12\/AdobeStock_411855952-3.png\" class=\"attachment-full size-full wp-post-image\" alt=\"\" srcset=\"https:\/\/lavaberg.mda.pl\/app\/uploads\/2023\/12\/AdobeStock_411855952-3.png 1920w, https:\/\/lavaberg.mda.pl\/app\/uploads\/2023\/12\/AdobeStock_411855952-3-1024x320.png 1024w, https:\/\/lavaberg.mda.pl\/app\/uploads\/2023\/12\/AdobeStock_411855952-3-1536x480.png 1536w, https:\/\/lavaberg.mda.pl\/app\/uploads\/2023\/12\/AdobeStock_411855952-3-704x220.png 704w\" sizes=\"(max-width: 1920px) 100vw, 1920px\" \/>        <\/div>\n            \n            <div class=\"container section-header__content\">\n                            <h1>\n                    EXELLENCE FROM NATURE                <\/h1>\n                                        <p>\n                    Straight to your bathroom                <\/p>\n                    <\/div>\n    <\/section>\n\n<section class=\"section-content white \" >\n    <div class=\"container\" >\n        <div class=\"row\">\n            <div class=\"col-24 content\" >\n    <h2 style=\"text-align: center;\">Lavaberg vise \u00e0 encourager un mode de vie qui valorise le d\u00e9veloppement durable et la conscience, en s&#8217;inspirant des id\u00e9aux scandinaves. Nous cherchons \u00e0 minimiser notre empreinte \u00e9cologique en am\u00e9liorant continuellement nos m\u00e9thodes de production \u00e0 l&#8217;aide de mat\u00e9riaux naturels et recycl\u00e9s.<\/h2>\n    <\/div>\n        <\/div>\n            <\/div>\n    \n<\/section>\n\n\n<section class=\"section-content grey\" >\n    <div class=\"container\" >\n        <div class=\"row center section-content__mobile-reverse-row\">\n            <div class=\"col-lg-11 col-md-24 content\" >\n    <p>Les mat\u00e9riaux que nous utilisons garantissent un design captivant, avec comme base la pierre concass\u00e9e &#8211; un choix naturel et s\u00fbr. Notre engagement envers un design optimis\u00e9 se concentre sur la minimisation de l&#8217;utilisation des mat\u00e9riaux et la garantie d&#8217;une qualit\u00e9 durable.<\/p>\n    <\/div>\n<div class=\"col-lg-12 col-md-24 image\"> \n    <img loading=\"lazy\" decoding=\"async\" width=\"704\" height=\"430\" src=\"https:\/\/lavaberg.mda.pl\/app\/uploads\/2023\/12\/Stocksy_txp7a4e8a88oEn200_Large_1434244-6.png\" class=\"attachment-section_image size-section_image\" alt=\"\" \/><\/div>\n        <\/div>\n    <\/div>\n<\/section>\n\n\n<section class=\"section-content white\" >\n    <div class=\"container\" style=margin-top:-200px!important;>\n        <div class=\"row center section-content__mobile-reverse-row\">\n            <div class=\"col-lg-12 col-md-24 image\"> \n    <img loading=\"lazy\" decoding=\"async\" width=\"704\" height=\"430\" src=\"https:\/\/lavaberg.mda.pl\/app\/uploads\/2023\/12\/Stocksy_txp7a4e8a88oEn200_Large_1434244-7.png\" class=\"attachment-section_image size-section_image\" alt=\"\" \/><\/div>\n<div class=\"col-lg-11 col-md-24 content\" >\n    <p>Nous sommes conscients de l&#8217;importance de pr\u00e9server notre plan\u00e8te pour les g\u00e9n\u00e9rations futures, c&#8217;est pourquoi nos mat\u00e9riaux sont con\u00e7us pour r\u00e9sister \u00e0 l&#8217;\u00e9preuve du temps. Robuste et r\u00e9sistant, et facile \u00e0 r\u00e9parer, il garantit que votre lavabo, votre receveur de douche ou votre baignoire conservera le m\u00eame aspect que le jour o\u00f9 vous l\u2019avez install\u00e9.<\/p>\n    <\/div>\n        <\/div>\n    <\/div>\n<\/section>\n\n<section class=\"section-content light-green \" >\n    <div class=\"container\" >\n        <div class=\"row\">\n            <div class=\"col-24 content\" >\n    <h2 class=\"large\" style=\"text-align: center;\">Avec Lavaberg, vous avez la certitude de faire un choix qui contribue \u00e0 la pr\u00e9servation de notre plan\u00e8te.<\/h2>\n    <\/div>\n        <\/div>\n            <\/div>\n    \n<\/section>","protected":false},"excerpt":{"rendered":"","protected":false},"author":1,"featured_media":318,"parent":0,"menu_order":0,"comment_status":"closed","ping_status":"closed","template":"","meta":{"footnotes":""},"acf":[],"yoast_head":"<!-- This site is optimized with the Yoast SEO plugin v21.6 - https:\/\/yoast.com\/wordpress\/plugins\/seo\/ -->\n<title>D\u00e9veloppement durable - Lavaberg<\/title>\n<meta name=\"robots\" content=\"noindex, follow, max-snippet:-1, max-image-preview:large, max-video-preview:-1\" \/>\n<meta property=\"og:locale\" content=\"fr_FR\" \/>\n<meta property=\"og:type\" content=\"article\" \/>\n<meta property=\"og:title\" content=\"D\u00e9veloppement durable - Lavaberg\" \/>\n<meta property=\"og:url\" content=\"https:\/\/lavaberg.mda.pl\/fr\/developpement-durable\/\" \/>\n<meta property=\"og:site_name\" content=\"Lavaberg\" \/>\n<meta property=\"article:modified_time\" content=\"2024-01-31T14:01:18+00:00\" \/>\n<meta property=\"og:image\" content=\"https:\/\/lavaberg.mda.pl\/app\/uploads\/2023\/12\/AdobeStock_411855952-3-1024x320.png\" \/>\n\t<meta property=\"og:image:width\" content=\"1024\" \/>\n\t<meta property=\"og:image:height\" content=\"320\" \/>\n\t<meta property=\"og:image:type\" content=\"image\/png\" \/>\n<meta name=\"twitter:card\" content=\"summary_large_image\" \/>\n<script type=\"application\/ld+json\" class=\"yoast-schema-graph\">{\"@context\":\"https:\/\/schema.org\",\"@graph\":[{\"@type\":\"WebPage\",\"@id\":\"https:\/\/lavaberg.mda.pl\/fr\/developpement-durable\/\",\"url\":\"https:\/\/lavaberg.mda.pl\/fr\/developpement-durable\/\",\"name\":\"D\u00e9veloppement durable - Lavaberg\",\"isPartOf\":{\"@id\":\"https:\/\/lavaberg.mda.pl\/fr\/#website\"},\"datePublished\":\"2023-12-04T07:33:14+00:00\",\"dateModified\":\"2024-01-31T14:01:18+00:00\",\"breadcrumb\":{\"@id\":\"https:\/\/lavaberg.mda.pl\/fr\/developpement-durable\/#breadcrumb\"},\"inLanguage\":\"fr-FR\",\"potentialAction\":[{\"@type\":\"ReadAction\",\"target\":[\"https:\/\/lavaberg.mda.pl\/fr\/developpement-durable\/\"]}]},{\"@type\":\"BreadcrumbList\",\"@id\":\"https:\/\/lavaberg.mda.pl\/fr\/developpement-durable\/#breadcrumb\",\"itemListElement\":[{\"@type\":\"ListItem\",\"position\":1,\"name\":\"Home\",\"item\":\"https:\/\/lavaberg.mda.pl\/fr\/\"},{\"@type\":\"ListItem\",\"position\":2,\"name\":\"D\u00e9veloppement durable\"}]},{\"@type\":\"WebSite\",\"@id\":\"https:\/\/lavaberg.mda.pl\/fr\/#website\",\"url\":\"https:\/\/lavaberg.mda.pl\/fr\/\",\"name\":\"Lavaberg\",\"description\":\"\",\"potentialAction\":[{\"@type\":\"SearchAction\",\"target\":{\"@type\":\"EntryPoint\",\"urlTemplate\":\"https:\/\/lavaberg.mda.pl\/fr\/?s={search_term_string}\"},\"query-input\":\"required name=search_term_string\"}],\"inLanguage\":\"fr-FR\"}]}<\/script>\n<!-- \/ Yoast SEO plugin. -->","yoast_head_json":{"title":"D\u00e9veloppement durable - Lavaberg","robots":{"index":"noindex","follow":"follow","max-snippet":"max-snippet:-1","max-image-preview":"max-image-preview:large","max-video-preview":"max-video-preview:-1"},"og_locale":"fr_FR","og_type":"article","og_title":"D\u00e9veloppement durable - Lavaberg","og_url":"https:\/\/lavaberg.mda.pl\/fr\/developpement-durable\/","og_site_name":"Lavaberg","article_modified_time":"2024-01-31T14:01:18+00:00","og_image":[{"width":1024,"height":320,"url":"https:\/\/lavaberg.mda.pl\/app\/uploads\/2023\/12\/AdobeStock_411855952-3-1024x320.png","type":"image\/png"}],"twitter_card":"summary_large_image","schema":{"@context":"https:\/\/schema.org","@graph":[{"@type":"WebPage","@id":"https:\/\/lavaberg.mda.pl\/fr\/developpement-durable\/","url":"https:\/\/lavaberg.mda.pl\/fr\/developpement-durable\/","name":"D\u00e9veloppement durable - Lavaberg","isPartOf":{"@id":"https:\/\/lavaberg.mda.pl\/fr\/#website"},"datePublished":"2023-12-04T07:33:14+00:00","dateModified":"2024-01-31T14:01:18+00:00","breadcrumb":{"@id":"https:\/\/lavaberg.mda.pl\/fr\/developpement-durable\/#breadcrumb"},"inLanguage":"fr-FR","potentialAction":[{"@type":"ReadAction","target":["https:\/\/lavaberg.mda.pl\/fr\/developpement-durable\/"]}]},{"@type":"BreadcrumbList","@id":"https:\/\/lavaberg.mda.pl\/fr\/developpement-durable\/#breadcrumb","itemListElement":[{"@type":"ListItem","position":1,"name":"Home","item":"https:\/\/lavaberg.mda.pl\/fr\/"},{"@type":"ListItem","position":2,"name":"D\u00e9veloppement durable"}]},{"@type":"WebSite","@id":"https:\/\/lavaberg.mda.pl\/fr\/#website","url":"https:\/\/lavaberg.mda.pl\/fr\/","name":"Lavaberg","description":"","potentialAction":[{"@type":"SearchAction","target":{"@type":"EntryPoint","urlTemplate":"https:\/\/lavaberg.mda.pl\/fr\/?s={search_term_string}"},"query-input":"required name=search_term_string"}],"inLanguage":"fr-FR"}]}},"_links":{"self":[{"href":"https:\/\/lavaberg.mda.pl\/fr\/wp-json\/wp\/v2\/pages\/481"}],"collection":[{"href":"https:\/\/lavaberg.mda.pl\/fr\/wp-json\/wp\/v2\/pages"}],"about":[{"href":"https:\/\/lavaberg.mda.pl\/fr\/wp-json\/wp\/v2\/types\/page"}],"author":[{"embeddable":true,"href":"https:\/\/lavaberg.mda.pl\/fr\/wp-json\/wp\/v2\/users\/1"}],"replies":[{"embeddable":true,"href":"https:\/\/lavaberg.mda.pl\/fr\/wp-json\/wp\/v2\/comments?post=481"}],"version-history":[{"count":3,"href":"https:\/\/lavaberg.mda.pl\/fr\/wp-json\/wp\/v2\/pages\/481\/revisions"}],"predecessor-version":[{"id":14268,"href":"https:\/\/lavaberg.mda.pl\/fr\/wp-json\/wp\/v2\/pages\/481\/revisions\/14268"}],"wp:featuredmedia":[{"embeddable":true,"href":"https:\/\/lavaberg.mda.pl\/fr\/wp-json\/wp\/v2\/media\/318"}],"wp:attachment":[{"href":"https:\/\/lavaberg.mda.pl\/fr\/wp-json\/wp\/v2\/media?parent=481"}],"curies":[{"name":"wp","href":"https:\/\/api.w.org\/{rel}","templated":true}]}}