{"id":471,"date":"2023-12-07T14:32:39","date_gmt":"2023-12-07T14:32:39","guid":{"rendered":"https:\/\/lavaberg.mda.pl\/products-page\/"},"modified":"2024-01-12T07:43:49","modified_gmt":"2024-01-12T07:43:49","slug":"products-page","status":"publish","type":"page","link":"https:\/\/lavaberg.mda.pl\/fr\/products-page\/","title":{"rendered":"Produits"},"content":{"rendered":"\n<section class=\"section-header\">\n            <div class=\"section-header__background \">\n            <img loading=\"lazy\" decoding=\"async\" width=\"2560\" height=\"969\" src=\"https:\/\/lavaberg.mda.pl\/app\/uploads\/2024\/01\/clipboard-202401112215-eayru-1-2.jpg\" class=\"attachment-full size-full wp-post-image\" alt=\"\" srcset=\"https:\/\/lavaberg.mda.pl\/app\/uploads\/2024\/01\/clipboard-202401112215-eayru-1-2.jpg 2560w, https:\/\/lavaberg.mda.pl\/app\/uploads\/2024\/01\/clipboard-202401112215-eayru-1-2-1024x388.jpg 1024w, https:\/\/lavaberg.mda.pl\/app\/uploads\/2024\/01\/clipboard-202401112215-eayru-1-2-1536x581.jpg 1536w, https:\/\/lavaberg.mda.pl\/app\/uploads\/2024\/01\/clipboard-202401112215-eayru-1-2-2048x775.jpg 2048w, https:\/\/lavaberg.mda.pl\/app\/uploads\/2024\/01\/clipboard-202401112215-eayru-1-2-1585x600.jpg 1585w, https:\/\/lavaberg.mda.pl\/app\/uploads\/2024\/01\/clipboard-202401112215-eayru-1-2-704x266.jpg 704w\" sizes=\"(max-width: 2560px) 100vw, 2560px\" \/>        <\/div>\n                <div class=\"section-header__background section-header__background--mobile\">\n            <img loading=\"lazy\" decoding=\"async\" width=\"375\" height=\"600\" src=\"https:\/\/lavaberg.mda.pl\/app\/uploads\/2024\/01\/clipboard-202401112215-oq0vo-2.jpg\" class=\"card-product__image\" alt=\"\" \/>        <\/div>\n        \n    <\/section>\n\n<section class=\"section-content white \" >\n    <div class=\"container\" style=max-width:950px;>\n        <div class=\"row\">\n            <div class=\"col-24 content\" >\n    <h2 style=\"text-align: center;\">Plongez dans nos cr\u00e9ations et d\u00e9couvrez la beaut\u00e9 naturelle de la Scandinavie.<\/h2>\n<p style=\"text-align: center;\">Nos produits refl\u00e8tent l&#8217;essence du mode de vie nordique : simple, amical, authentique, harmonieux et proche de la nature. D\u00e9couvrez nos mod\u00e8les et faites entrer d\u00e8s aujourd&#8217;hui la chaleur de la Scandinavie dans votre vie.<\/p>\n    <\/div>\n        <\/div>\n            <\/div>\n    \n<\/section>\n\n\n<section class=\"product-categories grey\">\n    <div class=\"container swiper js-section-slider\">\n                    <div class=\"product-categories__title\">\n                <h2 style=\"text-align: center;\">D\u00e9couvrir nos produits<\/h2>\n            <\/div>\n            <div class=\"swiper-wrapper product-categories__list\">\n                                <a href=\"https:\/\/lavaberg.mda.pl\/fr\/products\/category\/lavabos\/?category_id=190\" class=\"product-categories__list--card swiper-slide\" style=\"background-color:#d4cac8\">\n                    <p>\n                        Lavabos                    <\/p>\n                    <img loading=\"lazy\" decoding=\"async\" width=\"338\" height=\"380\" src=\"https:\/\/lavaberg.mda.pl\/app\/uploads\/2023\/12\/Pct_Frode_500_2-top-03-\u0417\u043e\u0431\u0440\u0430\u0436\u0435\u043d\u043d\u044f.png\" class=\"attachment-header size-header\" alt=\"\" \/>                <\/a>                \n\n                                <a href=\"https:\/\/lavaberg.mda.pl\/fr\/products\/category\/baignores\/?category_id=192\" class=\"product-categories__list--card swiper-slide\" style=\"background-color:#8b9ca9\">\n                    <p>\n                        Baignores                    <\/p>\n                    <img loading=\"lazy\" decoding=\"async\" width=\"338\" height=\"380\" src=\"https:\/\/lavaberg.mda.pl\/app\/uploads\/2024\/01\/Warstwa-1-\u0417\u043e\u0431\u0440\u0430\u0436\u0435\u043d\u043d\u044f-1.png\" class=\"attachment-header size-header\" alt=\"\" \/>                <\/a>                \n\n                                <a href=\"https:\/\/lavaberg.mda.pl\/fr\/products\/category\/receveurs-de-douche\/?category_id=161\" class=\"product-categories__list--card swiper-slide\" style=\"background-color:#ab5a2c\">\n                    <p>\n                        Receveurs de douche                    <\/p>\n                    <img loading=\"lazy\" decoding=\"async\" width=\"339\" height=\"380\" src=\"https:\/\/lavaberg.mda.pl\/app\/uploads\/2024\/01\/Warstwa-1-\u0417\u043e\u0431\u0440\u0430\u0436\u0435\u043d\u043d\u044f-2.png\" class=\"attachment-header size-header\" alt=\"\" \/>                <\/a>                \n\n                            <\/div>\n                <div class=\"swiper-scrollbar js-swiper-scrollbar\"><\/div>\n\n    <\/div>\n<\/section>","protected":false},"excerpt":{"rendered":"","protected":false},"author":1,"featured_media":10395,"parent":0,"menu_order":0,"comment_status":"closed","ping_status":"closed","template":"page-templates\/products.php","meta":{"footnotes":""},"acf":[],"yoast_head":"<!-- This site is optimized with the Yoast SEO plugin v21.6 - https:\/\/yoast.com\/wordpress\/plugins\/seo\/ -->\n<title>Produits - Lavaberg<\/title>\n<meta name=\"robots\" content=\"noindex, follow, max-snippet:-1, max-image-preview:large, max-video-preview:-1\" \/>\n<meta property=\"og:locale\" content=\"fr_FR\" \/>\n<meta property=\"og:type\" content=\"article\" \/>\n<meta property=\"og:title\" content=\"Produits - Lavaberg\" \/>\n<meta property=\"og:url\" content=\"https:\/\/lavaberg.mda.pl\/fr\/products-page\/\" \/>\n<meta property=\"og:site_name\" content=\"Lavaberg\" \/>\n<meta property=\"article:modified_time\" content=\"2024-01-12T07:43:49+00:00\" \/>\n<meta property=\"og:image\" content=\"https:\/\/lavaberg.mda.pl\/app\/uploads\/2024\/01\/clipboard-202401112215-eayru-1-2.jpg\" \/>\n\t<meta property=\"og:image:width\" content=\"2560\" \/>\n\t<meta property=\"og:image:height\" content=\"969\" \/>\n\t<meta property=\"og:image:type\" content=\"image\/jpeg\" \/>\n<meta name=\"twitter:card\" content=\"summary_large_image\" \/>\n<script type=\"application\/ld+json\" class=\"yoast-schema-graph\">{\"@context\":\"https:\/\/schema.org\",\"@graph\":[{\"@type\":\"WebPage\",\"@id\":\"https:\/\/lavaberg.mda.pl\/fr\/products-page\/\",\"url\":\"https:\/\/lavaberg.mda.pl\/fr\/products-page\/\",\"name\":\"Produits - Lavaberg\",\"isPartOf\":{\"@id\":\"https:\/\/lavaberg.mda.pl\/fr\/#website\"},\"datePublished\":\"2023-12-07T14:32:39+00:00\",\"dateModified\":\"2024-01-12T07:43:49+00:00\",\"breadcrumb\":{\"@id\":\"https:\/\/lavaberg.mda.pl\/fr\/products-page\/#breadcrumb\"},\"inLanguage\":\"fr-FR\",\"potentialAction\":[{\"@type\":\"ReadAction\",\"target\":[\"https:\/\/lavaberg.mda.pl\/fr\/products-page\/\"]}]},{\"@type\":\"BreadcrumbList\",\"@id\":\"https:\/\/lavaberg.mda.pl\/fr\/products-page\/#breadcrumb\",\"itemListElement\":[{\"@type\":\"ListItem\",\"position\":1,\"name\":\"Home\",\"item\":\"https:\/\/lavaberg.mda.pl\/fr\/\"},{\"@type\":\"ListItem\",\"position\":2,\"name\":\"Produits\"}]},{\"@type\":\"WebSite\",\"@id\":\"https:\/\/lavaberg.mda.pl\/fr\/#website\",\"url\":\"https:\/\/lavaberg.mda.pl\/fr\/\",\"name\":\"Lavaberg\",\"description\":\"\",\"potentialAction\":[{\"@type\":\"SearchAction\",\"target\":{\"@type\":\"EntryPoint\",\"urlTemplate\":\"https:\/\/lavaberg.mda.pl\/fr\/?s={search_term_string}\"},\"query-input\":\"required name=search_term_string\"}],\"inLanguage\":\"fr-FR\"}]}<\/script>\n<!-- \/ Yoast SEO plugin. -->","yoast_head_json":{"title":"Produits - Lavaberg","robots":{"index":"noindex","follow":"follow","max-snippet":"max-snippet:-1","max-image-preview":"max-image-preview:large","max-video-preview":"max-video-preview:-1"},"og_locale":"fr_FR","og_type":"article","og_title":"Produits - Lavaberg","og_url":"https:\/\/lavaberg.mda.pl\/fr\/products-page\/","og_site_name":"Lavaberg","article_modified_time":"2024-01-12T07:43:49+00:00","og_image":[{"width":2560,"height":969,"url":"https:\/\/lavaberg.mda.pl\/app\/uploads\/2024\/01\/clipboard-202401112215-eayru-1-2.jpg","type":"image\/jpeg"}],"twitter_card":"summary_large_image","schema":{"@context":"https:\/\/schema.org","@graph":[{"@type":"WebPage","@id":"https:\/\/lavaberg.mda.pl\/fr\/products-page\/","url":"https:\/\/lavaberg.mda.pl\/fr\/products-page\/","name":"Produits - Lavaberg","isPartOf":{"@id":"https:\/\/lavaberg.mda.pl\/fr\/#website"},"datePublished":"2023-12-07T14:32:39+00:00","dateModified":"2024-01-12T07:43:49+00:00","breadcrumb":{"@id":"https:\/\/lavaberg.mda.pl\/fr\/products-page\/#breadcrumb"},"inLanguage":"fr-FR","potentialAction":[{"@type":"ReadAction","target":["https:\/\/lavaberg.mda.pl\/fr\/products-page\/"]}]},{"@type":"BreadcrumbList","@id":"https:\/\/lavaberg.mda.pl\/fr\/products-page\/#breadcrumb","itemListElement":[{"@type":"ListItem","position":1,"name":"Home","item":"https:\/\/lavaberg.mda.pl\/fr\/"},{"@type":"ListItem","position":2,"name":"Produits"}]},{"@type":"WebSite","@id":"https:\/\/lavaberg.mda.pl\/fr\/#website","url":"https:\/\/lavaberg.mda.pl\/fr\/","name":"Lavaberg","description":"","potentialAction":[{"@type":"SearchAction","target":{"@type":"EntryPoint","urlTemplate":"https:\/\/lavaberg.mda.pl\/fr\/?s={search_term_string}"},"query-input":"required name=search_term_string"}],"inLanguage":"fr-FR"}]}},"_links":{"self":[{"href":"https:\/\/lavaberg.mda.pl\/fr\/wp-json\/wp\/v2\/pages\/471"}],"collection":[{"href":"https:\/\/lavaberg.mda.pl\/fr\/wp-json\/wp\/v2\/pages"}],"about":[{"href":"https:\/\/lavaberg.mda.pl\/fr\/wp-json\/wp\/v2\/types\/page"}],"author":[{"embeddable":true,"href":"https:\/\/lavaberg.mda.pl\/fr\/wp-json\/wp\/v2\/users\/1"}],"replies":[{"embeddable":true,"href":"https:\/\/lavaberg.mda.pl\/fr\/wp-json\/wp\/v2\/comments?post=471"}],"version-history":[{"count":3,"href":"https:\/\/lavaberg.mda.pl\/fr\/wp-json\/wp\/v2\/pages\/471\/revisions"}],"predecessor-version":[{"id":10404,"href":"https:\/\/lavaberg.mda.pl\/fr\/wp-json\/wp\/v2\/pages\/471\/revisions\/10404"}],"wp:featuredmedia":[{"embeddable":true,"href":"https:\/\/lavaberg.mda.pl\/fr\/wp-json\/wp\/v2\/media\/10395"}],"wp:attachment":[{"href":"https:\/\/lavaberg.mda.pl\/fr\/wp-json\/wp\/v2\/media?parent=471"}],"curies":[{"name":"wp","href":"https:\/\/api.w.org\/{rel}","templated":true}]}}