{"id":308,"date":"2023-12-04T07:31:51","date_gmt":"2023-12-04T07:31:51","guid":{"rendered":"http:\/\/lavaberg.test\/?page_id=308"},"modified":"2024-01-31T13:23:52","modified_gmt":"2024-01-31T13:23:52","slug":"home-page","status":"publish","type":"page","link":"https:\/\/lavaberg.mda.pl\/fr\/","title":{"rendered":"Home Page"},"content":{"rendered":"\n<section class=\"section-header\">\n            <div class=\"section-header__background \">\n            <img loading=\"lazy\" decoding=\"async\" width=\"1920\" height=\"600\" src=\"https:\/\/lavaberg.mda.pl\/app\/uploads\/2023\/12\/AdobeStock_411855952.png\" class=\"attachment-full size-full wp-post-image\" alt=\"\" srcset=\"https:\/\/lavaberg.mda.pl\/app\/uploads\/2023\/12\/AdobeStock_411855952.png 1920w, https:\/\/lavaberg.mda.pl\/app\/uploads\/2023\/12\/AdobeStock_411855952-704x220.png 704w, https:\/\/lavaberg.mda.pl\/app\/uploads\/2023\/12\/AdobeStock_411855952-1024x320.png 1024w, https:\/\/lavaberg.mda.pl\/app\/uploads\/2023\/12\/AdobeStock_411855952-1536x480.png 1536w\" sizes=\"(max-width: 1920px) 100vw, 1920px\" \/>        <\/div>\n                <div class=\"section-header__background section-header__background--mobile\">\n            <img loading=\"lazy\" decoding=\"async\" width=\"375\" height=\"600\" src=\"https:\/\/lavaberg.mda.pl\/app\/uploads\/2023\/12\/AdobeStock_411855952-4.png\" class=\"card-product__image\" alt=\"\" \/>        <\/div>\n        \n            <div class=\"container section-header__content\">\n                            <h1>\n                    EXELLENCE FROM NATURE                <\/h1>\n                                        <p>\n                    Straight to your bathroom                <\/p>\n                    <\/div>\n    <\/section>\n\n\n<section class=\"section-content grey\" >\n    <div class=\"container\" >\n        <div class=\"row center\">\n            <div class=\"col-lg-11 col-md-24 content\" >\n    <h2>Bienvenue chez Lavaberg, o\u00f9 l&#8217;excellence, sans aucun effort, prend sa source dans la nature pour se retrouver dans votre salle de bains.<\/h2>\n<p class=\"p1\">Inspir\u00e9s par la splendeur fascinante de la Scandinavie, nous vous proposons des produits pour salles de bainssoigneusement \u00e9labor\u00e9s \u00e0 partir des meilleurs composite min\u00e9ral. Ici, la beaut\u00e9 de la nature rencontre une conception r\u00e9fl\u00e9chie, la simplicit\u00e9 et un mode de vie enrichissant.<\/p>\n            <div class=\"btn \">\n            <a href=\"https:\/\/lavaberg.mda.pl\/fr\/a-propos-de-nous\/\" class=\"button \">\n                En savoir plus            <\/a>\n        <\/div>\n    <\/div>\n<div class=\"col-lg-12 col-md-24 image\"> \n    <img loading=\"lazy\" decoding=\"async\" width=\"704\" height=\"682\" src=\"https:\/\/lavaberg.mda.pl\/app\/uploads\/2023\/12\/Stocksy_txp7a4e8a88oEn200_Large_1434244.png\" class=\"attachment-section_image size-section_image\" alt=\"\" \/><\/div>\n        <\/div>\n    <\/div>\n<\/section>\n\n\n<section class=\"section-content white\" >\n    <div class=\"container\" >\n        <div class=\"row center\">\n            <div class=\"col-lg-12 col-md-24 image\"> \n    <img loading=\"lazy\" decoding=\"async\" width=\"704\" height=\"682\" src=\"https:\/\/lavaberg.mda.pl\/app\/uploads\/2023\/12\/Stocksy_txp7a4e8a88oEn200_Large_1434244-1.png\" class=\"attachment-section_image size-section_image\" alt=\"\" \/><\/div>\n<div class=\"col-lg-11 col-md-24 content\" >\n    <h2>Depuis le c\u0153ur des montagnes jusqu&#8217;\u00e0 l&#8217;int\u00e9rieur de votre salle de bains.<\/h2>\n<p>Nos produits exceptionnels sont le fruit du pouvoir de transformation de la lave qui a fa\u00e7onn\u00e9 la Terre il y a de cela 250 millions d&#8217;ann\u00e9es. Lorsque la lave chaude a recouvert le sol, la chaleur et la pression ont modifi\u00e9 la structure des roches emprisonn\u00e9es sous la lave, \u00e9tablissant ainsi les fondements des mat\u00e9riaux remarquables que nous utilisons aujourd&#8217;hui.<\/p>\n            <div class=\"btn \">\n            <a href=\"https:\/\/lavaberg.mda.pl\/fr\/a-propos-de-nous\/#design\" class=\"button \">\n                En savoir plus            <\/a>\n        <\/div>\n    <\/div>\n        <\/div>\n    <\/div>\n<\/section>\n\n\n<section class=\"section-content accent\" >\n    <div class=\"container\" >\n        <div class=\"row center\">\n            <div class=\"col-lg-11 col-md-24 content\" >\n    <h2>Les produits Lavaberg offrent un plaisir d&#8217;utilisation infini.<\/h2>\n<p>Les pierres volcaniques, ind\u00e9pendamment de leur attrait esth\u00e9tique, pr\u00e9sentent des avantages pratiques remarquables. Compos\u00e9es de roches durables qui restent agr\u00e9ables au toucher, elles procurent un sentiment de s\u00e9curit\u00e9 et de confiance. Leurs propri\u00e9t\u00e9s de r\u00e9tention de la chaleur les rendent \u00e9galement id\u00e9ales pour cr\u00e9er des environnements de salle de bains chauds et accueillants.<\/p>\n            <div class=\"btn \">\n            <a href=\"https:\/\/lavaberg.mda.pl\/fr\/products-page\/\" class=\"button button--light\">\n                D\u00e9couvrir nos produits            <\/a>\n        <\/div>\n    <\/div>\n<div class=\"col-lg-12 col-md-24 image\"> \n    <img loading=\"lazy\" decoding=\"async\" width=\"704\" height=\"682\" src=\"https:\/\/lavaberg.mda.pl\/app\/uploads\/2023\/12\/Stocksy_txp7a4e8a88oEn200_Large_1434244-2.png\" class=\"attachment-section_image size-section_image\" alt=\"\" \/><\/div>\n        <\/div>\n    <\/div>\n<\/section>\n\n    <section class=\"slider-component\">\n        <div class=\"container section-slider swiper js-section-slider\">\n            <div class=\"section-slider__head\">\n                                    <div class=\"section-slider__head--title\">\n                        <h2>\n                            Inspirations                        <\/h2>\n                    <\/div>\n                                    <div class=\"section--slider__head--link\">\n                        <a href=\"https:\/\/lavaberg.mda.pl\/fr\/inspirations\/\" class=\"button--link\">\n                            Voir plus de d\u00e9tails                        <\/a>\n                    <\/div>\n                            <\/div>\n            <div class=\"swiper-wrapper section-slider__cards\">\n                \n<div class=\"section-slider__cards--slide swiper-slide\">\n    <a href=\"https:\/\/lavaberg.mda.pl\/app\/uploads\/2023\/12\/Eira_94-scaled.jpg\" class=\"inspiration-thumbnail-anchor\">\n        <img loading=\"lazy\" decoding=\"async\" width=\"2560\" height=\"2560\" src=\"https:\/\/lavaberg.mda.pl\/app\/uploads\/2023\/12\/Eira_94-scaled.jpg\" class=\"attachment-post-thumbnail size-post-thumbnail wp-post-image\" alt=\"\" srcset=\"https:\/\/lavaberg.mda.pl\/app\/uploads\/2023\/12\/Eira_94-scaled.jpg 2560w, https:\/\/lavaberg.mda.pl\/app\/uploads\/2023\/12\/Eira_94-150x150.jpg 150w, https:\/\/lavaberg.mda.pl\/app\/uploads\/2023\/12\/Eira_94-1024x1024.jpg 1024w, https:\/\/lavaberg.mda.pl\/app\/uploads\/2023\/12\/Eira_94-1536x1536.jpg 1536w, https:\/\/lavaberg.mda.pl\/app\/uploads\/2023\/12\/Eira_94-2048x2048.jpg 2048w, https:\/\/lavaberg.mda.pl\/app\/uploads\/2023\/12\/Eira_94-600x600.jpg 600w, https:\/\/lavaberg.mda.pl\/app\/uploads\/2023\/12\/Eira_94-704x704.jpg 704w\" sizes=\"(max-width: 2560px) 100vw, 2560px\" \/>    <\/a>\n<\/div>\n<div class=\"section-slider__cards--slide swiper-slide\">\n    <a href=\"https:\/\/lavaberg.mda.pl\/app\/uploads\/2023\/12\/Frosk-1800-03-of-scaled.jpg\" class=\"inspiration-thumbnail-anchor\">\n        <img loading=\"lazy\" decoding=\"async\" width=\"2560\" height=\"2560\" src=\"https:\/\/lavaberg.mda.pl\/app\/uploads\/2023\/12\/Frosk-1800-03-of-scaled.jpg\" class=\"attachment-post-thumbnail size-post-thumbnail wp-post-image\" alt=\"\" srcset=\"https:\/\/lavaberg.mda.pl\/app\/uploads\/2023\/12\/Frosk-1800-03-of-scaled.jpg 2560w, https:\/\/lavaberg.mda.pl\/app\/uploads\/2023\/12\/Frosk-1800-03-of-150x150.jpg 150w, https:\/\/lavaberg.mda.pl\/app\/uploads\/2023\/12\/Frosk-1800-03-of-1024x1024.jpg 1024w, https:\/\/lavaberg.mda.pl\/app\/uploads\/2023\/12\/Frosk-1800-03-of-1536x1536.jpg 1536w, https:\/\/lavaberg.mda.pl\/app\/uploads\/2023\/12\/Frosk-1800-03-of-2048x2048.jpg 2048w, https:\/\/lavaberg.mda.pl\/app\/uploads\/2023\/12\/Frosk-1800-03-of-600x600.jpg 600w, https:\/\/lavaberg.mda.pl\/app\/uploads\/2023\/12\/Frosk-1800-03-of-704x704.jpg 704w\" sizes=\"(max-width: 2560px) 100vw, 2560px\" \/>    <\/a>\n<\/div>\n<div class=\"section-slider__cards--slide swiper-slide\">\n    <a href=\"https:\/\/lavaberg.mda.pl\/app\/uploads\/2023\/12\/Magnus-120x80-Negro-scaled.jpg\" class=\"inspiration-thumbnail-anchor\">\n        <img loading=\"lazy\" decoding=\"async\" width=\"2560\" height=\"2560\" src=\"https:\/\/lavaberg.mda.pl\/app\/uploads\/2023\/12\/Magnus-120x80-Negro-scaled.jpg\" class=\"attachment-post-thumbnail size-post-thumbnail wp-post-image\" alt=\"\" srcset=\"https:\/\/lavaberg.mda.pl\/app\/uploads\/2023\/12\/Magnus-120x80-Negro-scaled.jpg 2560w, https:\/\/lavaberg.mda.pl\/app\/uploads\/2023\/12\/Magnus-120x80-Negro-150x150.jpg 150w, https:\/\/lavaberg.mda.pl\/app\/uploads\/2023\/12\/Magnus-120x80-Negro-1024x1024.jpg 1024w, https:\/\/lavaberg.mda.pl\/app\/uploads\/2023\/12\/Magnus-120x80-Negro-1536x1536.jpg 1536w, https:\/\/lavaberg.mda.pl\/app\/uploads\/2023\/12\/Magnus-120x80-Negro-2048x2048.jpg 2048w, https:\/\/lavaberg.mda.pl\/app\/uploads\/2023\/12\/Magnus-120x80-Negro-600x600.jpg 600w, https:\/\/lavaberg.mda.pl\/app\/uploads\/2023\/12\/Magnus-120x80-Negro-704x704.jpg 704w\" sizes=\"(max-width: 2560px) 100vw, 2560px\" \/>    <\/a>\n<\/div>\n<div class=\"section-slider__cards--slide swiper-slide\">\n    <a href=\"https:\/\/lavaberg.mda.pl\/app\/uploads\/2023\/12\/Oscar_450_33-scaled.jpg\" class=\"inspiration-thumbnail-anchor\">\n        <img loading=\"lazy\" decoding=\"async\" width=\"2560\" height=\"2560\" src=\"https:\/\/lavaberg.mda.pl\/app\/uploads\/2023\/12\/Oscar_450_33-scaled.jpg\" class=\"attachment-post-thumbnail size-post-thumbnail wp-post-image\" alt=\"\" srcset=\"https:\/\/lavaberg.mda.pl\/app\/uploads\/2023\/12\/Oscar_450_33-scaled.jpg 2560w, https:\/\/lavaberg.mda.pl\/app\/uploads\/2023\/12\/Oscar_450_33-150x150.jpg 150w, https:\/\/lavaberg.mda.pl\/app\/uploads\/2023\/12\/Oscar_450_33-1024x1024.jpg 1024w, https:\/\/lavaberg.mda.pl\/app\/uploads\/2023\/12\/Oscar_450_33-1536x1536.jpg 1536w, https:\/\/lavaberg.mda.pl\/app\/uploads\/2023\/12\/Oscar_450_33-2048x2048.jpg 2048w, https:\/\/lavaberg.mda.pl\/app\/uploads\/2023\/12\/Oscar_450_33-600x600.jpg 600w, https:\/\/lavaberg.mda.pl\/app\/uploads\/2023\/12\/Oscar_450_33-704x704.jpg 704w\" sizes=\"(max-width: 2560px) 100vw, 2560px\" \/>    <\/a>\n<\/div>\n<div class=\"section-slider__cards--slide swiper-slide\">\n    <a href=\"https:\/\/lavaberg.mda.pl\/app\/uploads\/2023\/12\/Skum-03-scaled.jpg\" class=\"inspiration-thumbnail-anchor\">\n        <img loading=\"lazy\" decoding=\"async\" width=\"2560\" height=\"2560\" src=\"https:\/\/lavaberg.mda.pl\/app\/uploads\/2023\/12\/Skum-03-scaled.jpg\" class=\"attachment-post-thumbnail size-post-thumbnail wp-post-image\" alt=\"\" srcset=\"https:\/\/lavaberg.mda.pl\/app\/uploads\/2023\/12\/Skum-03-scaled.jpg 2560w, https:\/\/lavaberg.mda.pl\/app\/uploads\/2023\/12\/Skum-03-150x150.jpg 150w, https:\/\/lavaberg.mda.pl\/app\/uploads\/2023\/12\/Skum-03-1024x1024.jpg 1024w, https:\/\/lavaberg.mda.pl\/app\/uploads\/2023\/12\/Skum-03-1536x1536.jpg 1536w, https:\/\/lavaberg.mda.pl\/app\/uploads\/2023\/12\/Skum-03-2048x2048.jpg 2048w, https:\/\/lavaberg.mda.pl\/app\/uploads\/2023\/12\/Skum-03-600x600.jpg 600w, https:\/\/lavaberg.mda.pl\/app\/uploads\/2023\/12\/Skum-03-704x704.jpg 704w\" sizes=\"(max-width: 2560px) 100vw, 2560px\" \/>    <\/a>\n<\/div>\n<div class=\"section-slider__cards--slide swiper-slide\">\n    <a href=\"https:\/\/lavaberg.mda.pl\/app\/uploads\/2023\/12\/Vind-94-scaled.jpg\" class=\"inspiration-thumbnail-anchor\">\n        <img loading=\"lazy\" decoding=\"async\" width=\"2560\" height=\"2560\" src=\"https:\/\/lavaberg.mda.pl\/app\/uploads\/2023\/12\/Vind-94-scaled.jpg\" class=\"attachment-post-thumbnail size-post-thumbnail wp-post-image\" alt=\"\" srcset=\"https:\/\/lavaberg.mda.pl\/app\/uploads\/2023\/12\/Vind-94-scaled.jpg 2560w, https:\/\/lavaberg.mda.pl\/app\/uploads\/2023\/12\/Vind-94-150x150.jpg 150w, https:\/\/lavaberg.mda.pl\/app\/uploads\/2023\/12\/Vind-94-1024x1024.jpg 1024w, https:\/\/lavaberg.mda.pl\/app\/uploads\/2023\/12\/Vind-94-1536x1536.jpg 1536w, https:\/\/lavaberg.mda.pl\/app\/uploads\/2023\/12\/Vind-94-2048x2048.jpg 2048w, https:\/\/lavaberg.mda.pl\/app\/uploads\/2023\/12\/Vind-94-600x600.jpg 600w, https:\/\/lavaberg.mda.pl\/app\/uploads\/2023\/12\/Vind-94-704x704.jpg 704w\" sizes=\"(max-width: 2560px) 100vw, 2560px\" \/>    <\/a>\n<\/div>            <\/div>\n            <div class=\"swiper-scrollbar js-swiper-scrollbar\"><\/div>\n        <\/div>\n    <\/section>\n","protected":false},"excerpt":{"rendered":"","protected":false},"author":1,"featured_media":109,"parent":0,"menu_order":0,"comment_status":"closed","ping_status":"closed","template":"","meta":{"footnotes":""},"acf":[],"yoast_head":"<!-- This site is optimized with the Yoast SEO plugin v21.6 - https:\/\/yoast.com\/wordpress\/plugins\/seo\/ -->\n<title>Home Page - Lavaberg<\/title>\n<meta name=\"robots\" content=\"noindex, follow, max-snippet:-1, max-image-preview:large, max-video-preview:-1\" \/>\n<meta property=\"og:locale\" content=\"fr_FR\" \/>\n<meta property=\"og:type\" content=\"article\" \/>\n<meta property=\"og:title\" content=\"Home Page - Lavaberg\" \/>\n<meta property=\"og:url\" content=\"https:\/\/lavaberg.mda.pl\/fr\/\" \/>\n<meta property=\"og:site_name\" content=\"Lavaberg\" \/>\n<meta property=\"article:modified_time\" content=\"2024-01-31T13:23:52+00:00\" \/>\n<meta property=\"og:image\" content=\"https:\/\/lavaberg.mda.pl\/app\/uploads\/2023\/12\/AdobeStock_411855952-1024x320.png\" \/>\n\t<meta property=\"og:image:width\" content=\"1024\" \/>\n\t<meta property=\"og:image:height\" content=\"320\" \/>\n\t<meta property=\"og:image:type\" content=\"image\/png\" \/>\n<meta name=\"twitter:card\" content=\"summary_large_image\" \/>\n<script type=\"application\/ld+json\" class=\"yoast-schema-graph\">{\"@context\":\"https:\/\/schema.org\",\"@graph\":[{\"@type\":\"WebPage\",\"@id\":\"https:\/\/lavaberg.mda.pl\/fr\/\",\"url\":\"https:\/\/lavaberg.mda.pl\/fr\/\",\"name\":\"Home Page - Lavaberg\",\"isPartOf\":{\"@id\":\"https:\/\/lavaberg.mda.pl\/fr\/#website\"},\"datePublished\":\"2023-12-04T07:31:51+00:00\",\"dateModified\":\"2024-01-31T13:23:52+00:00\",\"breadcrumb\":{\"@id\":\"https:\/\/lavaberg.mda.pl\/fr\/#breadcrumb\"},\"inLanguage\":\"fr-FR\",\"potentialAction\":[{\"@type\":\"ReadAction\",\"target\":[\"https:\/\/lavaberg.mda.pl\/fr\/\"]}]},{\"@type\":\"BreadcrumbList\",\"@id\":\"https:\/\/lavaberg.mda.pl\/fr\/#breadcrumb\",\"itemListElement\":[{\"@type\":\"ListItem\",\"position\":1,\"name\":\"Home\",\"item\":\"https:\/\/lavaberg.mda.pl\/fr\/\"},{\"@type\":\"ListItem\",\"position\":2,\"name\":\"Home Page\"}]},{\"@type\":\"WebSite\",\"@id\":\"https:\/\/lavaberg.mda.pl\/fr\/#website\",\"url\":\"https:\/\/lavaberg.mda.pl\/fr\/\",\"name\":\"Lavaberg\",\"description\":\"\",\"potentialAction\":[{\"@type\":\"SearchAction\",\"target\":{\"@type\":\"EntryPoint\",\"urlTemplate\":\"https:\/\/lavaberg.mda.pl\/fr\/?s={search_term_string}\"},\"query-input\":\"required name=search_term_string\"}],\"inLanguage\":\"fr-FR\"}]}<\/script>\n<!-- \/ Yoast SEO plugin. -->","yoast_head_json":{"title":"Home Page - Lavaberg","robots":{"index":"noindex","follow":"follow","max-snippet":"max-snippet:-1","max-image-preview":"max-image-preview:large","max-video-preview":"max-video-preview:-1"},"og_locale":"fr_FR","og_type":"article","og_title":"Home Page - Lavaberg","og_url":"https:\/\/lavaberg.mda.pl\/fr\/","og_site_name":"Lavaberg","article_modified_time":"2024-01-31T13:23:52+00:00","og_image":[{"width":1024,"height":320,"url":"https:\/\/lavaberg.mda.pl\/app\/uploads\/2023\/12\/AdobeStock_411855952-1024x320.png","type":"image\/png"}],"twitter_card":"summary_large_image","schema":{"@context":"https:\/\/schema.org","@graph":[{"@type":"WebPage","@id":"https:\/\/lavaberg.mda.pl\/fr\/","url":"https:\/\/lavaberg.mda.pl\/fr\/","name":"Home Page - Lavaberg","isPartOf":{"@id":"https:\/\/lavaberg.mda.pl\/fr\/#website"},"datePublished":"2023-12-04T07:31:51+00:00","dateModified":"2024-01-31T13:23:52+00:00","breadcrumb":{"@id":"https:\/\/lavaberg.mda.pl\/fr\/#breadcrumb"},"inLanguage":"fr-FR","potentialAction":[{"@type":"ReadAction","target":["https:\/\/lavaberg.mda.pl\/fr\/"]}]},{"@type":"BreadcrumbList","@id":"https:\/\/lavaberg.mda.pl\/fr\/#breadcrumb","itemListElement":[{"@type":"ListItem","position":1,"name":"Home","item":"https:\/\/lavaberg.mda.pl\/fr\/"},{"@type":"ListItem","position":2,"name":"Home Page"}]},{"@type":"WebSite","@id":"https:\/\/lavaberg.mda.pl\/fr\/#website","url":"https:\/\/lavaberg.mda.pl\/fr\/","name":"Lavaberg","description":"","potentialAction":[{"@type":"SearchAction","target":{"@type":"EntryPoint","urlTemplate":"https:\/\/lavaberg.mda.pl\/fr\/?s={search_term_string}"},"query-input":"required name=search_term_string"}],"inLanguage":"fr-FR"}]}},"_links":{"self":[{"href":"https:\/\/lavaberg.mda.pl\/fr\/wp-json\/wp\/v2\/pages\/308"}],"collection":[{"href":"https:\/\/lavaberg.mda.pl\/fr\/wp-json\/wp\/v2\/pages"}],"about":[{"href":"https:\/\/lavaberg.mda.pl\/fr\/wp-json\/wp\/v2\/types\/page"}],"author":[{"embeddable":true,"href":"https:\/\/lavaberg.mda.pl\/fr\/wp-json\/wp\/v2\/users\/1"}],"replies":[{"embeddable":true,"href":"https:\/\/lavaberg.mda.pl\/fr\/wp-json\/wp\/v2\/comments?post=308"}],"version-history":[{"count":3,"href":"https:\/\/lavaberg.mda.pl\/fr\/wp-json\/wp\/v2\/pages\/308\/revisions"}],"predecessor-version":[{"id":14194,"href":"https:\/\/lavaberg.mda.pl\/fr\/wp-json\/wp\/v2\/pages\/308\/revisions\/14194"}],"wp:featuredmedia":[{"embeddable":true,"href":"https:\/\/lavaberg.mda.pl\/fr\/wp-json\/wp\/v2\/media\/109"}],"wp:attachment":[{"href":"https:\/\/lavaberg.mda.pl\/fr\/wp-json\/wp\/v2\/media?parent=308"}],"curies":[{"name":"wp","href":"https:\/\/api.w.org\/{rel}","templated":true}]}}